{"id":34838,"date":"2026-04-05T22:05:23","date_gmt":"2026-04-05T22:05:23","guid":{"rendered":"https:\/\/lofimusic.com.es\/index.php\/producto\/b0glps8lwk_de\/"},"modified":"2026-04-05T22:05:23","modified_gmt":"2026-04-05T22:05:23","slug":"b0glps8lwk_de","status":"publish","type":"product","link":"https:\/\/lofimusic.com.es\/index.php\/producto\/b0glps8lwk_de\/","title":{"rendered":"B0GLPS8LWK_DE"},"content":{"rendered":"<p>&#8211; Unsere Bartstifte eignen sich ideal zum Gl\u00e4tten, Konturieren und vollst\u00e4ndigen Abdecken der Gesichtsbehaarung mit einem nat\u00fcrlichen Barteffekt, der die Kontur voller macht.<br \/>\n&#8211; Die spezielle wasserdichte Formel kann Schwei\u00df oder Feuchtigkeit beim Waschen Ihres Gesichts effektiv widerstehen, f\u00e4llt nicht leicht ab und beh\u00e4lt den ganzen Tag \u00fcber ein perfektes Make-up bei.<br \/>\n&#8211; Die schwarze Farbnummer ist genau auf verschiedene Bart- und Haarfarben abgestimmt, um sicherzustellen, dass der Make-up-Effekt nat\u00fcrlich und nicht abrupt ist und den zur\u00fcckhaltenden und eleganten Charme von M\u00e4nnern zeigt.<br \/>\n&#8211; Das ultraleichte, hochmoderne Design kann Bartlinien leicht umrei\u00dfen und die Bedienung ist einfach und reibungslos. Auch Anf\u00e4nger k\u00f6nnen schnell realistische und langanhaltende Pflegeeffekte erzielen.<br \/>\n&#8211; Der leichte Bartf\u00fcllstift und die Bartb\u00fcrste f\u00fcr M\u00e4nner sind in einer praktischen Verpackung kombiniert. Es ist ein ideales Geschenk f\u00fcr Freunde, Ehem\u00e4nner und andere M\u00e4nner, um Selbstvertrauen und Charme zu st\u00e4rken.<\/p>\n","protected":false},"excerpt":{"rendered":"<p>Werbung<br \/>\n1 St\u00fcCk Bartf\u00fcller Stift, 1 St\u00fcCk Bartb\u00fcrste, Beard Filler Pencil, Effektive Verbessern Gesichtshaar Bartstift f\u00fcr Schnurrbart &amp; Augenbrauen, Men Beard, Moustache, Eyebrows(Schwarz)<\/p>\n","protected":false},"featured_media":34837,"comment_status":"open","ping_status":"closed","template":"","meta":[],"product_cat":[15],"product_tag":[],"class_list":{"0":"post-34838","1":"product","2":"type-product","3":"status-publish","4":"has-post-thumbnail","6":"product_cat-sin-categorizar","7":"nodate","8":"item-wrap","10":"first","11":"instock","12":"shipping-taxable","13":"product-type-external"},"_links":{"self":[{"href":"https:\/\/lofimusic.com.es\/index.php\/wp-json\/wp\/v2\/product\/34838","targetHints":{"allow":["GET"]}}],"collection":[{"href":"https:\/\/lofimusic.com.es\/index.php\/wp-json\/wp\/v2\/product"}],"about":[{"href":"https:\/\/lofimusic.com.es\/index.php\/wp-json\/wp\/v2\/types\/product"}],"replies":[{"embeddable":true,"href":"https:\/\/lofimusic.com.es\/index.php\/wp-json\/wp\/v2\/comments?post=34838"}],"wp:featuredmedia":[{"embeddable":true,"href":"https:\/\/lofimusic.com.es\/index.php\/wp-json\/wp\/v2\/media\/34837"}],"wp:attachment":[{"href":"https:\/\/lofimusic.com.es\/index.php\/wp-json\/wp\/v2\/media?parent=34838"}],"wp:term":[{"taxonomy":"product_cat","embeddable":true,"href":"https:\/\/lofimusic.com.es\/index.php\/wp-json\/wp\/v2\/product_cat?post=34838"},{"taxonomy":"product_tag","embeddable":true,"href":"https:\/\/lofimusic.com.es\/index.php\/wp-json\/wp\/v2\/product_tag?post=34838"}],"curies":[{"name":"wp","href":"https:\/\/api.w.org\/{rel}","templated":true}]}}