{"id":34836,"date":"2026-04-05T22:05:15","date_gmt":"2026-04-05T22:05:15","guid":{"rendered":"https:\/\/lofimusic.com.es\/index.php\/producto\/b0f5ppbyb4_de\/"},"modified":"2026-04-05T22:05:15","modified_gmt":"2026-04-05T22:05:15","slug":"b0f5ppbyb4_de","status":"publish","type":"product","link":"https:\/\/lofimusic.com.es\/index.php\/producto\/b0f5ppbyb4_de\/","title":{"rendered":"B0F5PPBYB4_DE"},"content":{"rendered":"<p>&#8211; Das violette Zahnb\u00fcrstengel kann mit Hilfe seiner zarten Pinselspitze helfen, die t\u00e4glich gebildeten Flecken zu entfernen.<br \/>\n&#8211; Bei Verwendung eines einzigartigen violetten Gels k\u00f6nnen ungereinigte Bereiche leicht identifiziert werden, um sicherzustellen, dass alle Z\u00e4hne sauber sind.<br \/>\n&#8211; Es kann in wenigen einfachen Schritten verwendet werden, zuerst die Stiftabdeckung drehen, dann das Gel ausdr\u00fccken und auf die Zahnoberfl\u00e4che auftragen.<br \/>\n&#8211; Die Portabilit\u00e4tsfunktion macht es zu einer idealen Wahl f\u00fcr Sie, um Ihren Atem jederzeit und \u00fcberall zu erfrischen.<br \/>\n&#8211; Egal, ob es sich um Angestellte am Arbeitsplatz, Studenten auf dem Campus oder Vielreisende handelt, mit diesem Produkt k\u00f6nnen Sie problemlos Mundhygiene erreichen.<\/p>\n","protected":false},"excerpt":{"rendered":"<p>Werbung<br \/>\nZahnaufheller 3 St\u00fcck,Lila Teeth Whitening Pen, Bleichen von Verf\u00e4rbungen, Sanftes Gel f\u00fcr strahlendes L\u00e4cheln<\/p>\n","protected":false},"featured_media":34835,"comment_status":"open","ping_status":"closed","template":"","meta":[],"product_cat":[15],"product_tag":[],"class_list":{"0":"post-34836","1":"product","2":"type-product","3":"status-publish","4":"has-post-thumbnail","6":"product_cat-sin-categorizar","7":"nodate","8":"item-wrap","10":"first","11":"instock","12":"shipping-taxable","13":"product-type-external"},"_links":{"self":[{"href":"https:\/\/lofimusic.com.es\/index.php\/wp-json\/wp\/v2\/product\/34836","targetHints":{"allow":["GET"]}}],"collection":[{"href":"https:\/\/lofimusic.com.es\/index.php\/wp-json\/wp\/v2\/product"}],"about":[{"href":"https:\/\/lofimusic.com.es\/index.php\/wp-json\/wp\/v2\/types\/product"}],"replies":[{"embeddable":true,"href":"https:\/\/lofimusic.com.es\/index.php\/wp-json\/wp\/v2\/comments?post=34836"}],"wp:featuredmedia":[{"embeddable":true,"href":"https:\/\/lofimusic.com.es\/index.php\/wp-json\/wp\/v2\/media\/34835"}],"wp:attachment":[{"href":"https:\/\/lofimusic.com.es\/index.php\/wp-json\/wp\/v2\/media?parent=34836"}],"wp:term":[{"taxonomy":"product_cat","embeddable":true,"href":"https:\/\/lofimusic.com.es\/index.php\/wp-json\/wp\/v2\/product_cat?post=34836"},{"taxonomy":"product_tag","embeddable":true,"href":"https:\/\/lofimusic.com.es\/index.php\/wp-json\/wp\/v2\/product_tag?post=34836"}],"curies":[{"name":"wp","href":"https:\/\/api.w.org\/{rel}","templated":true}]}}