{"id":34834,"date":"2026-04-05T22:05:09","date_gmt":"2026-04-05T22:05:09","guid":{"rendered":"https:\/\/lofimusic.com.es\/index.php\/producto\/b0gl8318d4_de\/"},"modified":"2026-04-05T22:05:09","modified_gmt":"2026-04-05T22:05:09","slug":"b0gl8318d4_de","status":"publish","type":"product","link":"https:\/\/lofimusic.com.es\/index.php\/producto\/b0gl8318d4_de\/","title":{"rendered":"B0GL8318D4_DE"},"content":{"rendered":"<p>&#8211; Silikon-Hautpflaster verbessern das Hautbild effektiv, indem sie die Hautoberfl\u00e4che gl\u00e4tten, den Hautton ausgleichen und die Haut sich glatter anf\u00fchlen lassen.<br \/>\n&#8211; Dieses Tape besteht aus einer weichen, hautfreundlichen Silikonfolie und l\u00e4sst die Haut nat\u00fcrlich atmen. Es ist wasserfest und schwei\u00dfresistent und haftet sicher beim Sport, Schwimmen und bei allt\u00e4glichen Aktivit\u00e4ten.<br \/>\n&#8211; Das ultrad\u00fcnne Design sorgt daf\u00fcr, dass sich das Pflaster nahtlos an die meisten Hautt\u00f6ne anpasst. Es kann diskret unter der Kleidung getragen werden, egal ob unter leichter Sommerkleidung oder eng anliegenden Kleidungsst\u00fccken.<br \/>\n&#8211; Anpassbar an die meisten K\u00f6rperbereiche. Kann je nach Bedarf leicht auf jede Form und Gr\u00f6\u00dfe zugeschnitten werden und passt sich den K\u00f6rperkonturen f\u00fcr eine individuelle Anwendung an.<br \/>\n&#8211; Es ist bequem zu transportieren, sodass es rund um die Uhr verwendet werden kann, und l\u00e4sst sich m\u00fchelos in den Alltag integrieren. Hinterl\u00e4sst beim Entfernen keine R\u00fcckst\u00e4nde und ist somit die ideale L\u00f6sung f\u00fcr alle, die sich eine glattere Haut w\u00fcnschen.<\/p>\n","protected":false},"excerpt":{"rendered":"<p>Werbung<br \/>\n4cm*150cm Hochwertiges Silikonpflaster, Sanftes Silikon Hautpflaster, Vielseitiges Silikon Hautband, Atmungsaktiv Und Hautschonend, F\u00fcr Eine Verbesserte Hauttextur, Eine Glattere Hautoberfl\u00e4che<\/p>\n","protected":false},"featured_media":34833,"comment_status":"open","ping_status":"closed","template":"","meta":[],"product_cat":[15],"product_tag":[],"class_list":{"0":"post-34834","1":"product","2":"type-product","3":"status-publish","4":"has-post-thumbnail","6":"product_cat-sin-categorizar","7":"nodate","8":"item-wrap","10":"first","11":"instock","12":"shipping-taxable","13":"product-type-external"},"_links":{"self":[{"href":"https:\/\/lofimusic.com.es\/index.php\/wp-json\/wp\/v2\/product\/34834","targetHints":{"allow":["GET"]}}],"collection":[{"href":"https:\/\/lofimusic.com.es\/index.php\/wp-json\/wp\/v2\/product"}],"about":[{"href":"https:\/\/lofimusic.com.es\/index.php\/wp-json\/wp\/v2\/types\/product"}],"replies":[{"embeddable":true,"href":"https:\/\/lofimusic.com.es\/index.php\/wp-json\/wp\/v2\/comments?post=34834"}],"wp:featuredmedia":[{"embeddable":true,"href":"https:\/\/lofimusic.com.es\/index.php\/wp-json\/wp\/v2\/media\/34833"}],"wp:attachment":[{"href":"https:\/\/lofimusic.com.es\/index.php\/wp-json\/wp\/v2\/media?parent=34834"}],"wp:term":[{"taxonomy":"product_cat","embeddable":true,"href":"https:\/\/lofimusic.com.es\/index.php\/wp-json\/wp\/v2\/product_cat?post=34834"},{"taxonomy":"product_tag","embeddable":true,"href":"https:\/\/lofimusic.com.es\/index.php\/wp-json\/wp\/v2\/product_tag?post=34834"}],"curies":[{"name":"wp","href":"https:\/\/api.w.org\/{rel}","templated":true}]}}