{"id":348,"date":"2024-09-13T18:24:05","date_gmt":"2024-09-13T18:24:05","guid":{"rendered":"https:\/\/lofimusic.com.es\/index.php\/producto\/b0cwp8btzr_de\/"},"modified":"2024-09-13T18:24:05","modified_gmt":"2024-09-13T18:24:05","slug":"b0cwp8btzr_de","status":"publish","type":"product","link":"https:\/\/lofimusic.com.es\/index.php\/producto\/b0cwp8btzr_de\/","title":{"rendered":"B0CWP8BTZR_DE"},"content":{"rendered":"<p>&#8211; \u30103W Solarpanel\u3011Dieser Solarbrunnen ist mit einem hochwertigen 3W Solarpanel ausgestattet. Stellen Sie den Brunnen einfach in das Wasser und sobald das Solarpanel direktem Sonnenlicht ausgesetzt ist, wird der Brunnen automatisch innerhalb von 3 Sekunden starten. Die Pumpe wird auch bei geringer Sonneneinstrahlung weiterarbeiten.<br \/>\n&#8211; \u3010Eingebaute 1200 mAh Batterie\u3011Solarbrunnen-Wasserpumpe mit eingebauter Batterie kann automatisch Solarenergie speichern, wenn es genug Sonnenlicht gibt, und kann sich auf die Batterie verlassen, um in der Nacht weiter zu arbeiten, wenn es kein Sonnenlicht gibt, so dass Sie die Brunnenansicht jederzeit genie\u00dfen k\u00f6nnen.<br \/>\n&#8211; \u30106 VERSCHIEDENE D\u00dcSEN-TYPEN\u3011Der Solarbrunnen ist mit 6 verschiedenen D\u00fcsen ausgestattet, um Ihre unterschiedlichen Anforderungen an Strahlh\u00f6he oder Strahlform zu erf\u00fcllen. Sie k\u00f6nnen die D\u00fcse leicht \u00e4ndern, um die gew\u00fcnschte Spr\u00fchform zu erhalten und die H\u00f6he durch \u00c4ndern der D\u00fcse anzupassen, um ein \u00dcberlaufen des Wasserbeckens zu vermeiden.<br \/>\n&#8211; \u3010Geeignet f\u00fcr viele Szenarien\u3011Diese Solar-Wasserpumpe ist perfekt f\u00fcr G\u00e4rten, Vogelb\u00e4der, Pools, Aquarien, kleine Teiche, Wasserzirkulation f\u00fcr die Sauerstoffversorgung. Die Solar-Wasserpumpe dekoriert Ihren Garten so interessant. Ihr Garten wird sicherlich die Aufmerksamkeit der Passanten auf sich ziehen.<br \/>\n&#8211; \u3010Hilfreiche Tipps\u3011\u2460Eine Blattschattierung eines Panels verhindert, dass es funktioniert. \u2461Sie sollten die Pumpe regelm\u00e4\u00dfig reinigen, um zu verhindern, dass die Pumpe mit Staub verstopft.\u2462Der Solarbrunnen verf\u00fcgt \u00fcber ein Wassermangel-Schutzsystem, er stoppt bei Wassermangel und hat eine lange Lebensdauer.<\/p>\n","protected":false},"excerpt":{"rendered":"<p>Werbung<br \/>\nAMZtime 3W Solar Springbrunnen f\u00fcr Au\u00dfen,Teichpumpe Solar mit 1200 mAh Batterie Solarbrunnen f\u00fcr Draussen mit 6 Font\u00e4nenstile,Solarbrunnen f\u00fcr Gartenteich Vogel-Bad Fisch-Beh\u00e4lter<\/p>\n","protected":false},"featured_media":347,"comment_status":"open","ping_status":"closed","template":"","meta":[],"product_cat":[15],"product_tag":[],"class_list":{"0":"post-348","1":"product","2":"type-product","3":"status-publish","4":"has-post-thumbnail","6":"product_cat-sin-categorizar","7":"nodate","8":"item-wrap","10":"first","11":"instock","12":"shipping-taxable","13":"product-type-external"},"_links":{"self":[{"href":"https:\/\/lofimusic.com.es\/index.php\/wp-json\/wp\/v2\/product\/348","targetHints":{"allow":["GET"]}}],"collection":[{"href":"https:\/\/lofimusic.com.es\/index.php\/wp-json\/wp\/v2\/product"}],"about":[{"href":"https:\/\/lofimusic.com.es\/index.php\/wp-json\/wp\/v2\/types\/product"}],"replies":[{"embeddable":true,"href":"https:\/\/lofimusic.com.es\/index.php\/wp-json\/wp\/v2\/comments?post=348"}],"wp:featuredmedia":[{"embeddable":true,"href":"https:\/\/lofimusic.com.es\/index.php\/wp-json\/wp\/v2\/media\/347"}],"wp:attachment":[{"href":"https:\/\/lofimusic.com.es\/index.php\/wp-json\/wp\/v2\/media?parent=348"}],"wp:term":[{"taxonomy":"product_cat","embeddable":true,"href":"https:\/\/lofimusic.com.es\/index.php\/wp-json\/wp\/v2\/product_cat?post=348"},{"taxonomy":"product_tag","embeddable":true,"href":"https:\/\/lofimusic.com.es\/index.php\/wp-json\/wp\/v2\/product_tag?post=348"}],"curies":[{"name":"wp","href":"https:\/\/api.w.org\/{rel}","templated":true}]}}