{"id":34451,"date":"2026-03-27T11:58:32","date_gmt":"2026-03-27T11:58:32","guid":{"rendered":"https:\/\/lofimusic.com.es\/index.php\/producto\/b0gsvmwb4x_fr\/"},"modified":"2026-03-27T11:58:32","modified_gmt":"2026-03-27T11:58:32","slug":"b0gsvmwb4x_fr","status":"publish","type":"product","link":"https:\/\/lofimusic.com.es\/index.php\/producto\/b0gsvmwb4x_fr\/","title":{"rendered":"B0GSVMWB4X_FR"},"content":{"rendered":"<p>&#8211; Kabel kopfh\u00f6rer, In-Ear Kopfh\u00f6rer<br \/>\n&#8211; Kabel kopfh\u00f6rer, In-Ear Kopfh\u00f6rer<br \/>\n&#8211; Kabel kopfh\u00f6rer, In-Ear Kopfh\u00f6rer<br \/>\n&#8211; Kabel kopfh\u00f6rer, In-Ear Kopfh\u00f6rer<br \/>\n&#8211; Kabel kopfh\u00f6rer, In-Ear Kopfh\u00f6rer<\/p>\n","protected":false},"excerpt":{"rendered":"<p>publicit\u00e9Airere Kabel kopfh\u00f6rer, in-Ear Kopfh\u00f6rer mit Mikrofon Lautst\u00e4rkeregler und HiFi Audio Stereo<\/p>\n","protected":false},"featured_media":34450,"comment_status":"open","ping_status":"closed","template":"","meta":[],"product_cat":[15],"product_tag":[],"class_list":{"0":"post-34451","1":"product","2":"type-product","3":"status-publish","4":"has-post-thumbnail","6":"product_cat-sin-categorizar","7":"nodate","8":"item-wrap","10":"first","11":"instock","12":"shipping-taxable","13":"product-type-external"},"_links":{"self":[{"href":"https:\/\/lofimusic.com.es\/index.php\/wp-json\/wp\/v2\/product\/34451","targetHints":{"allow":["GET"]}}],"collection":[{"href":"https:\/\/lofimusic.com.es\/index.php\/wp-json\/wp\/v2\/product"}],"about":[{"href":"https:\/\/lofimusic.com.es\/index.php\/wp-json\/wp\/v2\/types\/product"}],"replies":[{"embeddable":true,"href":"https:\/\/lofimusic.com.es\/index.php\/wp-json\/wp\/v2\/comments?post=34451"}],"wp:featuredmedia":[{"embeddable":true,"href":"https:\/\/lofimusic.com.es\/index.php\/wp-json\/wp\/v2\/media\/34450"}],"wp:attachment":[{"href":"https:\/\/lofimusic.com.es\/index.php\/wp-json\/wp\/v2\/media?parent=34451"}],"wp:term":[{"taxonomy":"product_cat","embeddable":true,"href":"https:\/\/lofimusic.com.es\/index.php\/wp-json\/wp\/v2\/product_cat?post=34451"},{"taxonomy":"product_tag","embeddable":true,"href":"https:\/\/lofimusic.com.es\/index.php\/wp-json\/wp\/v2\/product_tag?post=34451"}],"curies":[{"name":"wp","href":"https:\/\/api.w.org\/{rel}","templated":true}]}}