{"id":343,"date":"2024-09-13T18:21:04","date_gmt":"2024-09-13T18:21:04","guid":{"rendered":"https:\/\/lofimusic.com.es\/index.php\/producto\/b0d2cyf9yl_fr\/"},"modified":"2024-09-13T18:21:04","modified_gmt":"2024-09-13T18:21:04","slug":"b0d2cyf9yl_fr","status":"publish","type":"product","link":"https:\/\/lofimusic.com.es\/index.php\/producto\/b0d2cyf9yl_fr\/","title":{"rendered":"B0D2CYF9YL_FR"},"content":{"rendered":"<p>&#8211; \u3010Tiroir Coulissant\u3011Le meuble pour bac \u00e0 liti\u00e8re pour chat comprend un tiroir unique avec des rails coulissants lisses et des roulettes, offrant un acc\u00e8s facile pour ramasser la liti\u00e8re et nettoyer l&#8217;int\u00e9rieur. En outre, il est con\u00e7u avec une porte rabattable avec charni\u00e8res et poign\u00e9es pratiques qui sont faciles \u00e0 ouvrir et \u00e0 fermer.<br \/>\n&#8211; \u3010Assurer l&#8217;Intimit\u00e9\u3011L&#8217;enclos cach\u00e9 du bac \u00e0 liti\u00e8re pour chat peut \u00eatre un endroit parfait pour qu\u2019ils puissent faire leurs besoins et leur permettre de trouver un sentiment de s\u00e9curit\u00e9. De plus, cela peut aussi \u00eatre une bonne solution pour \u00e9viter que les d\u00e9chets ne soient dispers\u00e9s partout et de r\u00e9duire les odeurs d\u00e9sagr\u00e9ables.<br \/>\n&#8211; \u3010Entr\u00e9e Sinueuse et Bonne Ventilation\u3011Le meuble pour chat en bois est con\u00e7u avec une entr\u00e9e sinueuse avec un rebord lisse, leur permettant d\u2019aller et venir tout en ajoutant plus de plaisir. De plus, il y a 2 trous d&#8217;a\u00e9ration pour garder une bonne ventilation \u00e0 l\u2019int\u00e9rieur.<br \/>\n&#8211; \u3010Conception Polyvalente\u3011Le meuble polyvalent pour chat peut non seulement \u00eatre utilis\u00e9 comme bac \u00e0 liti\u00e8re, mais \u00e9galement comme armoire lat\u00e9rale. De plus, avec ses grains de bois exquis et ses couleurs harmonieuses, il peut parfaitement se fondre dans n&#8217;importe quelle d\u00e9coration d\u2019int\u00e9rieur.<br \/>\n&#8211; \u3010Espace de Rangement Suffisant\u3011Ce meuble est con\u00e7u avec un grand plateau avec des rebords pour garder vos n\u00e9cessit\u00e9s quotidiennes organis\u00e9es, et un crochet de suspension lat\u00e9ral pour garder votre pelle \u00e0 liti\u00e8re \u00e0 port\u00e9e de main. Remarque : veuillez mesurer la taille de votre bac \u00e0 liti\u00e8re avant l&#8217;achat.<\/p>\n","protected":false},"excerpt":{"rendered":"<p>publicit\u00e9<br \/>\nCOSTWAY Meuble Litiere Chat en Bois, Meuble Cache Litiere 3 en 1, Tiroir Coulissant, Porte Rabattable, Crochet Lat\u00e9ral, Maison de Toilette Chat Industriel, 2 Trous Ventil\u00e9s, 78 \u00d7 50 \u00d7 51.5 cm<\/p>\n","protected":false},"featured_media":342,"comment_status":"open","ping_status":"closed","template":"","meta":[],"product_cat":[15],"product_tag":[],"class_list":{"0":"post-343","1":"product","2":"type-product","3":"status-publish","4":"has-post-thumbnail","6":"product_cat-sin-categorizar","7":"nodate","8":"item-wrap","10":"first","11":"instock","12":"shipping-taxable","13":"product-type-external"},"_links":{"self":[{"href":"https:\/\/lofimusic.com.es\/index.php\/wp-json\/wp\/v2\/product\/343","targetHints":{"allow":["GET"]}}],"collection":[{"href":"https:\/\/lofimusic.com.es\/index.php\/wp-json\/wp\/v2\/product"}],"about":[{"href":"https:\/\/lofimusic.com.es\/index.php\/wp-json\/wp\/v2\/types\/product"}],"replies":[{"embeddable":true,"href":"https:\/\/lofimusic.com.es\/index.php\/wp-json\/wp\/v2\/comments?post=343"}],"wp:featuredmedia":[{"embeddable":true,"href":"https:\/\/lofimusic.com.es\/index.php\/wp-json\/wp\/v2\/media\/342"}],"wp:attachment":[{"href":"https:\/\/lofimusic.com.es\/index.php\/wp-json\/wp\/v2\/media?parent=343"}],"wp:term":[{"taxonomy":"product_cat","embeddable":true,"href":"https:\/\/lofimusic.com.es\/index.php\/wp-json\/wp\/v2\/product_cat?post=343"},{"taxonomy":"product_tag","embeddable":true,"href":"https:\/\/lofimusic.com.es\/index.php\/wp-json\/wp\/v2\/product_tag?post=343"}],"curies":[{"name":"wp","href":"https:\/\/api.w.org\/{rel}","templated":true}]}}