{"id":339,"date":"2024-09-13T18:18:03","date_gmt":"2024-09-13T18:18:03","guid":{"rendered":"https:\/\/lofimusic.com.es\/index.php\/producto\/b0d6bkygwv_it\/"},"modified":"2024-09-13T18:18:03","modified_gmt":"2024-09-13T18:18:03","slug":"b0d6bkygwv_it","status":"publish","type":"product","link":"https:\/\/lofimusic.com.es\/index.php\/producto\/b0d6bkygwv_it\/","title":{"rendered":"B0D6BKYGWV_IT"},"content":{"rendered":"<p>&#8211; [ 4000V Alta Tensione &amp; Efficace ] Godetevi il controllo dei parassiti di livello commerciale con la lampada elettrica per zanzare ad alta tensione abbinata a un&#8217;ampia area di contatto di 7,87 * 11,4 pollici. Altrettanto efficace contro i grandi insetti volanti, protegge la vostra casa da grandi insetti volanti e spaventa. Collegare il cavo USB C per proteggere l&#8217;ambiente dalle infestazioni.<br \/>\n&#8211; [ Killer fisico per zanzare ] 2 * lampade UV a LED con lunghezza d&#8217;onda UV di 360-400nm, attira insetti come zanzare, mosche e vespe ad alto livello. Alternativa agli insetticidi chimici presenti sul mercato, senza rischi di sostanze tossiche e odori, pi\u00f9 sicura per anziani e bambini in casa, pi\u00f9 sicura per l&#8217;ambiente e pi\u00f9 rispettosa dell&#8217;ambiente.<br \/>\n&#8211; [ Facile da Pulire ] Sul fondo della lampada per zanzare c&#8217;\u00e8 una lavagna bianca per raccogliere i corpi delle zanzare, basta estrarre la lavagna per sciacquarla, la rete di protezione su entrambi i lati pu\u00f2 essere rimossa per facilitare la pulizia della rete metallica interna, ricordarsi di scollegare l&#8217;alimentazione prima di pulirla.<br \/>\n&#8211; [ Sicurezza ] Entrambi i lati sono in rete metallica non elettrificata, impedendo lesioni da scosse elettriche da contatto accidentale durante l&#8217;uso, mantenendo i vostri bambini e animali domestici lontano dal pericolo.La lampada zanzariera USB C \u00e8 pi\u00f9 sicura di altre lampade anti-insetto sul mercato, e questo alimentatore \u00e8 pi\u00f9 efficiente dal punto di vista energetico, pu\u00f2 essere collegato a un alimentatore mobile, il che rende molto conveniente usarlo in movimento.<br \/>\n&#8211; [Sospensibile &amp; Basso rumore] La lampada antizanzare non solo pu\u00f2 stare in piedi, ma anche essere appesa in qualsiasi angolo, in quanto \u00e8 dotata di catena metallica ispessita, che pu\u00f2 essere utilizzata in una variet\u00e0 di occasioni, come cortile, camera da letto, cucina, grondaia. Controlla efficacemente zanzare e insetti con un basso livello di rumore, in modo da poter dormire e studiare in tutta tranquillit\u00e0 con un basso livello di decibel.<\/p>\n","protected":false},"excerpt":{"rendered":"<p>pubblicit\u00e0<br \/>\nPALONE USB C Lampada Antizanzare 4000V, Zanzariera Elettrica, 2 X UV LED Lampada Zanzare | Protezione al Tatto | Sospensibile | con Vassoio| per Interno &#8211; Medio<\/p>\n","protected":false},"featured_media":338,"comment_status":"open","ping_status":"closed","template":"","meta":[],"product_cat":[15],"product_tag":[],"class_list":{"0":"post-339","1":"product","2":"type-product","3":"status-publish","4":"has-post-thumbnail","6":"product_cat-sin-categorizar","7":"nodate","8":"item-wrap","10":"first","11":"instock","12":"shipping-taxable","13":"product-type-external"},"_links":{"self":[{"href":"https:\/\/lofimusic.com.es\/index.php\/wp-json\/wp\/v2\/product\/339","targetHints":{"allow":["GET"]}}],"collection":[{"href":"https:\/\/lofimusic.com.es\/index.php\/wp-json\/wp\/v2\/product"}],"about":[{"href":"https:\/\/lofimusic.com.es\/index.php\/wp-json\/wp\/v2\/types\/product"}],"replies":[{"embeddable":true,"href":"https:\/\/lofimusic.com.es\/index.php\/wp-json\/wp\/v2\/comments?post=339"}],"wp:featuredmedia":[{"embeddable":true,"href":"https:\/\/lofimusic.com.es\/index.php\/wp-json\/wp\/v2\/media\/338"}],"wp:attachment":[{"href":"https:\/\/lofimusic.com.es\/index.php\/wp-json\/wp\/v2\/media?parent=339"}],"wp:term":[{"taxonomy":"product_cat","embeddable":true,"href":"https:\/\/lofimusic.com.es\/index.php\/wp-json\/wp\/v2\/product_cat?post=339"},{"taxonomy":"product_tag","embeddable":true,"href":"https:\/\/lofimusic.com.es\/index.php\/wp-json\/wp\/v2\/product_tag?post=339"}],"curies":[{"name":"wp","href":"https:\/\/api.w.org\/{rel}","templated":true}]}}