{"id":337,"date":"2024-09-13T18:17:03","date_gmt":"2024-09-13T18:17:03","guid":{"rendered":"https:\/\/lofimusic.com.es\/index.php\/producto\/b0cmznd1mf_fr\/"},"modified":"2024-09-13T18:17:03","modified_gmt":"2024-09-13T18:17:03","slug":"b0cmznd1mf_fr","status":"publish","type":"product","link":"https:\/\/lofimusic.com.es\/index.php\/producto\/b0cmznd1mf_fr\/","title":{"rendered":"B0CMZND1MF_FR"},"content":{"rendered":"<p>&#8211; \u30102 Hauteurs r\u00e9glables:\u3011Optimisez votre espace de travail gr\u00e2ce au r\u00e9glage de la hauteur \u00e0 2 positions de notre tableau blanc flexible (151 cm \/ 178 cm). Offrant une exp\u00e9rience d&#8217;\u00e9criture polyvalente pour les adultes et les enfants, vous pouvez trouver la hauteur adapt\u00e9e \u00e0 vos pr\u00e9f\u00e9rences.<br \/>\n&#8211; \u3010Ensemble complet d&#8217;accessoires :\u3011Avec chaque pi\u00e8ce num\u00e9rot\u00e9e et un manuel d&#8217;instructions complet, l&#8217;assemblage de notre tableau blanc est facile. Les accessoires inclus 6 marqueurs noirs, 1 tampon effaceur, 12 aimants et 2 outils d&#8217;installation.<br \/>\n&#8211; \u3010Espace d&#8217;\u00e9criture suppl\u00e9mentaire : \u3011D\u00e9couvrez la commodit\u00e9 de notre tableau blanc r\u00e9versible. Vous pouvez facilement retourner de l&#8217;autre c\u00f4t\u00e9 pour obtenir un espace d&#8217;\u00e9criture suppl\u00e9mentaire, tandis que le bouton de verrouillage assure la stabilit\u00e9 pendant l&#8217;\u00e9criture.<br \/>\n&#8211; \u3010Construction robuste:\u3011Fabriqu\u00e9 \u00e0 partir d&#8217;aluminium de haute qualit\u00e9, notre tableau blanc r\u00e9versible dispose d&#8217;un cadre et d&#8217;un support solides, compl\u00e9t\u00e9s par un panneau laqu\u00e9 antirouille et un film de protection ABS robuste, garantissant une durabilit\u00e9 \u00e0 long terme.<br \/>\n&#8211; \u3010Mobilit\u00e9 facile :\u3011 Gr\u00e2ce aux 4 roues universelles, notre tableau blanc roulant offre une libert\u00e9 de mouvement sans effort vers n&#8217;importe quel endroit. Les freins int\u00e9gr\u00e9s vous permettent de le verrouiller en place pour un cours ou une r\u00e9union ininterrompu.<\/p>\n","protected":false},"excerpt":{"rendered":"<p>publicit\u00e9<br \/>\nCOSTWAY Tableau Blanc Magn\u00e9tique Double Face, 60 x 90 cm, Tableau Blanc sur Pieds Effa\u00e7able \u00e0 Sec, Hauteur R\u00e9glable sur 2 Positions, 4 Roulettes, pour \u00c9cole, Maison, Bureau (Noir)<\/p>\n","protected":false},"featured_media":336,"comment_status":"open","ping_status":"closed","template":"","meta":[],"product_cat":[15],"product_tag":[],"class_list":{"0":"post-337","1":"product","2":"type-product","3":"status-publish","4":"has-post-thumbnail","6":"product_cat-sin-categorizar","7":"nodate","8":"item-wrap","10":"first","11":"instock","12":"shipping-taxable","13":"product-type-external"},"_links":{"self":[{"href":"https:\/\/lofimusic.com.es\/index.php\/wp-json\/wp\/v2\/product\/337","targetHints":{"allow":["GET"]}}],"collection":[{"href":"https:\/\/lofimusic.com.es\/index.php\/wp-json\/wp\/v2\/product"}],"about":[{"href":"https:\/\/lofimusic.com.es\/index.php\/wp-json\/wp\/v2\/types\/product"}],"replies":[{"embeddable":true,"href":"https:\/\/lofimusic.com.es\/index.php\/wp-json\/wp\/v2\/comments?post=337"}],"wp:featuredmedia":[{"embeddable":true,"href":"https:\/\/lofimusic.com.es\/index.php\/wp-json\/wp\/v2\/media\/336"}],"wp:attachment":[{"href":"https:\/\/lofimusic.com.es\/index.php\/wp-json\/wp\/v2\/media?parent=337"}],"wp:term":[{"taxonomy":"product_cat","embeddable":true,"href":"https:\/\/lofimusic.com.es\/index.php\/wp-json\/wp\/v2\/product_cat?post=337"},{"taxonomy":"product_tag","embeddable":true,"href":"https:\/\/lofimusic.com.es\/index.php\/wp-json\/wp\/v2\/product_tag?post=337"}],"curies":[{"name":"wp","href":"https:\/\/api.w.org\/{rel}","templated":true}]}}