{"id":333,"date":"2024-09-13T18:14:03","date_gmt":"2024-09-13T18:14:03","guid":{"rendered":"https:\/\/lofimusic.com.es\/index.php\/producto\/b0cy5c65lt_de\/"},"modified":"2024-09-13T18:14:03","modified_gmt":"2024-09-13T18:14:03","slug":"b0cy5c65lt_de","status":"publish","type":"product","link":"https:\/\/lofimusic.com.es\/index.php\/producto\/b0cy5c65lt_de\/","title":{"rendered":"B0CY5C65LT_DE"},"content":{"rendered":"","protected":false},"excerpt":{"rendered":"<p>Werbung<br \/>\nAISITIN DIY Solar Springbrunnen,7W Upgrade Solar Teichpumpe mit 1.5m Wasserleitung und Feste Pf\u00e4hle Solarbrunnen mit 19 Font\u00e4nenstile Solar Wasserpumpe f\u00fcr Garten,DIY-Wasserspiel<\/p>\n","protected":false},"featured_media":332,"comment_status":"open","ping_status":"closed","template":"","meta":[],"product_cat":[15],"product_tag":[],"class_list":{"0":"post-333","1":"product","2":"type-product","3":"status-publish","4":"has-post-thumbnail","6":"product_cat-sin-categorizar","7":"nodate","8":"item-wrap","10":"first","11":"instock","12":"shipping-taxable","13":"product-type-external"},"_links":{"self":[{"href":"https:\/\/lofimusic.com.es\/index.php\/wp-json\/wp\/v2\/product\/333","targetHints":{"allow":["GET"]}}],"collection":[{"href":"https:\/\/lofimusic.com.es\/index.php\/wp-json\/wp\/v2\/product"}],"about":[{"href":"https:\/\/lofimusic.com.es\/index.php\/wp-json\/wp\/v2\/types\/product"}],"replies":[{"embeddable":true,"href":"https:\/\/lofimusic.com.es\/index.php\/wp-json\/wp\/v2\/comments?post=333"}],"wp:featuredmedia":[{"embeddable":true,"href":"https:\/\/lofimusic.com.es\/index.php\/wp-json\/wp\/v2\/media\/332"}],"wp:attachment":[{"href":"https:\/\/lofimusic.com.es\/index.php\/wp-json\/wp\/v2\/media?parent=333"}],"wp:term":[{"taxonomy":"product_cat","embeddable":true,"href":"https:\/\/lofimusic.com.es\/index.php\/wp-json\/wp\/v2\/product_cat?post=333"},{"taxonomy":"product_tag","embeddable":true,"href":"https:\/\/lofimusic.com.es\/index.php\/wp-json\/wp\/v2\/product_tag?post=333"}],"curies":[{"name":"wp","href":"https:\/\/api.w.org\/{rel}","templated":true}]}}