{"id":327,"date":"2024-09-13T18:09:06","date_gmt":"2024-09-13T18:09:06","guid":{"rendered":"https:\/\/lofimusic.com.es\/index.php\/producto\/b0ccxhlnd2_de\/"},"modified":"2024-09-13T18:09:06","modified_gmt":"2024-09-13T18:09:06","slug":"b0ccxhlnd2_de","status":"publish","type":"product","link":"https:\/\/lofimusic.com.es\/index.php\/producto\/b0ccxhlnd2_de\/","title":{"rendered":"B0CCXHLND2_DE"},"content":{"rendered":"<p>&#8211; \u3010Solar-Brunnen Pumpe\u3011Es wird komplett mit Solarenergie gesteuert, ben\u00f6tigt weder Batterie noch Strom. Keine Batterie darin, eine wirklich umweltfreundliche Solarpumpe.Platzieren Sie einfach die Solar-Font\u00e4nenpumpe in das Wasser und die Pumpe arbeitet automatisch in 3 Sekunden, sobald sie ausreichendem Sonnenlicht ausgesetzt ist.<br \/>\n&#8211; \u30106 verschiedene D\u00fcsentypen\u3011Sie k\u00f6nnen die D\u00fcsen problemlos austauschen. Die 6 verschiedenen D\u00fcsen k\u00f6nnen Ihre unterschiedlichen Anforderungen an Spr\u00fchh\u00f6he oder Spr\u00fchform erf\u00fcllen, um nicht aus dem Wasserbecken zu spritzen.<br \/>\n&#8211; \u3010Einfach zu bedienen\u3011Ohne komplizierte Installation und Wartung k\u00f6nnen Sie ein interessantes Gartenleben genie\u00dfen.<br \/>\n&#8211; \u3010 Aktualisiertes Material\u3011 Solarpaneele heben sich durch hohe Qualit\u00e4t und ausgezeichnete Haltbarkeit vom Markt ab, da sich besser an raue Umgebungen anpassen k\u00f6nnen. Es ist nicht leicht zu brechen, was Ihnen eine lange Lebensdauer garantiert.<br \/>\n&#8211; \u3010Mehrfachnutzung\u3011 Sehr gut geeignet f\u00fcr Vogelb\u00e4der, kleine Teiche, Schwimmb\u00e4der, Aquarien, Gartendekoration und zirkulierendes Sauerstoffwasser, um Ihnen ein gl\u00fcckliches und interessantes Gartenleben zu erm\u00f6glichen.<\/p>\n","protected":false},"excerpt":{"rendered":"<p>Werbung<br \/>\nAISITIN Solarbrunnen f\u00fcr Draussen, Solar Springbrunnen f\u00fcr Au\u00dfen mit 4 St\u00fctzstangen, Teichpumpe Outdoor Wasserpumpe, Schwimmender Font\u00e4ne Pumpe mit 6 Effekte f\u00fcr Garten<\/p>\n","protected":false},"featured_media":326,"comment_status":"open","ping_status":"closed","template":"","meta":[],"product_cat":[15],"product_tag":[],"class_list":{"0":"post-327","1":"product","2":"type-product","3":"status-publish","4":"has-post-thumbnail","6":"product_cat-sin-categorizar","7":"nodate","8":"item-wrap","10":"first","11":"instock","12":"shipping-taxable","13":"product-type-external"},"_links":{"self":[{"href":"https:\/\/lofimusic.com.es\/index.php\/wp-json\/wp\/v2\/product\/327","targetHints":{"allow":["GET"]}}],"collection":[{"href":"https:\/\/lofimusic.com.es\/index.php\/wp-json\/wp\/v2\/product"}],"about":[{"href":"https:\/\/lofimusic.com.es\/index.php\/wp-json\/wp\/v2\/types\/product"}],"replies":[{"embeddable":true,"href":"https:\/\/lofimusic.com.es\/index.php\/wp-json\/wp\/v2\/comments?post=327"}],"wp:featuredmedia":[{"embeddable":true,"href":"https:\/\/lofimusic.com.es\/index.php\/wp-json\/wp\/v2\/media\/326"}],"wp:attachment":[{"href":"https:\/\/lofimusic.com.es\/index.php\/wp-json\/wp\/v2\/media?parent=327"}],"wp:term":[{"taxonomy":"product_cat","embeddable":true,"href":"https:\/\/lofimusic.com.es\/index.php\/wp-json\/wp\/v2\/product_cat?post=327"},{"taxonomy":"product_tag","embeddable":true,"href":"https:\/\/lofimusic.com.es\/index.php\/wp-json\/wp\/v2\/product_tag?post=327"}],"curies":[{"name":"wp","href":"https:\/\/api.w.org\/{rel}","templated":true}]}}