{"id":325,"date":"2024-09-13T18:09:05","date_gmt":"2024-09-13T18:09:05","guid":{"rendered":"https:\/\/lofimusic.com.es\/index.php\/producto\/b0d6ypj2pl_fr\/"},"modified":"2024-09-13T18:09:05","modified_gmt":"2024-09-13T18:09:05","slug":"b0d6ypj2pl_fr","status":"publish","type":"product","link":"https:\/\/lofimusic.com.es\/index.php\/producto\/b0d6ypj2pl_fr\/","title":{"rendered":"B0D6YPJ2PL_FR"},"content":{"rendered":"<p>&#8211; R\u00e9solution Full HD 1080P: Cette 1080P full hd mini cam\u00e9ra espion en les fait pr\u00e9senter des images plus claires. La fonction d&#8217;image claire de notre camera interieur wifi sans fil vous impressionnera s\u00fbrement pour votre maison ou votre bureau<br \/>\n&#8211; Vision Nocturne HD Am\u00e9lior\u00e9e: La cam\u00e9ra wifi m\u00eame dans un environnement compl\u00e8tement sombre, vous pouvez voir toute la pi\u00e8ce. Syst\u00e8me infrarouge int\u00e9gr\u00e9, passe automatiquement \u00e0 la vision nocturne dans des conditions sombres<br \/>\n&#8211; Alarme de D\u00e9tection de Mouvement: Lorsque cette mini cam\u00e9ra d\u00e9tecte quelqu\u2019un en mouvement, il aura une vid\u00e9o d\u2019alarme de mouvement et vous poussera une notification d\u2019alarme d\u00e8s que possible, donc vous conna\u00eetrez la situation anormale dans 0,5 secondes<br \/>\n&#8211; Mini Cam\u00e9ra L\u00e9g\u00e8re et Compacte: Notre appareil photo de s\u00e9curit\u00e9 est facile \u00e0 transporter et \u00e0 cacher, int\u00e9grer dans votre poche ou votre sac \u00e0 main. Avec un t\u00e9l\u00e9chargement d&#8217;application gratuit rapide, vous pouvez profiter des commentaires instantan\u00e9s de la cam\u00e9ra sans fil de n&#8217;importe o\u00f9<br \/>\n&#8211; Facile et Pratique \u00e0 Utiliser: Mini cam\u00e9ra peut \u00eatre facilement commut\u00e9e entre le mode d&#8217;enregistrement continu et le mode de des mouvements, facile \u00e0 utiliser. Configurez en quelques minutes, allumez la camera sans fil, connectez-vous au wifi et ajoutez-la \u00e0 l&#8217;application<\/p>\n","protected":false},"excerpt":{"rendered":"<p>publicit\u00e9<br \/>\nSeseno Mini Cam\u00e9ra Espion, Full HD 1080P Vid\u00e9o WiFi Mini Cam\u00e9ra de Surveillance Interieur\/Ext\u00e9rieur sans Fil, Camera Exterieur sans Fil avec Vision Nocturne, D\u00e9tection de Mouvement<\/p>\n","protected":false},"featured_media":324,"comment_status":"open","ping_status":"closed","template":"","meta":[],"product_cat":[15],"product_tag":[],"class_list":{"0":"post-325","1":"product","2":"type-product","3":"status-publish","4":"has-post-thumbnail","6":"product_cat-sin-categorizar","7":"nodate","8":"item-wrap","10":"first","11":"instock","12":"shipping-taxable","13":"product-type-external"},"_links":{"self":[{"href":"https:\/\/lofimusic.com.es\/index.php\/wp-json\/wp\/v2\/product\/325","targetHints":{"allow":["GET"]}}],"collection":[{"href":"https:\/\/lofimusic.com.es\/index.php\/wp-json\/wp\/v2\/product"}],"about":[{"href":"https:\/\/lofimusic.com.es\/index.php\/wp-json\/wp\/v2\/types\/product"}],"replies":[{"embeddable":true,"href":"https:\/\/lofimusic.com.es\/index.php\/wp-json\/wp\/v2\/comments?post=325"}],"wp:featuredmedia":[{"embeddable":true,"href":"https:\/\/lofimusic.com.es\/index.php\/wp-json\/wp\/v2\/media\/324"}],"wp:attachment":[{"href":"https:\/\/lofimusic.com.es\/index.php\/wp-json\/wp\/v2\/media?parent=325"}],"wp:term":[{"taxonomy":"product_cat","embeddable":true,"href":"https:\/\/lofimusic.com.es\/index.php\/wp-json\/wp\/v2\/product_cat?post=325"},{"taxonomy":"product_tag","embeddable":true,"href":"https:\/\/lofimusic.com.es\/index.php\/wp-json\/wp\/v2\/product_tag?post=325"}],"curies":[{"name":"wp","href":"https:\/\/api.w.org\/{rel}","templated":true}]}}