{"id":321,"date":"2024-09-13T18:06:04","date_gmt":"2024-09-13T18:06:04","guid":{"rendered":"https:\/\/lofimusic.com.es\/index.php\/producto\/b0d4pt7lz5_it\/"},"modified":"2024-09-13T18:06:04","modified_gmt":"2024-09-13T18:06:04","slug":"b0d4pt7lz5_it","status":"publish","type":"product","link":"https:\/\/lofimusic.com.es\/index.php\/producto\/b0d4pt7lz5_it\/","title":{"rendered":"B0D4PT7LZ5_IT"},"content":{"rendered":"<p>&#8211; \u3010Facile da Installare\u3011L&#8217;installazione si completa semplicemente inserendola nel terreno. Perch\u00e9 \u00e8 compatto e comodo da trasportare. Puoi facilmente installare repellenti in vari luoghi. Protegge varie cose come giardini di hotel, giardini di ville, fattorie, risaie e campi agricoli dalle talpe.<br \/>\n&#8211; \u3010Ampia area di lavoro efficace\u3011 I nostri dissuasori per talpe hanno una portata fino a 650 metri quadrati e possono coprire efficacemente l&#8217;intero giardino. Si consiglia di installare un repellente per talpe a intervalli di 30 metri per ottenere i migliori risultati.<br \/>\n&#8211; \u3010Innocuo per l&#8217;uomo e gli animali\u3011 Il repellente ultrasuoni per talpe di tipo solare emette forti onde di vibrazione e segnali acustici. Fa sentire gli animali a disagio e pu\u00f2 essere respinto senza danneggiarli. Poich\u00e9 \u00e8 un sensore a ultrasuoni, puoi sentire un piccolo suono. \u00c8 innocuo per l&#8217;uomo e gli animali, ma si consiglia di posizionarlo all&#8217;aperto.<br \/>\n&#8211; \u3010Impermeabile IP66\u3011Il nostro repellente per talpe a ultrasuoni \u00e8 realizzato in materiale ABS di alta qualit\u00e0 che pu\u00f2 facilmente resistere a pioggia, neve e altre condizioni atmosferiche. Si pu\u00f2 tranquillamente lasciare all&#8217;aperto tutto l&#8217;anno.<br \/>\n&#8211; \u3010Servizio di Qualit\u00e0\u3011Se avete domande, vi preghiamo di contattarci direttamente, forniamo la migliore.<\/p>\n","protected":false},"excerpt":{"rendered":"<p>pubblicit\u00e0<br \/>\nWUGEIN Ultrasuoni per Topi,Repellente ultrasuoni per Talpe,Repellente Gatti Ultrasuoni ad Energia Solare,Repellente Solare per Talpe 4 Pezzi,Protezione contro talpe, serpenti, arvicole e formiche<\/p>\n","protected":false},"featured_media":320,"comment_status":"open","ping_status":"closed","template":"","meta":[],"product_cat":[15],"product_tag":[],"class_list":{"0":"post-321","1":"product","2":"type-product","3":"status-publish","4":"has-post-thumbnail","6":"product_cat-sin-categorizar","7":"nodate","8":"item-wrap","10":"first","11":"instock","12":"shipping-taxable","13":"product-type-external"},"_links":{"self":[{"href":"https:\/\/lofimusic.com.es\/index.php\/wp-json\/wp\/v2\/product\/321","targetHints":{"allow":["GET"]}}],"collection":[{"href":"https:\/\/lofimusic.com.es\/index.php\/wp-json\/wp\/v2\/product"}],"about":[{"href":"https:\/\/lofimusic.com.es\/index.php\/wp-json\/wp\/v2\/types\/product"}],"replies":[{"embeddable":true,"href":"https:\/\/lofimusic.com.es\/index.php\/wp-json\/wp\/v2\/comments?post=321"}],"wp:featuredmedia":[{"embeddable":true,"href":"https:\/\/lofimusic.com.es\/index.php\/wp-json\/wp\/v2\/media\/320"}],"wp:attachment":[{"href":"https:\/\/lofimusic.com.es\/index.php\/wp-json\/wp\/v2\/media?parent=321"}],"wp:term":[{"taxonomy":"product_cat","embeddable":true,"href":"https:\/\/lofimusic.com.es\/index.php\/wp-json\/wp\/v2\/product_cat?post=321"},{"taxonomy":"product_tag","embeddable":true,"href":"https:\/\/lofimusic.com.es\/index.php\/wp-json\/wp\/v2\/product_tag?post=321"}],"curies":[{"name":"wp","href":"https:\/\/api.w.org\/{rel}","templated":true}]}}