{"id":319,"date":"2024-09-13T18:05:04","date_gmt":"2024-09-13T18:05:04","guid":{"rendered":"https:\/\/lofimusic.com.es\/index.php\/producto\/b0d2ctgj3x_fr\/"},"modified":"2024-09-13T18:05:04","modified_gmt":"2024-09-13T18:05:04","slug":"b0d2ctgj3x_fr","status":"publish","type":"product","link":"https:\/\/lofimusic.com.es\/index.php\/producto\/b0d2ctgj3x_fr\/","title":{"rendered":"B0D2CTGJ3X_FR"},"content":{"rendered":"<p>&#8211; [Principe de fonctionnement] Ce r\u00e9pulsif \u00e0 ultrasons utilise la technologie r\u00e9pulsive \u00e0 ultrasons pour stimuler le cerveau et le syst\u00e8me nerveux auditif des parasites afin d&#8217;obtenir un contr\u00f4le \u00e0 360 degr\u00e9s sans impasses, et peut \u00e9liminer compl\u00e8tement les moustiques, les mouches, les souris, les cafards, les araign\u00e9es, les mites. , etc.<br \/>\n&#8211; [Facile \u00e0 utiliser] avec une conception enfichable, pour de meilleurs r\u00e9sultats, nous recommandons une unit\u00e9 par pi\u00e8ce pour couvrir et prot\u00e9ger chaque coin de la maison. Les parasites auront disparu dans 3 \u00e0 4 semaines ! Nous vous recommandons d&#8217;installer cet appareil \u00e0 une hauteur de 8 \u00e0 27 pouces au-dessus du sol.<br \/>\n&#8211; [Couverture efficace] Couvre efficacement les zones int\u00e9rieures jusqu&#8217;\u00e0 1 200 pieds carr\u00e9s, utilisez-en un par pi\u00e8ce, dites non aux insectes, convient aux maisons, bureaux, appartements, supermarch\u00e9s, entrep\u00f4ts, h\u00f4tels ou autres endroits.<br \/>\n&#8211; [Sans danger pour les enfants et les animaux domestiques] Le son ultrasonique est imperceptible pour les humains et les animaux domestiques, rempla\u00e7ant facilement les poisons et sprays dangereux, les produits chimiques et les pi\u00e8ges, sans odeurs d\u00e9sagr\u00e9ables ni cadavres.<br \/>\n&#8211; [Silencieux et efficace] les r\u00e9sultats typiques peuvent prendre 3 \u00e0 4 semaines, selon l&#8217;\u00e9tendue de l&#8217;infestation. En cas de forte infestation de ravageurs ou de pr\u00e9sence de vastes zones, vous pouvez ajouter plus d\u2019unit\u00e9s pour de meilleurs r\u00e9sultats.<\/p>\n","protected":false},"excerpt":{"rendered":"<p>publicit\u00e9<br \/>\nR\u00e9pulsif Ultrason Anti Rongeurs Insectes 4 Pack, Ultrason Anti Moustique Ultrason Souris et Rats, Int\u00e9rieur R\u00e9pulsif \u00c9lectronique Insectes pour Insectes, Fourmis, Araign\u00e9es, Moustiques<\/p>\n","protected":false},"featured_media":318,"comment_status":"open","ping_status":"closed","template":"","meta":[],"product_cat":[15],"product_tag":[],"class_list":{"0":"post-319","1":"product","2":"type-product","3":"status-publish","4":"has-post-thumbnail","6":"product_cat-sin-categorizar","7":"nodate","8":"item-wrap","10":"first","11":"instock","12":"shipping-taxable","13":"product-type-external"},"_links":{"self":[{"href":"https:\/\/lofimusic.com.es\/index.php\/wp-json\/wp\/v2\/product\/319","targetHints":{"allow":["GET"]}}],"collection":[{"href":"https:\/\/lofimusic.com.es\/index.php\/wp-json\/wp\/v2\/product"}],"about":[{"href":"https:\/\/lofimusic.com.es\/index.php\/wp-json\/wp\/v2\/types\/product"}],"replies":[{"embeddable":true,"href":"https:\/\/lofimusic.com.es\/index.php\/wp-json\/wp\/v2\/comments?post=319"}],"wp:featuredmedia":[{"embeddable":true,"href":"https:\/\/lofimusic.com.es\/index.php\/wp-json\/wp\/v2\/media\/318"}],"wp:attachment":[{"href":"https:\/\/lofimusic.com.es\/index.php\/wp-json\/wp\/v2\/media?parent=319"}],"wp:term":[{"taxonomy":"product_cat","embeddable":true,"href":"https:\/\/lofimusic.com.es\/index.php\/wp-json\/wp\/v2\/product_cat?post=319"},{"taxonomy":"product_tag","embeddable":true,"href":"https:\/\/lofimusic.com.es\/index.php\/wp-json\/wp\/v2\/product_tag?post=319"}],"curies":[{"name":"wp","href":"https:\/\/api.w.org\/{rel}","templated":true}]}}