{"id":315,"date":"2024-09-13T18:03:04","date_gmt":"2024-09-13T18:03:04","guid":{"rendered":"https:\/\/lofimusic.com.es\/index.php\/producto\/b0dc636qbp_it\/"},"modified":"2024-09-13T18:03:04","modified_gmt":"2024-09-13T18:03:04","slug":"b0dc636qbp_it","status":"publish","type":"product","link":"https:\/\/lofimusic.com.es\/index.php\/producto\/b0dc636qbp_it\/","title":{"rendered":"B0DC636QBP_IT"},"content":{"rendered":"<p>&#8211; \ud83c\udfcb\ufe0f\u200d\u2642\ufe0fTecnologia EMS: il nostro allenatore addominale funziona con la tecnologia EMS che stimola i muscoli con micro contrazioni indotte da impulsi elettrici. Questo allena i muscoli senza che tu debba fare altro che indossare la cintura e andare avanti la giornata.<br \/>\n&#8211; \ud83d\udcaaElettrostimolatore Muscolare Multifunzionale: Questo allenatore muscolare utilizza la tecnologia EMS per inviare impulsi elettrici che stimolano i muscoli profondi, garantendo un risultato sicuro, veloce ed efficace. Che desideriate rafforzare i muscoli, migliorare la forma del corpo o alleviare il dolore muscolare, questo stimolatore addominale pu\u00f2 soddisfare le vostre esigenze.<br \/>\n&#8211; \ud83c\udfcb\ufe0f\u200d\u2640\ufe0fAllenamento Personalizzato: Il nostro elettrostimolatore addominali ha 6 modalit\u00e0 e 9 livelli di intensit\u00e0 che si adattano alle persone con diverse capacit\u00e0 di resistenza. Puoi modellare e rafforzare i muscoli come preferisci. Nessuna necessit\u00e0 di dispositivi complessi; allenati in qualsiasi momento e ovunque. Se non senti nulla ai livelli da 1 a 5, non preoccuparti; \u00e8 progettato per coloro con una resistenza pi\u00f9 bassa.<br \/>\n&#8211; \ud83d\udd0bComoda ricarica USB: ricaricabile tramite USB in appena un&#8217;ora, il nostro toner muscolare dura fino a due settimane. Non preoccuparti del tempo di utilizzo: si spegne automaticamente dopo 15 minuti di allenamento consigliato. Abbraccia il corpo dei tuoi sogni con facilit\u00e0!<br \/>\n&#8211; \ud83e\uddb5Ampia applicabilit\u00e0: il nostro stimolatore EMS \u00e8 adatto per varie parti del corpo, tra cui addominali, braccia, gambe e altro ancora, soddisfacendo diverse esigenze di allenamento. Che tu sia un principiante o un atleta esperto, \u00e8 il tuo partner ideale per il fitness.<\/p>\n","protected":false},"excerpt":{"rendered":"<p>pubblicit\u00e0<br \/>\nYongge Elettrostimolatore per Addominali,ABS Stimulator EMS Muscolare,Cintura Addominale Elettrostimolatore,6 modalit\u00e0 e 9 Intensit\u00e0,EMS Trainer per Uomini Donne Addome\/ Braccia\/ Gambe<\/p>\n","protected":false},"featured_media":314,"comment_status":"open","ping_status":"closed","template":"","meta":[],"product_cat":[15],"product_tag":[],"class_list":{"0":"post-315","1":"product","2":"type-product","3":"status-publish","4":"has-post-thumbnail","6":"product_cat-sin-categorizar","7":"nodate","8":"item-wrap","10":"first","11":"instock","12":"shipping-taxable","13":"product-type-external"},"_links":{"self":[{"href":"https:\/\/lofimusic.com.es\/index.php\/wp-json\/wp\/v2\/product\/315","targetHints":{"allow":["GET"]}}],"collection":[{"href":"https:\/\/lofimusic.com.es\/index.php\/wp-json\/wp\/v2\/product"}],"about":[{"href":"https:\/\/lofimusic.com.es\/index.php\/wp-json\/wp\/v2\/types\/product"}],"replies":[{"embeddable":true,"href":"https:\/\/lofimusic.com.es\/index.php\/wp-json\/wp\/v2\/comments?post=315"}],"wp:featuredmedia":[{"embeddable":true,"href":"https:\/\/lofimusic.com.es\/index.php\/wp-json\/wp\/v2\/media\/314"}],"wp:attachment":[{"href":"https:\/\/lofimusic.com.es\/index.php\/wp-json\/wp\/v2\/media?parent=315"}],"wp:term":[{"taxonomy":"product_cat","embeddable":true,"href":"https:\/\/lofimusic.com.es\/index.php\/wp-json\/wp\/v2\/product_cat?post=315"},{"taxonomy":"product_tag","embeddable":true,"href":"https:\/\/lofimusic.com.es\/index.php\/wp-json\/wp\/v2\/product_tag?post=315"}],"curies":[{"name":"wp","href":"https:\/\/api.w.org\/{rel}","templated":true}]}}