{"id":313,"date":"2024-09-13T18:01:04","date_gmt":"2024-09-13T18:01:04","guid":{"rendered":"https:\/\/lofimusic.com.es\/index.php\/producto\/b0d67gpjbg_fr\/"},"modified":"2024-09-13T18:01:04","modified_gmt":"2024-09-13T18:01:04","slug":"b0d67gpjbg_fr","status":"publish","type":"product","link":"https:\/\/lofimusic.com.es\/index.php\/producto\/b0d67gpjbg_fr\/","title":{"rendered":"B0D67GPJBG_FR"},"content":{"rendered":"<p>&#8211; \u3010Protection \u00e0 ultrasons\u3011Le r\u00e9pulsif pour animaux sert uniquement \u00e0 conduire des animaux sans produits chimiques et pour expulser l&#8217;intrusion accidentelle des animaux en envoyant des ondes ultrasoniques. Fonctionne avec des ultrasons et des lampes \u00e0 LED pour chiens, chats, martres, ratons laveurs, souris, oiseaux, renards, rongeurs, martres, cerfs. Le produit utilise le principe de la d\u00e9tection infrarouge, aucun dommage pour les petits animaux et le corps humain.<br \/>\n&#8211; \u3010Ultrason + forte LED clignotante + alarme sonore\u3011Il y a 14 lumi\u00e8res LED puissantes dans les yeux du hibou. En ce qui concerne sa bouche, c&#8217;est un \u00e9metteur \u00e0 ultrasons. Lorsque le r\u00e9pulsif externe d\u00e9tecte le mouvement et la chaleur corporelle, il \u00e9met un m\u00e9lange d&#8217;ultrasons de diff\u00e9rentes vagues, de fortes lumi\u00e8res clignotantes et d&#8217;alarme sonore pour effrayer les animaux. Il n&#8217;y a aucun danger pour l&#8217;homme ou les animaux.<br \/>\n&#8211; \u3010Capteur infrarouge\u3011 le nez du r\u00e9pulsif hiboux est un capteur infrarouge (PIR), capable de d\u00e9tecter les animaux de toutes les tailles. La zone effective couvre un arc de 120 degr\u00e9s et une distance allant jusqu&#8217;\u00e0 30 pieds (10 m). Une fois que les animaux entrent dans un rayon de 30 pieds, le capteur de mouvement \u00e9met des ondes ultrasoniques et l&#8217;\u00e9clairage LED rend l&#8217;animal mal \u00e0 l&#8217;aise et fuit.<br \/>\n&#8211; \u3010Charge USB et \u00e9nergie solaire\u3011Il y a un panneau solaire sur la t\u00eate du hibou. Laissez le hibou absorber l&#8217;\u00e9nergie quand il y a le soleil. En outre, il est \u00e9quip\u00e9 d&#8217;une batterie au lithium rechargeable de 2000 mAh. Vous pouvez \u00e9galement charger le r\u00e9pulsif \u00e0 ultrasons via l&#8217;alimentation USB. 5 modes r\u00e9glables : la fr\u00e9quence irr\u00e9guli\u00e8re et variable rend plus efficace pour chasser les animaux les plus agressifs qui peuvent s&#8217;adapter et devenir immunis\u00e9s par une bande de fr\u00e9quence particuli\u00e8re.<br \/>\n&#8211; \u3010IP44 imperm\u00e9able et facile \u00e0 installer\u3011 Ce r\u00e9pulsif pour chat est \u00e9tanche IP44. Il est capable de r\u00e9sister \u00e0 la pluie normale. Remarque : s&#8217;il y a des orages ou si c&#8217;est un mauvais temps, il est recommand\u00e9 de l&#8217;emporter \u00e0 l&#8217;int\u00e9rieur. Peut \u00eatre install\u00e9 n&#8217;importe o\u00f9 dans la maison, le jardin ou le patio, les jardins, les patios, les all\u00e9es de route, les champs, les pelouses, les bords, les garages, les fermes et toutes les<\/p>\n","protected":false},"excerpt":{"rendered":"<p>publicit\u00e9<br \/>\nRepulsif Chat Exterieur, R\u00e9pulsif Chat Ultrason 5 Modes R\u00e9glable, Repulsif Chat Solaire, R\u00e9pulsif Animaux, R\u00e9pulsif Ultrason Anti Rongeurs, pour Chien, Chat, Lapins, Renards<\/p>\n","protected":false},"featured_media":312,"comment_status":"open","ping_status":"closed","template":"","meta":[],"product_cat":[15],"product_tag":[],"class_list":{"0":"post-313","1":"product","2":"type-product","3":"status-publish","4":"has-post-thumbnail","6":"product_cat-sin-categorizar","7":"nodate","8":"item-wrap","10":"first","11":"instock","12":"shipping-taxable","13":"product-type-external"},"_links":{"self":[{"href":"https:\/\/lofimusic.com.es\/index.php\/wp-json\/wp\/v2\/product\/313","targetHints":{"allow":["GET"]}}],"collection":[{"href":"https:\/\/lofimusic.com.es\/index.php\/wp-json\/wp\/v2\/product"}],"about":[{"href":"https:\/\/lofimusic.com.es\/index.php\/wp-json\/wp\/v2\/types\/product"}],"replies":[{"embeddable":true,"href":"https:\/\/lofimusic.com.es\/index.php\/wp-json\/wp\/v2\/comments?post=313"}],"wp:featuredmedia":[{"embeddable":true,"href":"https:\/\/lofimusic.com.es\/index.php\/wp-json\/wp\/v2\/media\/312"}],"wp:attachment":[{"href":"https:\/\/lofimusic.com.es\/index.php\/wp-json\/wp\/v2\/media?parent=313"}],"wp:term":[{"taxonomy":"product_cat","embeddable":true,"href":"https:\/\/lofimusic.com.es\/index.php\/wp-json\/wp\/v2\/product_cat?post=313"},{"taxonomy":"product_tag","embeddable":true,"href":"https:\/\/lofimusic.com.es\/index.php\/wp-json\/wp\/v2\/product_tag?post=313"}],"curies":[{"name":"wp","href":"https:\/\/api.w.org\/{rel}","templated":true}]}}