{"id":309,"date":"2024-09-13T17:59:04","date_gmt":"2024-09-13T17:59:04","guid":{"rendered":"https:\/\/lofimusic.com.es\/index.php\/producto\/b0cwp75shx_de\/"},"modified":"2024-09-13T17:59:04","modified_gmt":"2024-09-13T17:59:04","slug":"b0cwp75shx_de","status":"publish","type":"product","link":"https:\/\/lofimusic.com.es\/index.php\/producto\/b0cwp75shx_de\/","title":{"rendered":"B0CWP75SHX_DE"},"content":{"rendered":"<p>&#8211; \u3010 DIY Solarbrunnen Kit\u3011Solar Fountain kommt mit DIY Solar Fountain Kit, hergestellt aus hocheffizienten Solarzellen. Sie k\u00f6nnen das Design frei anpassen und Ihre Lieblings-Brunnenform entwerfen, wie Sie m\u00f6chten.<br \/>\n&#8211; \u3010Keine komplizierte Installation und Bedienung\u3011Freistehende Solarbrunnen, die frei an verschiedene Standorte versetzt werden k\u00f6nnen und keine komplizierte Installation oder Wartung erfordern. Mit einem Kabel von bis zu 3 Metern zwischen den Solarmodulen und den Pumpen k\u00f6nnen relativ gro\u00dfe Fl\u00e4chen abgedeckt werden, und die Solarmodule k\u00f6nnen einfach in die Sonne gestellt werden, um ein lustiges Gartenleben zu genie\u00dfen.<br \/>\n&#8211; \u3010Umweltfreundliches Solarpanel\u3011Es werden keine Batterien oder Elektrizit\u00e4t ben\u00f6tigt, der Brunnen ist vollst\u00e4ndig solargesteuert und ein wirklich umweltfreundlicher Solarbrunnen. Legen Sie einfach die Pumpe ins Wasser und platzieren Sie das Solarpanel unter der Sonne, der Springbrunnen wird automatisch arbeiten und Sie k\u00f6nnen das angenehme Wasserspiel bequem genie\u00dfen!<br \/>\n&#8211; \u3010Eine Vielzahl von D\u00fcsenkombinationen\u3011Solarbrunnen mit 6 verschiedenen D\u00fcsen, k\u00f6nnen Sie die D\u00fcse \u00e4ndern, um Ihre unterschiedlichen Anforderungen f\u00fcr die H\u00f6he der Wassers\u00e4ule oder die Form der Wassers\u00e4ule zu erf\u00fcllen. Und Sie k\u00f6nnen die H\u00f6he anpassen, indem Sie die D\u00fcsen \u00e4ndern, um ein \u00dcberlaufen des Wassers aus dem Becken zu vermeiden.<br \/>\n&#8211; \u3010EIGNUNG F\u00dcR VIELE SZENARIOS\u3011Diese Solarpumpe ist perfekt f\u00fcr Vogelb\u00e4der, G\u00e4rten, kleine Teiche, Pools, Aquarien, Wasserzirkulation f\u00fcr die Sauerstoffanreicherung. Wenn Sie irgendwelche Fragen haben, z\u00f6gern Sie bitte nicht, uns zu kontaktieren.<\/p>\n","protected":false},"excerpt":{"rendered":"<p>Werbung<br \/>\nAMZtime Solar Springbrunnen f\u00fcr Au\u00dfen 2024 Upgrade Solarbrunnen 1.5W DIY Solarpumpe mit 3m Kabel,Solarpumpe mit 6 Font\u00e4nenstile Solar Teichpumpe f\u00fcr Gartenteich, Vogel-Bad<\/p>\n","protected":false},"featured_media":308,"comment_status":"open","ping_status":"closed","template":"","meta":[],"product_cat":[15],"product_tag":[],"class_list":{"0":"post-309","1":"product","2":"type-product","3":"status-publish","4":"has-post-thumbnail","6":"product_cat-sin-categorizar","7":"nodate","8":"item-wrap","10":"first","11":"instock","12":"shipping-taxable","13":"product-type-external"},"_links":{"self":[{"href":"https:\/\/lofimusic.com.es\/index.php\/wp-json\/wp\/v2\/product\/309","targetHints":{"allow":["GET"]}}],"collection":[{"href":"https:\/\/lofimusic.com.es\/index.php\/wp-json\/wp\/v2\/product"}],"about":[{"href":"https:\/\/lofimusic.com.es\/index.php\/wp-json\/wp\/v2\/types\/product"}],"replies":[{"embeddable":true,"href":"https:\/\/lofimusic.com.es\/index.php\/wp-json\/wp\/v2\/comments?post=309"}],"wp:featuredmedia":[{"embeddable":true,"href":"https:\/\/lofimusic.com.es\/index.php\/wp-json\/wp\/v2\/media\/308"}],"wp:attachment":[{"href":"https:\/\/lofimusic.com.es\/index.php\/wp-json\/wp\/v2\/media?parent=309"}],"wp:term":[{"taxonomy":"product_cat","embeddable":true,"href":"https:\/\/lofimusic.com.es\/index.php\/wp-json\/wp\/v2\/product_cat?post=309"},{"taxonomy":"product_tag","embeddable":true,"href":"https:\/\/lofimusic.com.es\/index.php\/wp-json\/wp\/v2\/product_tag?post=309"}],"curies":[{"name":"wp","href":"https:\/\/api.w.org\/{rel}","templated":true}]}}