{"id":307,"date":"2024-09-13T17:57:04","date_gmt":"2024-09-13T17:57:04","guid":{"rendered":"https:\/\/lofimusic.com.es\/index.php\/producto\/b0d77xkdt6_it\/"},"modified":"2024-09-13T17:57:04","modified_gmt":"2024-09-13T17:57:04","slug":"b0d77xkdt6_it","status":"publish","type":"product","link":"https:\/\/lofimusic.com.es\/index.php\/producto\/b0d77xkdt6_it\/","title":{"rendered":"B0D77XKDT6_IT"},"content":{"rendered":"<p>&#8211; [CANALI FULL HD] &#8211; Con la nostra antenna TV interna amplificata potente, non dovrete pi\u00f9 pagare una fortuna per la vostra TV! Strumento di vita avanzato, \u00e8 in grado di ricevere i canali Full HD delle serie RAI, Canale 5, Italia 1, K2, LA7, Tiv\u00f9sat e altri ancora. Questa TV antenna digitale terrestre, non solo supporta la TV digitale 4K, 1080p HD, ma anche i vecchi televisori con decoder digitale terrestre. Un&#8217;enorme quantit\u00e0 di canali HD gratuiti, per rendere la vostra vita pi\u00f9 colorata!<br \/>\n&#8211; [Ricezione del segnale a lunghissima distanza] &#8211; La nostra antenna TV per interni con potente amplificatore di segnale pu\u00f2 ricevere segnali fino a 580 chilometri. Gli interruttori regolabili per la ricezione del segnale a lunga e a breve distanza consentono di ricevere i segnali su una larghezza di banda pi\u00f9 ampia. L&#8217;antenna TV portatile offre pi\u00f9 scenari di utilizzo, come il soggiorno, la camera da letto, la cucina, la mansarda, la roulotte o lo yacht.<br \/>\n&#8211; [Pu\u00f2 essere utilizzata come ornamento decorativo] &#8211; Questa antenna TV ha un design snello, con un palo sottile e semplice dal tocco tecnologico moderno e una base magnetica. \u00c8 quindi possibile posizionarla sul tavolo della TV, sul davanzale della finestra o su una sporgenza della parete per armonizzarla con l&#8217;arredamento della casa, ma anche fissarla a un&#8217;auto o a un&#8217;altra struttura metallica per mantenerla stabile. \u00c8 possibile utilizzarlo all&#8217;interno e ricevere segnali anche all&#8217;esterno.<br \/>\n&#8211; [Cavo Coassiale Performance] &#8211; Questa antenna per smart TV utilizza un cavo coassiale con conduttori in rame da 4 mm di spessore per una trasmissione del segnale 4K pi\u00f9 stabile. \u00c8 pi\u00f9 resistente e pi\u00f9 adatto all&#8217;uso all&#8217;aperto con una trasmissione del segnale pi\u00f9 forte e pi\u00f9 stabile rispetto agli altri cavi presenti sul mercato. Il cavo di prolunga da 16,4 piedi consente opzioni di collocazione spaziale pi\u00f9 flessibili per l&#8217;antenna, permettendo di trovare la posizione ottimale.<br \/>\n&#8211; [NOTA] &#8211; Prima dell&#8217;acquisto, verificare i canali disponibili nella propria zona. Dopo aver collegato l&#8217;antenna al televisore, accertarsi di eseguire nuovamente la scansione dei canali. Se il segnale \u00e8 scarso, si consiglia di spostare l&#8217;antenna in una posizione vicina a una finestra o all&#8217;aperto dove c&#8217;\u00e8 meno ombra. Se si riscontrano problemi durante l&#8217;uso, \u00e8 possibile lasciare un messaggio: il gruppo di professionisti fornir\u00e0 assistenza e consigli entro 24 ore.<\/p>\n","protected":false},"excerpt":{"rendered":"<p>pubblicit\u00e0<br \/>\n2024 Antenna TV Digitale, Antenna TV Interna Amplificata potente con portata di oltre 580+ km, Antenna Senza Fili Portatile TV da Interno Supporta 4K\/1080P Smart HDTV, Con Cavo Coassiale 5m &#8211; Blu<\/p>\n","protected":false},"featured_media":305,"comment_status":"open","ping_status":"closed","template":"","meta":[],"product_cat":[15],"product_tag":[],"class_list":{"0":"post-307","1":"product","2":"type-product","3":"status-publish","4":"has-post-thumbnail","6":"product_cat-sin-categorizar","7":"nodate","8":"item-wrap","10":"first","11":"instock","12":"shipping-taxable","13":"product-type-external"},"_links":{"self":[{"href":"https:\/\/lofimusic.com.es\/index.php\/wp-json\/wp\/v2\/product\/307","targetHints":{"allow":["GET"]}}],"collection":[{"href":"https:\/\/lofimusic.com.es\/index.php\/wp-json\/wp\/v2\/product"}],"about":[{"href":"https:\/\/lofimusic.com.es\/index.php\/wp-json\/wp\/v2\/types\/product"}],"replies":[{"embeddable":true,"href":"https:\/\/lofimusic.com.es\/index.php\/wp-json\/wp\/v2\/comments?post=307"}],"wp:featuredmedia":[{"embeddable":true,"href":"https:\/\/lofimusic.com.es\/index.php\/wp-json\/wp\/v2\/media\/305"}],"wp:attachment":[{"href":"https:\/\/lofimusic.com.es\/index.php\/wp-json\/wp\/v2\/media?parent=307"}],"wp:term":[{"taxonomy":"product_cat","embeddable":true,"href":"https:\/\/lofimusic.com.es\/index.php\/wp-json\/wp\/v2\/product_cat?post=307"},{"taxonomy":"product_tag","embeddable":true,"href":"https:\/\/lofimusic.com.es\/index.php\/wp-json\/wp\/v2\/product_tag?post=307"}],"curies":[{"name":"wp","href":"https:\/\/api.w.org\/{rel}","templated":true}]}}