{"id":306,"date":"2024-09-13T17:57:04","date_gmt":"2024-09-13T17:57:04","guid":{"rendered":"https:\/\/lofimusic.com.es\/index.php\/producto\/b0d5m826w7_fr\/"},"modified":"2024-09-13T17:57:04","modified_gmt":"2024-09-13T17:57:04","slug":"b0d5m826w7_fr","status":"publish","type":"product","link":"https:\/\/lofimusic.com.es\/index.php\/producto\/b0d5m826w7_fr\/","title":{"rendered":"B0D5M826W7_FR"},"content":{"rendered":"<p>&#8211; S\u00e9curit\u00e9 et Bien-\u00eatre Assur\u00e9s : Notre collier de dressage pour chien propose six niveaux de signal sonore, permettant une m\u00e9thode d&#8217;entra\u00eenement ajustable et s\u00e9curis\u00e9e sans recours syst\u00e9matique \u00e0 la stimulation \u00e9lectrostatique.<br \/>\n&#8211; R\u00e9glage Pr\u00e9cis de l&#8217;Intensit\u00e9 : Avec 50 niveaux de vibration et de stimulation sonore, ce collier anti-aboiement s&#8217;adapte parfaitement \u00e0 la sensibilit\u00e9 de votre chien, offrant des corrections l\u00e9g\u00e8res ou plus fortes selon les besoins.<br \/>\n&#8211; Port\u00e9e de Contr\u00f4le \u00c9tendue et R\u00e9sistance \u00e0 l&#8217;Eau : Profitez d&#8217;une port\u00e9e de contr\u00f4le allant jusqu&#8217;\u00e0 2000 pieds et d&#8217;un classement IP67, garantissant une utilisation fiable par tous les temps, m\u00eame dans l&#8217;eau jusqu&#8217;\u00e0 2 m\u00e8tres de profondeur.<br \/>\n&#8211; Interaction Visuelle et Confort : La t\u00e9l\u00e9commande dot\u00e9e d&#8217;un anneau lumineux multicolore facilite l&#8217;identification des fonctions. Le collier en nylon l\u00e9ger et durable s&#8217;ajuste confortablement aux tours de cou de 8 \u00e0 30 pouces, convenant aux chiens de 10 \u00e0 100 livres.<br \/>\n&#8211; Recharge Rapide et Longue Dur\u00e9e : La recharge USB rapide en 2 heures offre jusqu&#8217;\u00e0 15 jours d&#8217;utilisation continue. L&#8217;\u00e9cran LED couleur affiche le niveau de batterie et le mode de dressage en cours, assurant une utilisation pratique et inform\u00e9e.<\/p>\n","protected":false},"excerpt":{"rendered":"<p>publicit\u00e9<br \/>\nCollier de Dressage pour Chien &#8211; Collier Anti Aboiement Chien avec T\u00e9l\u00e9commande &#8211; Bip\/Vibration\/Choc s\u00fbr Rechargeable Collier Electrique IP67 \u00e9tanche pour Petits Moyens Et Grands Chiens<\/p>\n","protected":false},"featured_media":304,"comment_status":"open","ping_status":"closed","template":"","meta":[],"product_cat":[15],"product_tag":[],"class_list":{"0":"post-306","1":"product","2":"type-product","3":"status-publish","4":"has-post-thumbnail","6":"product_cat-sin-categorizar","7":"nodate","8":"item-wrap","10":"first","11":"instock","12":"shipping-taxable","13":"product-type-external"},"_links":{"self":[{"href":"https:\/\/lofimusic.com.es\/index.php\/wp-json\/wp\/v2\/product\/306","targetHints":{"allow":["GET"]}}],"collection":[{"href":"https:\/\/lofimusic.com.es\/index.php\/wp-json\/wp\/v2\/product"}],"about":[{"href":"https:\/\/lofimusic.com.es\/index.php\/wp-json\/wp\/v2\/types\/product"}],"replies":[{"embeddable":true,"href":"https:\/\/lofimusic.com.es\/index.php\/wp-json\/wp\/v2\/comments?post=306"}],"wp:featuredmedia":[{"embeddable":true,"href":"https:\/\/lofimusic.com.es\/index.php\/wp-json\/wp\/v2\/media\/304"}],"wp:attachment":[{"href":"https:\/\/lofimusic.com.es\/index.php\/wp-json\/wp\/v2\/media?parent=306"}],"wp:term":[{"taxonomy":"product_cat","embeddable":true,"href":"https:\/\/lofimusic.com.es\/index.php\/wp-json\/wp\/v2\/product_cat?post=306"},{"taxonomy":"product_tag","embeddable":true,"href":"https:\/\/lofimusic.com.es\/index.php\/wp-json\/wp\/v2\/product_tag?post=306"}],"curies":[{"name":"wp","href":"https:\/\/api.w.org\/{rel}","templated":true}]}}