{"id":303,"date":"2024-09-13T17:54:05","date_gmt":"2024-09-13T17:54:05","guid":{"rendered":"https:\/\/lofimusic.com.es\/index.php\/producto\/b0d6bhz6qz_it\/"},"modified":"2024-09-13T17:54:05","modified_gmt":"2024-09-13T17:54:05","slug":"b0d6bhz6qz_it","status":"publish","type":"product","link":"https:\/\/lofimusic.com.es\/index.php\/producto\/b0d6bhz6qz_it\/","title":{"rendered":"B0D6BHZ6QZ_IT"},"content":{"rendered":"<p>&#8211; Alta tensione conduttiva: La tensione di uscita della lampada PAOLNE lampada antizanzare \u00e8 di 4000V, finch\u00e9 l&#8217;insetto tocca la griglia, verr\u00e0 ucciso facilmente. Ampiamente utilizzata in giardino, in camera da letto, in campeggio, al barbecue e in altri tipi di attivit\u00e0 indoor e outdoor.<br \/>\n&#8211; Batteria di grande capacit\u00e0: La batteria integrata della lampada zanzare ha una capacit\u00e0 di 1200 mAh, che pu\u00f2 essere ricaricata con un cavo USB lungo 1,2 m. La batteria \u00e8 adatta per essere trasportata all&#8217;esterno e pu\u00f2 essere utilizzata ininterrottamente per molto tempo con una sola carica completa.<br \/>\n&#8211; Perline LED per trappole per zanzare: 6 lampadine a LED incorporate, onde luminose letali per la cattura delle zanzare a 365 nm, non solo trovano, attraggono e uccidono gli insetti, ma possono anche essere utilizzate come luce notturna di notte.<br \/>\n&#8211; 2 modi di utilizzo: La lampada zanzare interno PALONE supporta la libera combinazione d&#8217;uso, pu\u00f2 essere appesa alla parete per l&#8217;uso, ma pu\u00f2 anche essere posizionata sul tavolo per l&#8217;uso, adatta a una variet\u00e0 di scenari d&#8217;uso.<br \/>\n&#8211; Garanzia di qualit\u00e0: il nuovo materiale ABS rende la lampada antizanzare elettrica luminosa e chiara. Il telaio robusto garantisce la durata della lampada.<\/p>\n","protected":false},"excerpt":{"rendered":"<p>pubblicit\u00e0<br \/>\nPALONE USB C Lampada Antizanzare 4000V, Zanzariera Elettrica con Batteria da 1200mAh, 6 UV Perle di Lampada Zanzare | Protezione al Tatto | Sospensibile | con Vassoio| per Interno Esterno<\/p>\n","protected":false},"featured_media":302,"comment_status":"open","ping_status":"closed","template":"","meta":[],"product_cat":[15],"product_tag":[],"class_list":{"0":"post-303","1":"product","2":"type-product","3":"status-publish","4":"has-post-thumbnail","6":"product_cat-sin-categorizar","7":"nodate","8":"item-wrap","10":"first","11":"instock","12":"shipping-taxable","13":"product-type-external"},"_links":{"self":[{"href":"https:\/\/lofimusic.com.es\/index.php\/wp-json\/wp\/v2\/product\/303","targetHints":{"allow":["GET"]}}],"collection":[{"href":"https:\/\/lofimusic.com.es\/index.php\/wp-json\/wp\/v2\/product"}],"about":[{"href":"https:\/\/lofimusic.com.es\/index.php\/wp-json\/wp\/v2\/types\/product"}],"replies":[{"embeddable":true,"href":"https:\/\/lofimusic.com.es\/index.php\/wp-json\/wp\/v2\/comments?post=303"}],"wp:featuredmedia":[{"embeddable":true,"href":"https:\/\/lofimusic.com.es\/index.php\/wp-json\/wp\/v2\/media\/302"}],"wp:attachment":[{"href":"https:\/\/lofimusic.com.es\/index.php\/wp-json\/wp\/v2\/media?parent=303"}],"wp:term":[{"taxonomy":"product_cat","embeddable":true,"href":"https:\/\/lofimusic.com.es\/index.php\/wp-json\/wp\/v2\/product_cat?post=303"},{"taxonomy":"product_tag","embeddable":true,"href":"https:\/\/lofimusic.com.es\/index.php\/wp-json\/wp\/v2\/product_tag?post=303"}],"curies":[{"name":"wp","href":"https:\/\/api.w.org\/{rel}","templated":true}]}}