{"id":301,"date":"2024-09-13T17:54:04","date_gmt":"2024-09-13T17:54:04","guid":{"rendered":"https:\/\/lofimusic.com.es\/index.php\/producto\/b0cwp7f5vz_de\/"},"modified":"2024-09-13T17:54:04","modified_gmt":"2024-09-13T17:54:04","slug":"b0cwp7f5vz_de","status":"publish","type":"product","link":"https:\/\/lofimusic.com.es\/index.php\/producto\/b0cwp7f5vz_de\/","title":{"rendered":"B0CWP7F5VZ_DE"},"content":{"rendered":"<p>&#8211; \u30105.5W Solarpaneele\u3011Springbrunnen Solar mit 21,8 CM Durchmesser High-Power-Solarpaneele, stark verbessert die Effizienz der Sonnenenergie in Strom. Solar-Brunnen mit hochwertigen PET-Material, auch in rauen Umgebungen kann auch normal f\u00fcr eine lange Zeit verwendet werden, stark die Lebensdauer des Solarbrunnens zu verl\u00e4ngern.<br \/>\n&#8211; \u30107 verschiedene Spr\u00fchmethoden\u3011Der Solarbrunnen ist mit 7 verschiedenen D\u00fcsen ausgestattet, Sie k\u00f6nnen sie nach Ihren W\u00fcnschen anpassen, um Ihre unterschiedlichen Anforderungen an die Spr\u00fchh\u00f6he und -form zu erf\u00fcllen. Legen Sie einfach das Solarpanel unter direktes Sonnenlicht und der Solarbrunnen wird automatisch in 3 Sekunden laufen.<br \/>\n&#8211; \u3010UPGRADED COLOUR LED SOLAR FOUNTAIN FOUNTAIN\u3011Die Solarbrunnenpumpe ist mit einer Batterie ausgestattet, um tags\u00fcber bei direkter Sonneneinstrahlung Strom zu speichern. Die gespeicherte Elektrizit\u00e4t erm\u00f6glicht es dem Solarbrunnen, Wasser automatisch zu spr\u00fchen, und die LED-Leuchten bleiben nachts bis zu 3-4 Stunden lang an. Die farbigen LED-Leuchten mit hoher Helligkeit lassen Ihren Garten nachts noch sch\u00f6ner aussehen.<br \/>\n&#8211; \u3010Anti-Drift Fixed Design\u3011Der Solarbrunnen ist mit 4 Anti-Drift-Kunststoffrohren ausgestattet, die den Brunnen in der Mitte der Vogeltr\u00e4nke fixieren k\u00f6nnen, um sicherzustellen, dass der Brunnen auch bei schlechten Wetterbedingungen stabil arbeiten kann, und das Seherlebnis des Brunnens zu verbessern, w\u00e4hrend der Verlust von Wasser in der Vogeltr\u00e4nke reduziert wird.<br \/>\n&#8211; \u3010Wassermangel-Schutzeinstellung\u3011Das Produkt befindet sich vor der ersten Verwendung im Schlafmodus; das Produkt muss in einer Umgebung mit einer Lichtintensit\u00e4t von mehr als 10.000 LUX f\u00fcr 1 Minute aufgeweckt werden; der Nachtmodus wird aktiviert, nachdem das Produkt in einer Umgebung mit einer Lichtintensit\u00e4t von weniger als 300 LUX f\u00fcr 1-2 Minuten platziert wurde. Der Solarbrunnen schaltet sich automatisch ab, wenn kein Wasser vorhanden ist, um sich vor Trockenbrand zu sch\u00fctzen.<\/p>\n","protected":false},"excerpt":{"rendered":"<p>Werbung<br \/>\nAMZtime Bunte LED Outdoor Solarbrunnen f\u00fcr Draussen 5.5W Solarpanel Durchmesser 21cm Outdoor Solar Springbrunnen f\u00fcr Au\u00dfen mit 7 Effekten Solar Teichpumpe Vogel Teich Solarbrunnen<\/p>\n","protected":false},"featured_media":300,"comment_status":"open","ping_status":"closed","template":"","meta":[],"product_cat":[15],"product_tag":[],"class_list":{"0":"post-301","1":"product","2":"type-product","3":"status-publish","4":"has-post-thumbnail","6":"product_cat-sin-categorizar","7":"nodate","8":"item-wrap","10":"first","11":"instock","12":"shipping-taxable","13":"product-type-external"},"_links":{"self":[{"href":"https:\/\/lofimusic.com.es\/index.php\/wp-json\/wp\/v2\/product\/301","targetHints":{"allow":["GET"]}}],"collection":[{"href":"https:\/\/lofimusic.com.es\/index.php\/wp-json\/wp\/v2\/product"}],"about":[{"href":"https:\/\/lofimusic.com.es\/index.php\/wp-json\/wp\/v2\/types\/product"}],"replies":[{"embeddable":true,"href":"https:\/\/lofimusic.com.es\/index.php\/wp-json\/wp\/v2\/comments?post=301"}],"wp:featuredmedia":[{"embeddable":true,"href":"https:\/\/lofimusic.com.es\/index.php\/wp-json\/wp\/v2\/media\/300"}],"wp:attachment":[{"href":"https:\/\/lofimusic.com.es\/index.php\/wp-json\/wp\/v2\/media?parent=301"}],"wp:term":[{"taxonomy":"product_cat","embeddable":true,"href":"https:\/\/lofimusic.com.es\/index.php\/wp-json\/wp\/v2\/product_cat?post=301"},{"taxonomy":"product_tag","embeddable":true,"href":"https:\/\/lofimusic.com.es\/index.php\/wp-json\/wp\/v2\/product_tag?post=301"}],"curies":[{"name":"wp","href":"https:\/\/api.w.org\/{rel}","templated":true}]}}