{"id":291,"date":"2024-09-13T17:48:04","date_gmt":"2024-09-13T17:48:04","guid":{"rendered":"https:\/\/lofimusic.com.es\/index.php\/producto\/b0d8hzjq2g_it\/"},"modified":"2024-09-13T17:48:04","modified_gmt":"2024-09-13T17:48:04","slug":"b0d8hzjq2g_it","status":"publish","type":"product","link":"https:\/\/lofimusic.com.es\/index.php\/producto\/b0d8hzjq2g_it\/","title":{"rendered":"B0D8HZJQ2G_IT"},"content":{"rendered":"<p>&#8211; \u26a1 \u3010Racchetta Zanzare Elettrica Efficiente\u3011Il killer elettrico migliorato da 4000 V, limina in maniera istantanea zanzare, mosche ed altri insetti fastidiosi con una singola oscillazione. Risultati affidabili e tranquillit\u00e0<br \/>\n&#8211; \u26a1 \u3010Leggero e facile da usare\u3011L&#8217;alloggiamento della racchetta per zanzare elettrica \u00e8 realizzato in resistente materiale ABS, puoi oscillarlo liberamente e uccidere rapidamente il bersaglio. La rete elettrica a maglia fine impedisce la fuga delle zanzare e la doppia rete di sicurezza avvolge la parte superiore e inferiore per evitare lesioni accidentali all&#8217;utente<br \/>\n&#8211; \u26a1 \u3010Modalit\u00e0 trappola automatica\u3011Premere l&#8217;interruttore sull&#8217;impostazione pi\u00f9 alta, la lampada repellente per zanzare emetter\u00e0 la lunghezza d&#8217;onda della luce UV 365 nm per attirare gli insetti e ucciderli. In questa modalit\u00e0, \u00e8 possibile posizionare la zanzariera elettrica in posizione verticale sul tavolo quando viene caricata tramite il base di ricarica<br \/>\n&#8211; \u26a1 \u3010Ricarica facile e duratura\u3011Il dock di ricarica USB \u00e8 incluso nella confezione, puoi caricare rapidamente e facilmente la tua punteria. La batteria integrata da 1200 mAh pu\u00f2 essere utilizzata a lungo, eliminando la necessit\u00e0 di sostituire le batterie e facile da trasportare all&#8217;esterno<br \/>\n&#8211; \u26a1 \u3010Ampiamente Utilizzata\u3011 In campeggio, durante un&#8217;escursione o semplicemente mentre ti godi un picnic in famiglia, il design portatile ti permette di colpire in qualsiasi modo, ovunque tu sia. LED integrato super luminoso, per uso anche di notte ed una protezione 24 ore<\/p>\n","protected":false},"excerpt":{"rendered":"<p>pubblicit\u00e0<br \/>\nTMACTIME Racchetta Zanzare Elettrica, 4000V 2-In-1 Racchetta Antizanzare, USB Base di Ricaricabile, e Lampada UV, Protezione Maglia a 3 Strati, Adatto per Casa, Giardino, Interni ed Esterni<\/p>\n","protected":false},"featured_media":290,"comment_status":"open","ping_status":"closed","template":"","meta":[],"product_cat":[15],"product_tag":[],"class_list":{"0":"post-291","1":"product","2":"type-product","3":"status-publish","4":"has-post-thumbnail","6":"product_cat-sin-categorizar","7":"nodate","8":"item-wrap","10":"first","11":"instock","12":"shipping-taxable","13":"product-type-external"},"_links":{"self":[{"href":"https:\/\/lofimusic.com.es\/index.php\/wp-json\/wp\/v2\/product\/291","targetHints":{"allow":["GET"]}}],"collection":[{"href":"https:\/\/lofimusic.com.es\/index.php\/wp-json\/wp\/v2\/product"}],"about":[{"href":"https:\/\/lofimusic.com.es\/index.php\/wp-json\/wp\/v2\/types\/product"}],"replies":[{"embeddable":true,"href":"https:\/\/lofimusic.com.es\/index.php\/wp-json\/wp\/v2\/comments?post=291"}],"wp:featuredmedia":[{"embeddable":true,"href":"https:\/\/lofimusic.com.es\/index.php\/wp-json\/wp\/v2\/media\/290"}],"wp:attachment":[{"href":"https:\/\/lofimusic.com.es\/index.php\/wp-json\/wp\/v2\/media?parent=291"}],"wp:term":[{"taxonomy":"product_cat","embeddable":true,"href":"https:\/\/lofimusic.com.es\/index.php\/wp-json\/wp\/v2\/product_cat?post=291"},{"taxonomy":"product_tag","embeddable":true,"href":"https:\/\/lofimusic.com.es\/index.php\/wp-json\/wp\/v2\/product_tag?post=291"}],"curies":[{"name":"wp","href":"https:\/\/api.w.org\/{rel}","templated":true}]}}