{"id":289,"date":"2024-09-13T17:45:05","date_gmt":"2024-09-13T17:45:05","guid":{"rendered":"https:\/\/lofimusic.com.es\/index.php\/producto\/b0d2cvpndf_fr\/"},"modified":"2024-09-13T17:45:05","modified_gmt":"2024-09-13T17:45:05","slug":"b0d2cvpndf_fr","status":"publish","type":"product","link":"https:\/\/lofimusic.com.es\/index.php\/producto\/b0d2cvpndf_fr\/","title":{"rendered":"B0D2CVPNDF_FR"},"content":{"rendered":"<p>&#8211; \u3010Compatible avec la s\u00e9rie Galaxy Z Fold\u3011Ce chargeur sans fil 2 en 1 est con\u00e7u pour la s\u00e9rie Galaxy Z Fold. Compatible avec Samsung Galaxy Z Fold 6\/5\/4\/3, Pixel Fold et Galaxy Buds 3 Pro\/3\/2 Pro\/2\/Live. Il assure une charge sans interruption pour vos appareils<br \/>\n&#8211; \u3010Charge Rapide\u3011D\u00e9couvrez une charge sans fil rapide et efficace pour Z Fold 5. Il prend en charge la charge rapide de 10W pour Galaxy Z Fold et la charge rapide de 3W pour Galaxy Buds. Il permet \u00e9galement de charger en orientation paysage et portrait, offrant plusieurs options<br \/>\n&#8211; \u3010Compatible avec les Coques de T\u00e9l\u00e9phone\u3011Notre chargeur induction pour samsung fonctionner avec des coques de t\u00e9l\u00e9phone jusqu&#8217;\u00e0 5mm d&#8217;\u00e9paisseur. Cependant, assurez-vous que votre coque ne contient pas d&#8217;objets m\u00e9talliques, car cela pourrait interf\u00e9rer avec le processus de charge (Remarque : les coques avec aimants, cartes, m\u00e9taux ou trop \u00e9paisses peuvent emp\u00eacher la charge)<br \/>\n&#8211; \u3010Triple Bobine de Charge\u3011Ce chargeur sans fil pour Samsung comporte trois bobines, offrant une plage de charge plus large, permettant de placer vos appareils dans diverses positions pour une charge pratique<br \/>\n&#8211; \u3010Indicateurs de Charge Conviviaux\u3011Ce chargeur sans fil pour Z Fold 5 dispose d&#8217;indicateurs. Lorsque le chargeur est activ\u00e9, vous verrez une lumi\u00e8re verte et bleue clignotante. Une lumi\u00e8re verte fixe indique que la charge est en cours, une lumi\u00e8re bleue fixe signifie que l&#8217;appareil est compl\u00e8tement charg\u00e9, et une lumi\u00e8re bleue clignotante indique une condition anormale<br \/>\n&#8211; \u3010Contenu de la Bo\u00eete\u30111 x chargeur sans fil pour la s\u00e9rie Z Fold, 1 x adaptateur de charge PD, 1 x c\u00e2ble de charge USB Type-C (1 m), 1 x manuel d&#8217;utilisation et une garantie de 12 mois ! Si vous avez des questions, n&#8217;h\u00e9sitez pas \u00e0 nous contacter<\/p>\n","protected":false},"excerpt":{"rendered":"<p>publicit\u00e9<br \/>\nGeyo Chargeur Induction pour Samsung Galaxy Z Fold, 2 in 1 Rapide Chargeur sans Fil pour Samsung Galaxy Z Fold 6\/Z Fold 5\/Z Fold 4\/Z Fold 3, Chargeur pour Samsung Galaxy Buds 3\/3 Pro\/2\/2 Pro (Noir)<\/p>\n","protected":false},"featured_media":288,"comment_status":"open","ping_status":"closed","template":"","meta":[],"product_cat":[15],"product_tag":[],"class_list":{"0":"post-289","1":"product","2":"type-product","3":"status-publish","4":"has-post-thumbnail","6":"product_cat-sin-categorizar","7":"nodate","8":"item-wrap","10":"first","11":"instock","12":"shipping-taxable","13":"product-type-external"},"_links":{"self":[{"href":"https:\/\/lofimusic.com.es\/index.php\/wp-json\/wp\/v2\/product\/289","targetHints":{"allow":["GET"]}}],"collection":[{"href":"https:\/\/lofimusic.com.es\/index.php\/wp-json\/wp\/v2\/product"}],"about":[{"href":"https:\/\/lofimusic.com.es\/index.php\/wp-json\/wp\/v2\/types\/product"}],"replies":[{"embeddable":true,"href":"https:\/\/lofimusic.com.es\/index.php\/wp-json\/wp\/v2\/comments?post=289"}],"wp:featuredmedia":[{"embeddable":true,"href":"https:\/\/lofimusic.com.es\/index.php\/wp-json\/wp\/v2\/media\/288"}],"wp:attachment":[{"href":"https:\/\/lofimusic.com.es\/index.php\/wp-json\/wp\/v2\/media?parent=289"}],"wp:term":[{"taxonomy":"product_cat","embeddable":true,"href":"https:\/\/lofimusic.com.es\/index.php\/wp-json\/wp\/v2\/product_cat?post=289"},{"taxonomy":"product_tag","embeddable":true,"href":"https:\/\/lofimusic.com.es\/index.php\/wp-json\/wp\/v2\/product_tag?post=289"}],"curies":[{"name":"wp","href":"https:\/\/api.w.org\/{rel}","templated":true}]}}