{"id":283,"date":"2024-09-13T17:42:05","date_gmt":"2024-09-13T17:42:05","guid":{"rendered":"https:\/\/lofimusic.com.es\/index.php\/producto\/b0db5gyzcv_it\/"},"modified":"2024-09-13T17:42:05","modified_gmt":"2024-09-13T17:42:05","slug":"b0db5gyzcv_it","status":"publish","type":"product","link":"https:\/\/lofimusic.com.es\/index.php\/producto\/b0db5gyzcv_it\/","title":{"rendered":"B0DB5GYZCV_IT"},"content":{"rendered":"<p>&#8211; 1. Il massaggiatore ha due diverse modalit\u00e0 di massaggio: modalit\u00e0 10+10, con un totale di 20 frequenze diverse. Queste frequenze possono promuovere efficacemente la circolazione sanguigna, alleviare l&#8217;affaticamento fisico e aiutare gli utenti a ottenere una migliore esperienza di sonno.<br \/>\n&#8211; 2. Design unico a forma di rosa e telecomando da 10 metri: il massaggiatore adotta un design unico a forma di rosa, dando alle persone una sensazione bella e confortevole. Inoltre, \u00e8 dotato anche di un design con telecomando da 10 metri, che \u00e8 comodo per gli utenti per controllare le varie funzioni del massaggiatore in modo pi\u00f9 libero e conveniente quando si utilizza il massaggiatore.<br \/>\n&#8211; 3. Ricarica magnetica portatile: per facilitare il trasporto e la ricarica, il massaggiatore adotta un design di ricarica magnetica portatile. Gli utenti devono solo allineare la spina di ricarica con la porta di ricarica magnetica sul massaggiatore per caricare, che \u00e8 comoda da caricare e facile da trasportare.<br \/>\n&#8211; 4. Strutture impermeabili, rumore ultra-basso, inferiore a 50 dB: il massaggiatore \u00e8 dotato di strutture impermeabili e pu\u00f2 essere utilizzato in acqua. Gli utenti possono massaggiare secondo necessit\u00e0 mentre fanno il bagno. Inoltre, il massaggiatore adotta anche la tecnologia a bassissimo rumore, con un rumore inferiore a 50 dB, che \u00e8 molto silenzioso quando utilizzato e non disturber\u00e0 l&#8217;utente o le persone intorno.<br \/>\n&#8211; 5. Garanzia post-vendita e protezione della privacy: dopo aver acquistato il massaggiatore, forniremo un servizio completo di garanzia post-vendita per garantire che eventuali problemi sorti durante l&#8217;uso possano essere risolti in modo tempestivo.<\/p>\n","protected":false},"excerpt":{"rendered":"<p>pubblicit\u00e0<br \/>\nMassaggiatore \u1e7ci\u1e05r\u0101t\u00f2r\u0113\u1e57er-D\u00f2nn\u00e1-Prof\ud835\ude8essionale, 20 \u1e64ucchia e L\u00eengu\u00e1 \u00c7lit\u00f2r\u012bd\u00e8 per Donna S\u00facchi\u00e1 Clit\u00f2r\u012bd\u00e8 per \u1e0ao\u1e45na \u1e60\u1e19x T\u00f3ysc\u00f4ppi\u00e0 D\u00f3nn\u00e0 elettricoV \u00efbr\u00e0torep\u0113r D\u00f3nn\u00e0 per il relax \u2026<\/p>\n","protected":false},"featured_media":282,"comment_status":"open","ping_status":"closed","template":"","meta":[],"product_cat":[15],"product_tag":[],"class_list":{"0":"post-283","1":"product","2":"type-product","3":"status-publish","4":"has-post-thumbnail","6":"product_cat-sin-categorizar","7":"nodate","8":"item-wrap","10":"first","11":"instock","12":"shipping-taxable","13":"product-type-external"},"_links":{"self":[{"href":"https:\/\/lofimusic.com.es\/index.php\/wp-json\/wp\/v2\/product\/283","targetHints":{"allow":["GET"]}}],"collection":[{"href":"https:\/\/lofimusic.com.es\/index.php\/wp-json\/wp\/v2\/product"}],"about":[{"href":"https:\/\/lofimusic.com.es\/index.php\/wp-json\/wp\/v2\/types\/product"}],"replies":[{"embeddable":true,"href":"https:\/\/lofimusic.com.es\/index.php\/wp-json\/wp\/v2\/comments?post=283"}],"wp:featuredmedia":[{"embeddable":true,"href":"https:\/\/lofimusic.com.es\/index.php\/wp-json\/wp\/v2\/media\/282"}],"wp:attachment":[{"href":"https:\/\/lofimusic.com.es\/index.php\/wp-json\/wp\/v2\/media?parent=283"}],"wp:term":[{"taxonomy":"product_cat","embeddable":true,"href":"https:\/\/lofimusic.com.es\/index.php\/wp-json\/wp\/v2\/product_cat?post=283"},{"taxonomy":"product_tag","embeddable":true,"href":"https:\/\/lofimusic.com.es\/index.php\/wp-json\/wp\/v2\/product_tag?post=283"}],"curies":[{"name":"wp","href":"https:\/\/api.w.org\/{rel}","templated":true}]}}