{"id":281,"date":"2024-09-13T17:41:04","date_gmt":"2024-09-13T17:41:04","guid":{"rendered":"https:\/\/lofimusic.com.es\/index.php\/producto\/b0ct7m8zly_fr\/"},"modified":"2024-09-13T17:41:04","modified_gmt":"2024-09-13T17:41:04","slug":"b0ct7m8zly_fr","status":"publish","type":"product","link":"https:\/\/lofimusic.com.es\/index.php\/producto\/b0ct7m8zly_fr\/","title":{"rendered":"B0CT7M8ZLY_FR"},"content":{"rendered":"<p>&#8211; \ud83c\udfc3\u200d\u2642\ufe0f\u3010La Technologie EMS V\u00e9rifi\u00e9e par la Science\u3011- Notre ceinture abdominale electrostimulation utilise la technologie EMS r\u00e9volutionnaire, qui est v\u00e9rifi\u00e9e par la science et est un produit de fitness efficace. La technologie EMS peut stimuler en continu la contraction musculaire \u00e0 intensit\u00e9 moyenne et faible, ce qui am\u00e9liore efficacement la vitesse, l&#8217;endurance et la force musculaires, renfor\u00e7ant ainsi les effets de l&#8217;exercice et consommant plus de graisse, r\u00e9duisant l&#8217;ob\u00e9sit\u00e9.<br \/>\n&#8211; \ud83c\udfc3\u200d\u2642\ufe0f\u3010Entra\u00eenement Personnalis\u00e9\u3011Notre ceinture abdominale \u00e0 stimulation \u00e9lectrique comporte 6 modes et 15 niveaux d&#8217;intensit\u00e9 pour diff\u00e9rents niveaux d&#8217;endurance. Vous pouvez fa\u00e7onner et renforcer vos muscles selon vos pr\u00e9f\u00e9rences. Pas besoin d&#8217;appareils complexes ; entra\u00eenez-vous quand vous le souhaitez, o\u00f9 que vous soyez. Si vous ne ressentez rien aux niveaux 1 \u00e0 5, ne vous inqui\u00e9tez pas ; Il est con\u00e7u pour les personnes peu endurantes.<br \/>\n&#8211; \ud83c\udfc3\u200d\u2642\ufe0f\u3010Entra\u00eenement \u00e0 Domicile\u3011 &#8211; Notre Entra\u00eenement Abdominal EMS est facile \u00e0 utiliser et \u00e0 coller, vous permettant de faire de l&#8217;exercice \u00e0 domicile sans avoir \u00e0 aller \u00e0 la salle de sport. Il vous suffit de d\u00e9chirer l&#8217;emballage et de coller le produit sur la peau. M\u00eame en \u00e9tant allong\u00e9, vous pouvez toujours exercer vos muscles, ce qui en fait une m\u00e9thode pratique et sans effort pour faire de l&#8217;exercice \u00e0 domicile.<br \/>\n&#8211; \ud83c\udfc3\u200d\u2642\ufe0f\u3010Portable\u3011 &#8211; Notre Electrostimulateur Musculaire peut facilement \u00eatre rang\u00e9 dans votre sac \u00e0 main. Que vous soyez au travail, en voyage ou en d\u00e9placement, vous pouvez l&#8217;utiliser pour maintenir vos objectifs de remise en forme et maximiser votre temps, en faisant de lui la solution de remise en forme parfaite pour toute personne souhaitant rester en forme sans sacrifier son temps ou son \u00e9nergie.<br \/>\n&#8211; \ud83c\udfc3\u200d\u2642\ufe0f\u3010Entra\u00eenement Complet Du Corps\u3011 &#8211; Notre Electrostimulateur Musculaire peut \u00eatre utilis\u00e9 sur diff\u00e9rentes parties de votre corps, y compris vos bras, vos cuisses, votre abdomen, vos fesses et votre dos, ce qui en fait un ajout polyvalent et pr\u00e9cieux \u00e0 votre routine de fitness. Que vous cibliez une zone sp\u00e9cifique ou recherchiez un entra\u00eenement complet, notre stimulateur \u00e9lectrostimulateur EMS est l&#8217;outil parfait pour vous aider \u00e0 atteindre vos objectifs<\/p>\n","protected":false},"excerpt":{"rendered":"<p>publicit\u00e9<br \/>\nCOODAY Electrostimulateur Musculaire,Appareil Electrostimulation Abdominale, Entra\u00eenement Abdominal EMS Rapide, Efficace et S\u00fbr, Electrostimulateur Musculaire 8 Modes &amp; 15 Intensit\u00e9s<\/p>\n","protected":false},"featured_media":280,"comment_status":"open","ping_status":"closed","template":"","meta":[],"product_cat":[15],"product_tag":[],"class_list":{"0":"post-281","1":"product","2":"type-product","3":"status-publish","4":"has-post-thumbnail","6":"product_cat-sin-categorizar","7":"nodate","8":"item-wrap","10":"first","11":"instock","12":"shipping-taxable","13":"product-type-external"},"_links":{"self":[{"href":"https:\/\/lofimusic.com.es\/index.php\/wp-json\/wp\/v2\/product\/281","targetHints":{"allow":["GET"]}}],"collection":[{"href":"https:\/\/lofimusic.com.es\/index.php\/wp-json\/wp\/v2\/product"}],"about":[{"href":"https:\/\/lofimusic.com.es\/index.php\/wp-json\/wp\/v2\/types\/product"}],"replies":[{"embeddable":true,"href":"https:\/\/lofimusic.com.es\/index.php\/wp-json\/wp\/v2\/comments?post=281"}],"wp:featuredmedia":[{"embeddable":true,"href":"https:\/\/lofimusic.com.es\/index.php\/wp-json\/wp\/v2\/media\/280"}],"wp:attachment":[{"href":"https:\/\/lofimusic.com.es\/index.php\/wp-json\/wp\/v2\/media?parent=281"}],"wp:term":[{"taxonomy":"product_cat","embeddable":true,"href":"https:\/\/lofimusic.com.es\/index.php\/wp-json\/wp\/v2\/product_cat?post=281"},{"taxonomy":"product_tag","embeddable":true,"href":"https:\/\/lofimusic.com.es\/index.php\/wp-json\/wp\/v2\/product_tag?post=281"}],"curies":[{"name":"wp","href":"https:\/\/api.w.org\/{rel}","templated":true}]}}