{"id":275,"date":"2024-09-13T17:37:03","date_gmt":"2024-09-13T17:37:03","guid":{"rendered":"https:\/\/lofimusic.com.es\/index.php\/producto\/b0d7pxzl64_fr\/"},"modified":"2024-09-13T17:37:03","modified_gmt":"2024-09-13T17:37:03","slug":"b0d7pxzl64_fr","status":"publish","type":"product","link":"https:\/\/lofimusic.com.es\/index.php\/producto\/b0d7pxzl64_fr\/","title":{"rendered":"B0D7PXZL64_FR"},"content":{"rendered":"<p>&#8211; \ud83d\udcaa\u3010EMS Muscle Trainer\u3011EMS Muscle Trainer est compos\u00e9 de mat\u00e9riaux souples de haute qualit\u00e9, particuli\u00e8rement doux pour la peau et \u00e9pousant strictement les contours du corps. Il convient \u00e0 la plupart des gens tels que les personnes ob\u00e8ses, les femmes au foyer, les amateurs de sport, les cols blancs, etc.<br \/>\n&#8211; \ud83d\udcaa\u3010l&#8217;Ems Convient \u00e0 De Nombreuses Parties\u3011Abdominale ceinture pour exercer les muscles dans toutes les directions. Musculaire appareil utilis\u00e9 pour entra\u00eener l&#8217;abdomen, les bras, les jambes, les hanches et la taille pour rencontrer vos muscles. La micro-\u00e9lectricit\u00e9 intensive innovante contr\u00f4le les muscles, vous permettant de ressentir la contraction musculaire en 1 seconde. Vous pouvez vous lever, vous asseoir ou m\u00eame vous allonger. laissez les muscles s&#8217;exercer et se d\u00e9tendre.<br \/>\n&#8211; \ud83d\udcaa\u3010CONFIANCE DE CORPS \u3011 \u00c0 l&#8217;aide de notre ceinture abdominale, vous pouvez atteindre un \u00e9tat physique id\u00e9al dont vous avez toujours r\u00eav\u00e9! Les s\u00e9ances rapides de 20 minutes sont enti\u00e8rement int\u00e9gr\u00e9es avec notre entra\u00eeneur de muscle abdominal dans votre routine. Vous pourrez \u00e9prouver la diff\u00e9rence dans votre \u00e9tat physique et attitude positive !<br \/>\n&#8211; \ud83d\udcaa\u3010Facile \u00e0 Utiliser\u3011Le nouveau simulateur musculaire EMS est tr\u00e8s facile \u00e0 utiliser. Placez-le l\u00e0 o\u00f9 vous voulez vous entra\u00eener et utilisez-le pendant 15 minutes, ce qui \u00e9quivaut \u00e0 60 minutes de redressements assis, 2000 m\u00e8tres de course et 30 minutes de natation libre. La conception douce de la ceinture le rend facile \u00e0 plier et \u00e0 transporter.<br \/>\n&#8211; \ud83d\udcaa\u3010Chargement USB\u3011Le groupe de fitness \u00e0 domicile utilise une interface USB pour charger, charger rapidement, s\u00fbr et durable, transporter \u00abgym\u00bb avec vous, activer vos cellules sportives \u00e0 tout moment, n&#8217;importe o\u00f9, sans vous soucier de manquer de temps d&#8217;entra\u00eenement. Il faut 3 \u00e0 4 heures pour charger compl\u00e8tement l&#8217;h\u00f4te et il peut fonctionner en continu pendant 6 \u00e0 10 heures.<\/p>\n","protected":false},"excerpt":{"rendered":"<p>publicit\u00e9<br \/>\nAILEDA Electrostimulateur musculaire,EMS Ceinture Abdominale Electrostimulation, de Musculation avec 8 Modes+19 Niveaux, pour Femme&amp;Homme Abdomen\/Bras<\/p>\n","protected":false},"featured_media":274,"comment_status":"open","ping_status":"closed","template":"","meta":[],"product_cat":[15],"product_tag":[],"class_list":{"0":"post-275","1":"product","2":"type-product","3":"status-publish","4":"has-post-thumbnail","6":"product_cat-sin-categorizar","7":"nodate","8":"item-wrap","10":"first","11":"instock","12":"shipping-taxable","13":"product-type-external"},"_links":{"self":[{"href":"https:\/\/lofimusic.com.es\/index.php\/wp-json\/wp\/v2\/product\/275","targetHints":{"allow":["GET"]}}],"collection":[{"href":"https:\/\/lofimusic.com.es\/index.php\/wp-json\/wp\/v2\/product"}],"about":[{"href":"https:\/\/lofimusic.com.es\/index.php\/wp-json\/wp\/v2\/types\/product"}],"replies":[{"embeddable":true,"href":"https:\/\/lofimusic.com.es\/index.php\/wp-json\/wp\/v2\/comments?post=275"}],"wp:featuredmedia":[{"embeddable":true,"href":"https:\/\/lofimusic.com.es\/index.php\/wp-json\/wp\/v2\/media\/274"}],"wp:attachment":[{"href":"https:\/\/lofimusic.com.es\/index.php\/wp-json\/wp\/v2\/media?parent=275"}],"wp:term":[{"taxonomy":"product_cat","embeddable":true,"href":"https:\/\/lofimusic.com.es\/index.php\/wp-json\/wp\/v2\/product_cat?post=275"},{"taxonomy":"product_tag","embeddable":true,"href":"https:\/\/lofimusic.com.es\/index.php\/wp-json\/wp\/v2\/product_tag?post=275"}],"curies":[{"name":"wp","href":"https:\/\/api.w.org\/{rel}","templated":true}]}}