{"id":269,"date":"2024-09-13T17:33:05","date_gmt":"2024-09-13T17:33:05","guid":{"rendered":"https:\/\/lofimusic.com.es\/index.php\/producto\/b0d5hfz8j1_fr\/"},"modified":"2024-09-13T17:33:05","modified_gmt":"2024-09-13T17:33:05","slug":"b0d5hfz8j1_fr","status":"publish","type":"product","link":"https:\/\/lofimusic.com.es\/index.php\/producto\/b0d5hfz8j1_fr\/","title":{"rendered":"B0D5HFZ8J1_FR"},"content":{"rendered":"<p>&#8211; \u2600\ufe0f\u3010R\u00e9pulsif Antiparasitaire \u00e0 Ultrasons Am\u00e9lior\u00e9\u3011 R\u00e9pulsif antiparasitaire am\u00e9lior\u00e9 utilisant des ondes bioniques intelligemment \u00e0 trois couches pour stimuler les sens sensoriels et le syst\u00e8me nerveux du moustique, \u00e9loigner les parasites de votre maison ou de votre bureau, il convient \u00e0 la maison, \u00e0 l&#8217;entrep\u00f4t, bureau, h\u00f4tel.<br \/>\n&#8211; \ud83d\udd0d[large couverture et \u00e9conomie d&#8217;\u00e9nergie] les r\u00e9pulsifs d&#8217;insectes sont efficaces dans des zones de moins de 1300 m\u00e8tres carr\u00e9s. Obtenez une efficacit\u00e9 maximale dans la maison et l&#8217;appartement, le bureau, le garage, le grenier, le sous-sol, l&#8217;entrep\u00f4t, la serre et le jardin. Cependant, parce que les murs et les objets solides peuvent affaiblir l&#8217;effet ultrasonique, nous sugg\u00e9rons que chaque pi\u00e8ce soit \u00e9quip\u00e9e d&#8217;au moins un \u00e9quipement.<br \/>\n&#8211; \ud83c\udf43\u3010R\u00e9pulsif Anti-Moustique \u00e0 Brancher en Toute S\u00e9curit\u00e9\u3011 L&#8217;insectifuge fonctionne de mani\u00e8re physique pour r\u00e9duire les moustiques. Le r\u00e9pulsif antiparasitaire \u00e0 ultrasons n&#8217;a pas de fum\u00e9es, pas de sprays, pas de mauvaise odeur.Vous pouvez \u00e9galement utiliser l&#8217;insectifuge pour prot\u00e9ger vos plantes ou vos animaux domestiques des insectes d\u00e9rangeants, sans vous soucier des probl\u00e8mes de sant\u00e9.<br \/>\n&#8211; \u2705[large couverture et \u00e9conomie d&#8217;\u00e9nergie] les r\u00e9pulsifs d&#8217;insectes sont efficaces dans des zones de moins de 1300 m\u00e8tres carr\u00e9s. Obtenez une efficacit\u00e9 maximale dans la maison et l&#8217;appartement, le bureau, le garage, le grenier, le sous-sol, l&#8217;entrep\u00f4t, la serre et le jardin. Cependant, parce que les murs et les objets solides peuvent affaiblir l&#8217;effet ultrasonique, nous sugg\u00e9rons que chaque pi\u00e8ce soit \u00e9quip\u00e9e d&#8217;au moins un \u00e9quipement.<br \/>\n&#8211; \ud83d\udce1\u3010 Veilleuse Et Anti-Mouches 2 En 1 \u3011 Le r\u00e9pulsif antiparasitaire \u00e0 ultrasons a la lumi\u00e8re UV la plus attrayante et la lumi\u00e8re LED adopte la derni\u00e8re puce de conversion de fr\u00e9quence, de sorte que le r\u00e9pulsif anti-moustiques enfichable changera automatiquement la longueur d&#8217;onde pour attraper les moustiques. C&#8217;est \u00e9galement une veilleuse inductive, qui se convertit en appuyant sur un interrupteur. Attention: en mode veilleuse, il s&#8217;allume automatiquement lorsque la lumi\u00e8re ambiante est sombre.<\/p>\n","protected":false},"excerpt":{"rendered":"<p>publicit\u00e9<br \/>\nAILEDA Antiformica,4 pezzi di repellente ultrasonico per zanzare,repellente per insetti AI e repellente elettronico per zanzare,zanzara,topo,Formica(Ultrason Anti Moustique)<\/p>\n","protected":false},"featured_media":268,"comment_status":"open","ping_status":"closed","template":"","meta":[],"product_cat":[15],"product_tag":[],"class_list":{"0":"post-269","1":"product","2":"type-product","3":"status-publish","4":"has-post-thumbnail","6":"product_cat-sin-categorizar","7":"nodate","8":"item-wrap","10":"first","11":"instock","12":"shipping-taxable","13":"product-type-external"},"_links":{"self":[{"href":"https:\/\/lofimusic.com.es\/index.php\/wp-json\/wp\/v2\/product\/269","targetHints":{"allow":["GET"]}}],"collection":[{"href":"https:\/\/lofimusic.com.es\/index.php\/wp-json\/wp\/v2\/product"}],"about":[{"href":"https:\/\/lofimusic.com.es\/index.php\/wp-json\/wp\/v2\/types\/product"}],"replies":[{"embeddable":true,"href":"https:\/\/lofimusic.com.es\/index.php\/wp-json\/wp\/v2\/comments?post=269"}],"wp:featuredmedia":[{"embeddable":true,"href":"https:\/\/lofimusic.com.es\/index.php\/wp-json\/wp\/v2\/media\/268"}],"wp:attachment":[{"href":"https:\/\/lofimusic.com.es\/index.php\/wp-json\/wp\/v2\/media?parent=269"}],"wp:term":[{"taxonomy":"product_cat","embeddable":true,"href":"https:\/\/lofimusic.com.es\/index.php\/wp-json\/wp\/v2\/product_cat?post=269"},{"taxonomy":"product_tag","embeddable":true,"href":"https:\/\/lofimusic.com.es\/index.php\/wp-json\/wp\/v2\/product_tag?post=269"}],"curies":[{"name":"wp","href":"https:\/\/api.w.org\/{rel}","templated":true}]}}