{"id":257,"date":"2024-09-13T17:29:04","date_gmt":"2024-09-13T17:29:04","guid":{"rendered":"https:\/\/lofimusic.com.es\/index.php\/producto\/b0cjj3q2w7_fr\/"},"modified":"2024-09-13T17:29:04","modified_gmt":"2024-09-13T17:29:04","slug":"b0cjj3q2w7_fr","status":"publish","type":"product","link":"https:\/\/lofimusic.com.es\/index.php\/producto\/b0cjj3q2w7_fr\/","title":{"rendered":"B0CJJ3Q2W7_FR"},"content":{"rendered":"<p>&#8211; \ud83d\udc63\u3010Suivi de l&#8217;activit\u00e9 toute la Journ\u00e9e\u3011: La montre connect\u00e9e enfant peut suivre les pas, les calories, le kilom\u00e9trage, la fr\u00e9quence cardiaque et d&#8217;autres donn\u00e9es de l&#8217;enfant pendant 24 heures. La bracelet connect\u00e9 dispose de 5 modes sportifs : marche, course, v\u00e9lo, escalade et natation. Les montre intelligente enfant r\u00e9pondent aux besoins des activit\u00e9s quotidiennes des enfants et sont le meilleur cadeau pour les enfants<br \/>\n&#8211; \ud83d\udc95\u3010Prendre Soin de la Sant\u00e9 des Enfants\u3011: La surveillance du sommeil des montre connect\u00e9e enfant fille surveille et enregistre automatiquement la qualit\u00e9 du sommeil la nuit. La d\u00e9tection de la fr\u00e9quence cardiaque de la montre connect\u00e9e enfant gar\u00e7on d\u00e9tectera automatiquement la fr\u00e9quence cardiaque. La d\u00e9tection de la pression art\u00e9rielle par montre enfant connect\u00e9e peut d\u00e9tecter la pression art\u00e9rielle, l&#8217;oxyg\u00e8ne dans le sang et la fatigue (ne peut pas \u00eatre utilis\u00e9 pour le suivi m\u00e9dical)<br \/>\n&#8211; \ud83c\udf84\u3010Rappel Intelligent\u3011: La trackers d&#8217;activit\u00e9 a un rappel d&#8217;informations sur les appels\/messages\/logiciels sociaux entrants. Lors de la r\u00e9ception d&#8217;un message, la montre connectee enfant garcon de l&#8217;enfant vibrera pour rappeler \u00e0 l&#8217;enfant de v\u00e9rifier le contenu du message et ne manquera pas le message du parent. La montre connectee enfant dispose \u00e9galement d&#8217;un rappel r\u00e9veil\/s\u00e9dentaire\/eau potable\/m\u00e9dicament pour aider les enfants \u00e0 d\u00e9velopper de bonnes habitudes<br \/>\n&#8211; \ud83d\udd0b\u3010Taille Appropri\u00e9e et Imperm\u00e9able \u00e0 l&#8217;eau\u3011: La gamme de taille appropri\u00e9e pour la montre connect\u00e9e ado est: 134mm &#8211; 245mm, convient aux enfants de 12 ans ou plus. Les montre connect\u00e9e fille sont \u00e9tanches IP67 et les montres intelligentes pour enfants peuvent \u00eatre port\u00e9es sous une pluie l\u00e9g\u00e8re ou lorsque vous vous lavez les mains. La smartwatch enfant dispose d&#8217;une interface USB int\u00e9gr\u00e9e pour charger, ce qui est tr\u00e8s pratique. Conseil: s&#8217;il vous pla\u00eet ne pas porter pendant la natation<br \/>\n&#8211; \ud83c\udf81\u3010Compatibilit\u00e9 et Autres Fonctions\u3011: La montre connectee fille de 0,96 pouce adopte un \u00e9cran couleur tactile. Les 3 cadrans de la montre tactile enfant peuvent \u00eatre remplac\u00e9s. La montre podometre enfant est compatible avec iOS 9.0 et versions ult\u00e9rieures, Android 5.0 et versions ult\u00e9rieures, et prend en charge Bluetooth 4.0. La montre connecte\u0301e enfant dispose \u00e9galement de fonctions telles que le contr\u00f4le de la cam\u00e9ra, le chronom\u00e8tre, le r\u00e9glage de la luminosit\u00e9, etc<\/p>\n","protected":false},"excerpt":{"rendered":"<p>publicit\u00e9<br \/>\nMontre Connect\u00e9e Enfant Sport Smartwatch: 0.96&#8243; Connect\u00e9 Bracelet Fille Garcon Fitness Tracker Activit\u00e9 avec Etanche Podom\u00e8tre Tensiometre Moniteur de Sommeil Ecran Tactile R\u00e9veil (Noir)<\/p>\n","protected":false},"featured_media":256,"comment_status":"open","ping_status":"closed","template":"","meta":[],"product_cat":[15],"product_tag":[],"class_list":{"0":"post-257","1":"product","2":"type-product","3":"status-publish","4":"has-post-thumbnail","6":"product_cat-sin-categorizar","7":"nodate","8":"item-wrap","10":"first","11":"instock","12":"shipping-taxable","13":"product-type-external"},"_links":{"self":[{"href":"https:\/\/lofimusic.com.es\/index.php\/wp-json\/wp\/v2\/product\/257","targetHints":{"allow":["GET"]}}],"collection":[{"href":"https:\/\/lofimusic.com.es\/index.php\/wp-json\/wp\/v2\/product"}],"about":[{"href":"https:\/\/lofimusic.com.es\/index.php\/wp-json\/wp\/v2\/types\/product"}],"replies":[{"embeddable":true,"href":"https:\/\/lofimusic.com.es\/index.php\/wp-json\/wp\/v2\/comments?post=257"}],"wp:featuredmedia":[{"embeddable":true,"href":"https:\/\/lofimusic.com.es\/index.php\/wp-json\/wp\/v2\/media\/256"}],"wp:attachment":[{"href":"https:\/\/lofimusic.com.es\/index.php\/wp-json\/wp\/v2\/media?parent=257"}],"wp:term":[{"taxonomy":"product_cat","embeddable":true,"href":"https:\/\/lofimusic.com.es\/index.php\/wp-json\/wp\/v2\/product_cat?post=257"},{"taxonomy":"product_tag","embeddable":true,"href":"https:\/\/lofimusic.com.es\/index.php\/wp-json\/wp\/v2\/product_tag?post=257"}],"curies":[{"name":"wp","href":"https:\/\/api.w.org\/{rel}","templated":true}]}}