{"id":253,"date":"2024-09-13T17:25:04","date_gmt":"2024-09-13T17:25:04","guid":{"rendered":"https:\/\/lofimusic.com.es\/index.php\/producto\/b0d14drsn6_fr\/"},"modified":"2024-09-13T17:25:04","modified_gmt":"2024-09-13T17:25:04","slug":"b0d14drsn6_fr","status":"publish","type":"product","link":"https:\/\/lofimusic.com.es\/index.php\/producto\/b0d14drsn6_fr\/","title":{"rendered":"B0D14DRSN6_FR"},"content":{"rendered":"<p>&#8211; \u3010Faible Bruit\u3011: Le mini ventilateur utilise un moteur en cuivre pur de haute qualit\u00e9 pour r\u00e9duire le bruit de friction et fournir un vent puissant et frais \u00e0 un niveau de bruit inf\u00e9rieur. Le ventilateur portable a un bruit maximal de 20 &#8211; 30 d\u00e9cibels. Avec un design \u00e9l\u00e9gant et un emballage raffin\u00e9, le ventilateur usb est le cadeau parfait pour votre famille, vos amis ou vos coll\u00e8gues, surtout pendant les chaudes journ\u00e9es d&#8217;\u00e9t\u00e9<br \/>\n&#8211; \u3010R\u00e9glage \u00e0 4 Vitesses et Nettoyage Facile\u3011: Le mini ventilateur portable dispose de 4 niveaux de vitesse r\u00e9glables (naturel, lent, moyen et rapide) et est \u00e9quip\u00e9 de 7 pales de ventilateur en mat\u00e9riau ABS+PC, robustes et durables, produisant un flux d&#8217;air froid puissant et doux qui peut \u00eatre facilement trait\u00e9 m\u00eame avec des temp\u00e9ratures \u00e9lev\u00e9es. Le bouclier du refroidissement et ventilateurs peut \u00eatre retir\u00e9 et nettoy\u00e9 pour fournir un air froid plus frais<br \/>\n&#8211; \u3010Pliable et Utilisation Multi &#8211; Sc\u00e8ne\u3011: Le petit ventilateur prend en charge le pliage \u00e0 180 \u00b0. Le petit ventilateur de poche peut \u00eatre utilis\u00e9 comme ventilateur \u00e0 main lorsqu&#8217;il est d\u00e9ploy\u00e9 \u00e0 180\u00b0. Une fois pli\u00e9 \u00e0 90 \u00b0, il peut \u00eatre utilis\u00e9 comme chambre \u00e0 coucher, bureau, etc. pour plusieurs occasions. Le ventilateur de table peut \u00eatre compl\u00e8tement dans votre poche apr\u00e8s l&#8217;arr\u00eat de l&#8217;utilisation<br \/>\n&#8211; \u3010Chargement USB et Plusieurs M\u00e9thodes de Chargement\u3011: Le petit ventilateur portable utilise un port de chargement USB (type &#8211; c). mini ventilateur usb prend en charge le chargeur USB, ordinateur portable, ordinateur, chargeur de voiture et autres p\u00e9riph\u00e9riques USB pour charger, ne vous inqui\u00e9tez pas de la charge<br \/>\n&#8211; \u3010Ultra Longue Endurance\u3011: Le ventilateur de bureau a une grande capacit\u00e9 de batterie 2000mah, le temps de charge est d&#8217;environ 3 heures, l&#8217;endurance est de 4 \u00e0 14 heures. Le ventilateur usb silencieux a 3 Indicateurs de couleur, l&#8217;indicateur de charge est rouge, l&#8217;indicateur de remplissage est vert, l&#8217;indicateur de travail est bleu (ne s&#8217;allume pas apr\u00e8s 10 secondes)<\/p>\n","protected":false},"excerpt":{"rendered":"<p>publicit\u00e9<br \/>\nMini Ventilateur Portable Silencieux Rechargeable &#8211; Petit Ventilo Batterie Ventilateurs portatif USB Table Fan Main Ventillateur de Poche avec 4 Vitesses et 7 Lames Pour Voyage Bureau Maison (rose)<\/p>\n","protected":false},"featured_media":252,"comment_status":"open","ping_status":"closed","template":"","meta":[],"product_cat":[15],"product_tag":[],"class_list":{"0":"post-253","1":"product","2":"type-product","3":"status-publish","4":"has-post-thumbnail","6":"product_cat-sin-categorizar","7":"nodate","8":"item-wrap","10":"first","11":"instock","12":"shipping-taxable","13":"product-type-external"},"_links":{"self":[{"href":"https:\/\/lofimusic.com.es\/index.php\/wp-json\/wp\/v2\/product\/253","targetHints":{"allow":["GET"]}}],"collection":[{"href":"https:\/\/lofimusic.com.es\/index.php\/wp-json\/wp\/v2\/product"}],"about":[{"href":"https:\/\/lofimusic.com.es\/index.php\/wp-json\/wp\/v2\/types\/product"}],"replies":[{"embeddable":true,"href":"https:\/\/lofimusic.com.es\/index.php\/wp-json\/wp\/v2\/comments?post=253"}],"wp:featuredmedia":[{"embeddable":true,"href":"https:\/\/lofimusic.com.es\/index.php\/wp-json\/wp\/v2\/media\/252"}],"wp:attachment":[{"href":"https:\/\/lofimusic.com.es\/index.php\/wp-json\/wp\/v2\/media?parent=253"}],"wp:term":[{"taxonomy":"product_cat","embeddable":true,"href":"https:\/\/lofimusic.com.es\/index.php\/wp-json\/wp\/v2\/product_cat?post=253"},{"taxonomy":"product_tag","embeddable":true,"href":"https:\/\/lofimusic.com.es\/index.php\/wp-json\/wp\/v2\/product_tag?post=253"}],"curies":[{"name":"wp","href":"https:\/\/api.w.org\/{rel}","templated":true}]}}