{"id":249,"date":"2024-09-13T17:24:04","date_gmt":"2024-09-13T17:24:04","guid":{"rendered":"https:\/\/lofimusic.com.es\/index.php\/producto\/b0czq7qg3n_de\/"},"modified":"2024-09-13T17:24:04","modified_gmt":"2024-09-13T17:24:04","slug":"b0czq7qg3n_de","status":"publish","type":"product","link":"https:\/\/lofimusic.com.es\/index.php\/producto\/b0czq7qg3n_de\/","title":{"rendered":"B0CZQ7QG3N_DE"},"content":{"rendered":"<p>&#8211; Stabile Bluetooth 5.3 Technologie: Das S49 Bluetooth kopfh\u00f6rer ist mit einem vollst\u00e4ndig aktualisierten Bluetooth 5.3 Chip ausgestattet, der die Geschwindigkeit der Audiodaten\u00fcbertragung um bis zu 90 % erh\u00f6ht mit einer antenne mit hoher empfindlichkeit mit optimierter Bluetooth-\u00fcbertragung, sodass Sie auch in Gebieten mit komplexem Signal kontinuierliche und stabile Anrufe genie\u00dfen k\u00f6nnen (Die \u00dcbertragungsreichweite betr\u00e4gt bis zu 15m).<br \/>\n&#8211; Stereo-Klangqualit\u00e4t und Kristallklare Anrufe: S49 kopfh\u00f6rer kabellos mit 13mm Graphen-dynamische-membran und der AAC\/SBC-Audiocodierungstechnologie, unterst\u00fctzt die HIFI-Klangqualit\u00e4t, Das Gef\u00fchl f\u00fcr tiefe Frequenzen wird verst\u00e4rkt, um den Schock der Musikszene wiederzugeben.Das kopfh\u00f6rer kabellos verwendet eine ENC-Technologie und 4 HD Mic, die Umgebungsger\u00e4usche werden um mehr als 38 dB reduziert, wodurch sichergestellt wird, dass Ihre Stimme am anderen Ende klar geh\u00f6rt wird.<br \/>\n&#8211; 40H Spielzeit und LED-Digitalanzeige: S49 kabellose kopfh\u00f6rer mit doppelter LED-Anzeige, sie k\u00f6nnen den Ladezustand der einzelnen kopfh\u00f6rer und Ladebeh\u00e4lter deutlich erkennen.Die in ear bluetooth kopfh\u00f6rer k\u00f6nnen mit einer einzigen ladung bis zu 8 stunden lang spielen, mit mehreren aufladungen \u00fcber das ladeetui bis zu 40 Stunden. Die Ladebox verf\u00fcgt \u00fcber eine USB-C schnellladefunktion, die es erm\u00f6glicht in 1.5 stunden vollst\u00e4ndig aufzuladen.<br \/>\n&#8211; Ergonomisches Design und IP7 Wasserdicht: Die S49 kopfh\u00f6rer bluetooth haben ein ergonomisches Semi In Ear Design und wiegen nur 4 Gramm. Sie werden keine Beschwerden versp\u00fcren, selbst wenn Sie sie den ganzen Tag tragen. IP7 wasserdichte technologie sch\u00fctzt in ear kopfh\u00f6rer bluetooth sport effizient vor sch\u00e4den durch schwei\u00df und regen, beste wahl zum laufen, joggen, Fitness.<br \/>\n&#8211; Touch Steuerung und breite Kompatibilit\u00e4t: Die in ear kopfh\u00f6rer bluetooth verf\u00fcgen \u00fcber empfindliche Touch-Bedienelemente. Tippen Sie auf das wireless earbuds um einfach abzuspielen\/zu pausieren, die Lautst\u00e4rke zu regeln, zwischen Titeln zu wechseln, Anrufe anzunehmen\/aufzulegen und den Sprachassistenten zu aktivieren. Kompatibel mit den meisten Bluetooth-Ger\u00e4ten wie iOS, Android. Die beiden ohrh\u00f6rer bluetoot k\u00f6nnen alleine oder im Zwei-Kanal-Modus verwendet werden.<\/p>\n","protected":false},"excerpt":{"rendered":"<p>Werbung<br \/>\nKIPTUMTEK Bluetooth Kopfh\u00f6rer, Kopfh\u00f6rer Kabellos Bluetooth 5.3 In Ear Kopfh\u00f6rer Bluetooth mit 4 Noise Cancelling Mics Tiefer Bass, Kabellose Kopfh\u00f6rer 40H Spielzeit mit LED IP7 Wasserdicht Blau<\/p>\n","protected":false},"featured_media":248,"comment_status":"open","ping_status":"closed","template":"","meta":[],"product_cat":[15],"product_tag":[],"class_list":{"0":"post-249","1":"product","2":"type-product","3":"status-publish","4":"has-post-thumbnail","6":"product_cat-sin-categorizar","7":"nodate","8":"item-wrap","10":"first","11":"instock","12":"shipping-taxable","13":"product-type-external"},"_links":{"self":[{"href":"https:\/\/lofimusic.com.es\/index.php\/wp-json\/wp\/v2\/product\/249","targetHints":{"allow":["GET"]}}],"collection":[{"href":"https:\/\/lofimusic.com.es\/index.php\/wp-json\/wp\/v2\/product"}],"about":[{"href":"https:\/\/lofimusic.com.es\/index.php\/wp-json\/wp\/v2\/types\/product"}],"replies":[{"embeddable":true,"href":"https:\/\/lofimusic.com.es\/index.php\/wp-json\/wp\/v2\/comments?post=249"}],"wp:featuredmedia":[{"embeddable":true,"href":"https:\/\/lofimusic.com.es\/index.php\/wp-json\/wp\/v2\/media\/248"}],"wp:attachment":[{"href":"https:\/\/lofimusic.com.es\/index.php\/wp-json\/wp\/v2\/media?parent=249"}],"wp:term":[{"taxonomy":"product_cat","embeddable":true,"href":"https:\/\/lofimusic.com.es\/index.php\/wp-json\/wp\/v2\/product_cat?post=249"},{"taxonomy":"product_tag","embeddable":true,"href":"https:\/\/lofimusic.com.es\/index.php\/wp-json\/wp\/v2\/product_tag?post=249"}],"curies":[{"name":"wp","href":"https:\/\/api.w.org\/{rel}","templated":true}]}}