{"id":247,"date":"2024-09-13T17:21:06","date_gmt":"2024-09-13T17:21:06","guid":{"rendered":"https:\/\/lofimusic.com.es\/index.php\/producto\/b0d25s9xsj_fr\/"},"modified":"2024-09-13T17:21:06","modified_gmt":"2024-09-13T17:21:06","slug":"b0d25s9xsj_fr","status":"publish","type":"product","link":"https:\/\/lofimusic.com.es\/index.php\/producto\/b0d25s9xsj_fr\/","title":{"rendered":"B0D25S9XSJ_FR"},"content":{"rendered":"","protected":false},"excerpt":{"rendered":"<p>publicit\u00e9<br \/>\nAMZTOP Adaptateur Lightning vers USB [certifi\u00e9 MFi] Adaptateur de cam\u00e9ra pour iPhone, iOS OTG Adaptateur de c\u00e2ble Prend en Charge Le Lecteur Flash, et de Carte, Souris, Clavier Plug and Play<\/p>\n","protected":false},"featured_media":246,"comment_status":"open","ping_status":"closed","template":"","meta":[],"product_cat":[15],"product_tag":[],"class_list":{"0":"post-247","1":"product","2":"type-product","3":"status-publish","4":"has-post-thumbnail","6":"product_cat-sin-categorizar","7":"nodate","8":"item-wrap","10":"first","11":"instock","12":"shipping-taxable","13":"product-type-external"},"_links":{"self":[{"href":"https:\/\/lofimusic.com.es\/index.php\/wp-json\/wp\/v2\/product\/247","targetHints":{"allow":["GET"]}}],"collection":[{"href":"https:\/\/lofimusic.com.es\/index.php\/wp-json\/wp\/v2\/product"}],"about":[{"href":"https:\/\/lofimusic.com.es\/index.php\/wp-json\/wp\/v2\/types\/product"}],"replies":[{"embeddable":true,"href":"https:\/\/lofimusic.com.es\/index.php\/wp-json\/wp\/v2\/comments?post=247"}],"wp:featuredmedia":[{"embeddable":true,"href":"https:\/\/lofimusic.com.es\/index.php\/wp-json\/wp\/v2\/media\/246"}],"wp:attachment":[{"href":"https:\/\/lofimusic.com.es\/index.php\/wp-json\/wp\/v2\/media?parent=247"}],"wp:term":[{"taxonomy":"product_cat","embeddable":true,"href":"https:\/\/lofimusic.com.es\/index.php\/wp-json\/wp\/v2\/product_cat?post=247"},{"taxonomy":"product_tag","embeddable":true,"href":"https:\/\/lofimusic.com.es\/index.php\/wp-json\/wp\/v2\/product_tag?post=247"}],"curies":[{"name":"wp","href":"https:\/\/api.w.org\/{rel}","templated":true}]}}