{"id":245,"date":"2024-09-13T17:21:05","date_gmt":"2024-09-13T17:21:05","guid":{"rendered":"https:\/\/lofimusic.com.es\/index.php\/producto\/b0d45brr4k_it\/"},"modified":"2024-09-13T17:21:05","modified_gmt":"2024-09-13T17:21:05","slug":"b0d45brr4k_it","status":"publish","type":"product","link":"https:\/\/lofimusic.com.es\/index.php\/producto\/b0d45brr4k_it\/","title":{"rendered":"B0D45BRR4K_IT"},"content":{"rendered":"<p>&#8211; \u3010Silenzioso e Senza Tossico, Sicuro Per Famiglia\u3011 Il lampada anti zanzara ricaricabile con metodi fisici e funzionamento silenzioso. Pu\u00f2 farti dormire bene, senza odore, senza sostanze chimiche, senza esca e senza radiazioni, elimina fisicamente 100% le zanzare, gli acari e gli insetti. \u00c8 ecologico e sicuro per le donne incinte, i bambini e gli animali. La griglia interna \u00e8 dotata di un alloggiamento in plastica per evitare il contatto accidentale.<br \/>\n&#8211; \u3010Facile da pulire: per pulire le zanzare morte\u3011 Assicurati che il dispositivo sia scollegato da una presa di corrente, quindi apri il coperchio protettivo antizanzare. Utilizzare un cacciavite per toccare la piastra di metallo per rilasciare l&#8217;elettricit\u00e0 statica. Usa il fazzoletto o il pennellino per rimuovere gli insetti morti dall&#8217;uccisore di insetti da interno.<br \/>\n&#8211; \u3010Risparmio Energetico ed Ecologico\u3011La bassa potenza della lampada \u00e8 molto a risparmio energetico, silenziosa, senza radiazioni, senza odori speciali, senza inquinamento secondario, sicura e efficace (gli insetti morti intrappolati non vengono distribuiti in altri luoghi nel cibo e nelle lampade), basta inclinare e versare direttamente le zanzare. Senza l&#8217;uso di pesticidi o sostanze chimiche pericolose. Tenere questo prodotto fuori dei bambini o degli animali domestici! \ufeff<br \/>\n&#8211; \u3010Alta qualit\u00e0 e durevole\u3011 C&#8217;\u00e8 una solida rete di ferro attorno al lampada antizanzare elettrica UV e il guscio esterno \u00e8 realizzato in materiale ABS di alta qualit\u00e0. La doppia protezione aiuta a evitare che le zanzare vengano graffiate, belle e resistenti.<br \/>\n&#8211; \u30104 Confezioni Design Unico e Utilizzo Versatile\u3011Perfetto per cucina, soggiorno, camera da letto, bagno, magazzino e cantina, allo stesso tempo insetticida per interni. Per ottenere meglio l&#8217;effetto di controllo delle zanzare, spegnere la luce e accendere in anticipo il killer delle zanzare. Facile da sostituire. Questo killer di mosche da interno non occupa molto spazio nella tua stanza. Protegge e previene mosche e insetti fastidiosi e portatori di malattie!<\/p>\n","protected":false},"excerpt":{"rendered":"<p>pubblicit\u00e0<br \/>\nElettrica Antizanzare, Zanzariera Elettrica con Luce, Elettrica Atossica e Sicura,UV Anti Trappola Zanzare Elettrica,per Casa Interno Esterno Cucina Soggiorno<\/p>\n","protected":false},"featured_media":244,"comment_status":"open","ping_status":"closed","template":"","meta":[],"product_cat":[15],"product_tag":[],"class_list":{"0":"post-245","1":"product","2":"type-product","3":"status-publish","4":"has-post-thumbnail","6":"product_cat-sin-categorizar","7":"nodate","8":"item-wrap","10":"first","11":"instock","12":"shipping-taxable","13":"product-type-external"},"_links":{"self":[{"href":"https:\/\/lofimusic.com.es\/index.php\/wp-json\/wp\/v2\/product\/245","targetHints":{"allow":["GET"]}}],"collection":[{"href":"https:\/\/lofimusic.com.es\/index.php\/wp-json\/wp\/v2\/product"}],"about":[{"href":"https:\/\/lofimusic.com.es\/index.php\/wp-json\/wp\/v2\/types\/product"}],"replies":[{"embeddable":true,"href":"https:\/\/lofimusic.com.es\/index.php\/wp-json\/wp\/v2\/comments?post=245"}],"wp:featuredmedia":[{"embeddable":true,"href":"https:\/\/lofimusic.com.es\/index.php\/wp-json\/wp\/v2\/media\/244"}],"wp:attachment":[{"href":"https:\/\/lofimusic.com.es\/index.php\/wp-json\/wp\/v2\/media?parent=245"}],"wp:term":[{"taxonomy":"product_cat","embeddable":true,"href":"https:\/\/lofimusic.com.es\/index.php\/wp-json\/wp\/v2\/product_cat?post=245"},{"taxonomy":"product_tag","embeddable":true,"href":"https:\/\/lofimusic.com.es\/index.php\/wp-json\/wp\/v2\/product_tag?post=245"}],"curies":[{"name":"wp","href":"https:\/\/api.w.org\/{rel}","templated":true}]}}