{"id":243,"date":"2024-09-13T17:19:04","date_gmt":"2024-09-13T17:19:04","guid":{"rendered":"https:\/\/lofimusic.com.es\/index.php\/producto\/b0d1gd1dgl_de\/"},"modified":"2024-09-13T17:19:04","modified_gmt":"2024-09-13T17:19:04","slug":"b0d1gd1dgl_de","status":"publish","type":"product","link":"https:\/\/lofimusic.com.es\/index.php\/producto\/b0d1gd1dgl_de\/","title":{"rendered":"B0D1GD1DGL_DE"},"content":{"rendered":"<p>&#8211; KOMPLEX 8 IN 1: Unser Erg\u00e4nzungsmittel ist darauf ausgerichtet, Ihr Wohlbefinden zu unterst\u00fctzen. Mit einer Kombination aus Shilajit, Ashwagandha, Rhodiola Rosea und Panax Ginseng hilft es, das nat\u00fcrliche Gleichgewicht Ihres K\u00f6rpers aufrechtzuerhalten.<br \/>\n&#8211; VITALIT\u00c4T UND WIDERSTANDSF\u00c4HIGKEIT: Die Vereinigung von Shilajit und Ashwagandha in unserem Erg\u00e4nzungsmittel AG NATURE f\u00f6rdert Vitalit\u00e4t und Kraft. Diese Inhaltsstoffe sind bekannt f\u00fcr ihre Unterst\u00fctzung des Energiehaushalts.<br \/>\n&#8211; FOKUS UND LEISTUNG: Die Synergie zwischen Shilajit und Rhodiola Rosea von AG NATURE soll dazu beitragen, die nat\u00fcrliche k\u00f6rperliche und geistige Ausdauer zu unterst\u00fctzen. Diese Kombination kann dazu beitragen, die Konzentration und kognitive Leistung zu f\u00f6rdern.<br \/>\n&#8211; ENERGIE UND LEISTUNG: Innerhalb unserer ausgew\u00e4hlten Inhaltsstoffe arbeiten Shilajit und Panax Ginseng zusammen, um zu einem normalen Energiestoffwechsel beizutragen. Dieses Duo kann ein guter Verb\u00fcndeter f\u00fcr allt\u00e4gliche Herausforderungen und intensivere Aktivit\u00e4ten sein.<br \/>\n&#8211; F\u00dcR JEDEN LEBENSSTIL: Wenn Sie auf Ihrem Weg zum Wohlbefinden einen Verb\u00fcndeten suchen, ist AG NATURE die richtige Wahl. Ideal f\u00fcr gesundheitsbewusste Menschen, die auf der Suche nach nat\u00fcrlicher Unterst\u00fctzung sind, um ein vitales Gleichgewicht zu erhalten.<\/p>\n","protected":false},"excerpt":{"rendered":"<p>Werbung<br \/>\nAG nature Shilajit Pure Himalayano Original Stark 90 Cps | 1520 mg Complex 8 in 1 mit Ashwagandha, Rhodiola Rosea, Kurkuma, Brennnessel, Gingko Biloba und Panax Ginseng<\/p>\n","protected":false},"featured_media":242,"comment_status":"open","ping_status":"closed","template":"","meta":[],"product_cat":[15],"product_tag":[],"class_list":{"0":"post-243","1":"product","2":"type-product","3":"status-publish","4":"has-post-thumbnail","6":"product_cat-sin-categorizar","7":"nodate","8":"item-wrap","10":"first","11":"instock","12":"shipping-taxable","13":"product-type-external"},"_links":{"self":[{"href":"https:\/\/lofimusic.com.es\/index.php\/wp-json\/wp\/v2\/product\/243","targetHints":{"allow":["GET"]}}],"collection":[{"href":"https:\/\/lofimusic.com.es\/index.php\/wp-json\/wp\/v2\/product"}],"about":[{"href":"https:\/\/lofimusic.com.es\/index.php\/wp-json\/wp\/v2\/types\/product"}],"replies":[{"embeddable":true,"href":"https:\/\/lofimusic.com.es\/index.php\/wp-json\/wp\/v2\/comments?post=243"}],"wp:featuredmedia":[{"embeddable":true,"href":"https:\/\/lofimusic.com.es\/index.php\/wp-json\/wp\/v2\/media\/242"}],"wp:attachment":[{"href":"https:\/\/lofimusic.com.es\/index.php\/wp-json\/wp\/v2\/media?parent=243"}],"wp:term":[{"taxonomy":"product_cat","embeddable":true,"href":"https:\/\/lofimusic.com.es\/index.php\/wp-json\/wp\/v2\/product_cat?post=243"},{"taxonomy":"product_tag","embeddable":true,"href":"https:\/\/lofimusic.com.es\/index.php\/wp-json\/wp\/v2\/product_tag?post=243"}],"curies":[{"name":"wp","href":"https:\/\/api.w.org\/{rel}","templated":true}]}}