{"id":241,"date":"2024-09-13T17:18:05","date_gmt":"2024-09-13T17:18:05","guid":{"rendered":"https:\/\/lofimusic.com.es\/index.php\/producto\/b0d9ycgxf4_it\/"},"modified":"2024-09-13T17:18:05","modified_gmt":"2024-09-13T17:18:05","slug":"b0d9ycgxf4_it","status":"publish","type":"product","link":"https:\/\/lofimusic.com.es\/index.php\/producto\/b0d9ycgxf4_it\/","title":{"rendered":"B0D9YCGXF4_IT"},"content":{"rendered":"<p>&#8211; \u3010Innocuo per l&#8217;uomo e gli animali\u3011 Il repellente ultrasuoni per talpe di tipo solare emette forti onde di vibrazione e segnali acustici. Fa sentire gli animali a disagio e pu\u00f2 essere respinto senza danneggiarli. Poich\u00e9 \u00e8 un sensore a ultrasuoni, puoi sentire un piccolo suono. \u00c8 innocuo per l&#8217;uomo e gli animali, ma si consiglia di posizionarlo all&#8217;aperto.<br \/>\n&#8211; \u3010Ricarica solare\u3011alimentazione tramite cella solare, nessuna batteria aggiuntiva richiesta. Installandolo in un luogo soleggiato, puoi sempre caricare la batteria integrata e non devi preoccuparti di rimanere senza batteria.Poich\u00e9 le prestazioni di precisione del pannello solare sono state migliorate.Una carica completa pu\u00f2 continuare a funzionare per 5-7 giorni per garantire il normale lavoro in giornate piovose o nuvolose.<br \/>\n&#8211; \u3010Ampia gamma di lavoro efficace\u3011Per ottenere prestazioni ottimali, si consiglia di posizionare i repellenti per talpe ogni 70ft sul prato. Gli impulsi sonici emessi 3-4s impulsi sonici per ogni 30 secondi, penetra nel terreno e costringe anche i parassiti ad evacuare l&#8217;area attraverso la quale il suono sta viaggiando.<br \/>\n&#8211; \u3010Impermeabile e durevole\u3011Il repellente per topi \u00e8 realizzato con materiali ABS e PVC di alta qualit\u00e0, Non \u00e8 facile da corrodere se collocato all&#8217;aperto per lungo tempo.Questo repellente per talpe ha buone prestazioni di impermeabilit\u00e0 e non teme la pioggia.quindi non devi preoccuparti di usarlo nei giorni di pioggia.<br \/>\n&#8211; \u3010Facile da Installare\u3011L&#8217;installazione si completa semplicemente inserendola nel terreno. Perch\u00e9 \u00e8 compatto e comodo da trasportare. Puoi facilmente installare repellenti in vari luoghi. Protegge varie cose come giardini di hotel, giardini di ville, fattorie, risaie e campi agricoli dalle talpe.<\/p>\n","protected":false},"excerpt":{"rendered":"<p>pubblicit\u00e0<br \/>\nRepellente ultrasuoni per talpe,Repellente solare per talpe 4 Pezzi,Repellente per Scaccia talpe,Dissuasori per talpe,Repellente per Anti talpe,Repellente per talpa,Dissuasore per talpe\/serpent<\/p>\n","protected":false},"featured_media":240,"comment_status":"open","ping_status":"closed","template":"","meta":[],"product_cat":[15],"product_tag":[],"class_list":{"0":"post-241","1":"product","2":"type-product","3":"status-publish","4":"has-post-thumbnail","6":"product_cat-sin-categorizar","7":"nodate","8":"item-wrap","10":"first","11":"instock","12":"shipping-taxable","13":"product-type-external"},"_links":{"self":[{"href":"https:\/\/lofimusic.com.es\/index.php\/wp-json\/wp\/v2\/product\/241","targetHints":{"allow":["GET"]}}],"collection":[{"href":"https:\/\/lofimusic.com.es\/index.php\/wp-json\/wp\/v2\/product"}],"about":[{"href":"https:\/\/lofimusic.com.es\/index.php\/wp-json\/wp\/v2\/types\/product"}],"replies":[{"embeddable":true,"href":"https:\/\/lofimusic.com.es\/index.php\/wp-json\/wp\/v2\/comments?post=241"}],"wp:featuredmedia":[{"embeddable":true,"href":"https:\/\/lofimusic.com.es\/index.php\/wp-json\/wp\/v2\/media\/240"}],"wp:attachment":[{"href":"https:\/\/lofimusic.com.es\/index.php\/wp-json\/wp\/v2\/media?parent=241"}],"wp:term":[{"taxonomy":"product_cat","embeddable":true,"href":"https:\/\/lofimusic.com.es\/index.php\/wp-json\/wp\/v2\/product_cat?post=241"},{"taxonomy":"product_tag","embeddable":true,"href":"https:\/\/lofimusic.com.es\/index.php\/wp-json\/wp\/v2\/product_tag?post=241"}],"curies":[{"name":"wp","href":"https:\/\/api.w.org\/{rel}","templated":true}]}}