{"id":237,"date":"2024-09-13T17:15:04","date_gmt":"2024-09-13T17:15:04","guid":{"rendered":"https:\/\/lofimusic.com.es\/index.php\/producto\/b0cz3nr8rz_it\/"},"modified":"2024-09-13T17:15:04","modified_gmt":"2024-09-13T17:15:04","slug":"b0cz3nr8rz_it","status":"publish","type":"product","link":"https:\/\/lofimusic.com.es\/index.php\/producto\/b0cz3nr8rz_it\/","title":{"rendered":"B0CZ3NR8RZ_IT"},"content":{"rendered":"<p>&#8211; \ud83c\udf1e\u3010Protezione ad Ultrasuoni\u3011 I repellente per cani emettono solo onde ultrasoniche da 13,5 kHz a 45,5 kHz, che \u00e8 sicuro per il corpo umano e innocuo per il corpo umano. Allo stesso tempo, non contiene sostanze chimiche e pericolose. Condurr\u00e0 solo animali senza danneggiarli. Il design umanizzato non dannegger\u00e0 i tuoi gatti, cani o altri animali domestici.<br \/>\n&#8211; \ud83c\udf1e\u3010Sensore a infrarossi\u3011 Il naso del repellente per gufi \u00e8 un sensore a infrarossi (PIR), in grado di rilevare animali di tutte le taglie. L&#8217;area effettiva copre un arco di 120 gradi e una distanza fino a 30 piedi (10 m). Una volta che gli animali entrano nel raggio di 30 piedi, il sensore di movimento emette onde ultrasoniche e l&#8217;illuminazione a LED rende l&#8217;animale a disagio e fugge.<br \/>\n&#8211; \ud83c\udf1e\u3010Ultrasuono + forte LED lampeggiante + allarme sonoro\u3011 Ci sono 14 forti luci a LED negli occhi del gufo. Per quanto riguarda la sua bocca, \u00e8 un trasmettitore ad ultrasuoni. Quando il repellente esterno rileva il movimento e il calore corporeo, emette una miscela di ultrasuoni di varie onde, forti luci lampeggianti e allarme acustico per spaventare gli animali. Non c&#8217;\u00e8 pericolo per l&#8217;uomo o gli animali.<br \/>\n&#8211; \ud83c\udf1e C&#8217;\u00e8 un pannello solare sulla testa del gufo. Lascia che i gufi assorbono l&#8217;energia quando il sole splende. Inoltre, \u00e8 dotato di una batteria al litio ricaricabile di 2000 mAh! \u00c8 anche possibile caricare il repellente ultrasonico per zanzare tramite alimentazione USB. Questo prodotto non include cavo USB!<br \/>\n&#8211; \ud83c\udf1e\u3010IP66 impermeabile e Facile da Installare\u3011 Questo repellente per gatti \u00e8 IP66 impermeabile. \u00c8 in grado di resistere alla normale pioggia. Nota: se ci sono temporali o \u00e8 brutto tempo, si consiglia di portarlo al chiuso. Pu\u00f2 essere installato ovunque in casa, giardino o patio, giardini, cortili, passi carrai, campi, prati, bordi, garage, fattorie e tutte le aree esterne.<\/p>\n","protected":false},"excerpt":{"rendered":"<p>pubblicit\u00e0<br \/>\nRepellente Gatti, Repellente Ultrasuoni Energia Solare IP66 Impermeabile a Frequenza Regolabile per Allontanare Animali 5 modalit\u00e0 Regolabile Repeller Animali Ultrasound Repellente per Animali<\/p>\n","protected":false},"featured_media":236,"comment_status":"open","ping_status":"closed","template":"","meta":[],"product_cat":[15],"product_tag":[],"class_list":{"0":"post-237","1":"product","2":"type-product","3":"status-publish","4":"has-post-thumbnail","6":"product_cat-sin-categorizar","7":"nodate","8":"item-wrap","10":"first","11":"instock","12":"shipping-taxable","13":"product-type-external"},"_links":{"self":[{"href":"https:\/\/lofimusic.com.es\/index.php\/wp-json\/wp\/v2\/product\/237","targetHints":{"allow":["GET"]}}],"collection":[{"href":"https:\/\/lofimusic.com.es\/index.php\/wp-json\/wp\/v2\/product"}],"about":[{"href":"https:\/\/lofimusic.com.es\/index.php\/wp-json\/wp\/v2\/types\/product"}],"replies":[{"embeddable":true,"href":"https:\/\/lofimusic.com.es\/index.php\/wp-json\/wp\/v2\/comments?post=237"}],"wp:featuredmedia":[{"embeddable":true,"href":"https:\/\/lofimusic.com.es\/index.php\/wp-json\/wp\/v2\/media\/236"}],"wp:attachment":[{"href":"https:\/\/lofimusic.com.es\/index.php\/wp-json\/wp\/v2\/media?parent=237"}],"wp:term":[{"taxonomy":"product_cat","embeddable":true,"href":"https:\/\/lofimusic.com.es\/index.php\/wp-json\/wp\/v2\/product_cat?post=237"},{"taxonomy":"product_tag","embeddable":true,"href":"https:\/\/lofimusic.com.es\/index.php\/wp-json\/wp\/v2\/product_tag?post=237"}],"curies":[{"name":"wp","href":"https:\/\/api.w.org\/{rel}","templated":true}]}}