{"id":233,"date":"2024-09-13T17:13:04","date_gmt":"2024-09-13T17:13:04","guid":{"rendered":"https:\/\/lofimusic.com.es\/index.php\/producto\/b09qhrhvkx_fr\/"},"modified":"2024-09-13T17:13:04","modified_gmt":"2024-09-13T17:13:04","slug":"b09qhrhvkx_fr","status":"publish","type":"product","link":"https:\/\/lofimusic.com.es\/index.php\/producto\/b09qhrhvkx_fr\/","title":{"rendered":"B09QHRHVKX_FR"},"content":{"rendered":"<p>&#8211; \u3010Mat\u00e9riau Durable Am\u00e9lior\u00e9\u3011 \uff1aAvec la conception en relief,les coques en aluminium robustes,la r\u00e9sistance \u00e0 la corrosion et l&#8217;anti-oxydation,ce qui peut augmenter la dur\u00e9e de vie de ce doogle et prot\u00e9ger le signal audio contre les interf\u00e9rences pendant la transmission.Mat\u00e9riau tress\u00e9 en nylon haute r\u00e9sistance avec plus de 15 000 tests r\u00e9p\u00e9t\u00e9s de branchement et de d\u00e9branchement,offre une durabilit\u00e9 maximale suffisamment solide pour r\u00e9sister \u00e0 la torsion,au tiraillement et \u00e0 l&#8217;enchev\u00eatrement.<br \/>\n&#8211; \u3010Performances sonores Hi-Fi\u3011 : la puce DAC int\u00e9gr\u00e9e puissante USB C vers jack 3,5 mm permet jusqu&#8217;\u00e0 96 kHz\/24 bits, convertit les signaux audio num\u00e9riques en signaux audio analogiques, ne comprime pas le signal, capture parfaitement chaque signal de note et sort. avec une qualit\u00e9 sonore originale de vos \u00e9couteurs.Profitez sans bruit.<br \/>\n&#8211; \u3010Dongle multifonctions\u3011 : l&#8217;adaptateur compact USB C vers auxiliaire Stouchi vous permet d&#8217;\u00e9couter de la musique, de r\u00e9pondre aux appels t\u00e9l\u00e9phoniques et de prendre en charge la fonction de contr\u00f4le du fil. (REMARQUE : pour les smartphones USB C dot\u00e9s d&#8217;une prise audio de 3,5 mm, le contr\u00f4le du volume peut ne pas \u00eatre pris en charge pour Mac.)<br \/>\n&#8211; \u3010Facile \u00e0 transporter et \u00e0 utiliser\u3011Extension simple \u00e0 la connexion jack,il suffit de brancher et de jouer.Il dispose d&#8217;une taille mini et compacte. Facile \u00e0 ranger dans votre poche ou votre sac de voyage et \u00e0 transporter. Id\u00e9al pour la connexion \u00e0 votre t\u00e9l\u00e9phone portable pour profiter de la musique tout en travaillant, en faisant du jogging, en conduisant ou en d\u00e9placement. REMARQUE : veuillez vous assurer que le casque est compl\u00e8tement ins\u00e9r\u00e9 dans l&#8217;interface de l&#8217;adaptateur.<br \/>\n&#8211; \u3010Large compatibilit\u00e9\u3011 : compatibilit\u00e9 plus large que les autres convertisseurs USB C vers prise casque, compatible avec la plupart des t\u00e9l\u00e9phones de type C : i-Phone 15 Pro\/Max,Pixel 9 8 7 6a 6 5 4 3 2 XL, Samsung Galaxy S24 S23 S22 Ultra S20 Z Flip S20+ S10 S9 S8 Plus, Note 10 10+. 9 8, Pad mini 6, Pad Pro Pad Air, Huawei Mate 60 30 20 10 Pro, P50 P40 30 P20, Xiaomi 10 pro 9 8 6Redmi K40 K30 Redmi 10X X7 et plus.<\/p>\n","protected":false},"excerpt":{"rendered":"<p>publicit\u00e9<br \/>\nStouchi Adaptateur USB C Jack de Casque 3,5mm, \u00e9couteurs Audio Num\u00e9rique Type C vers Aux,Cl\u00e9 Audio,Puce DAC Haute R\u00e9solution,Compatible avec i-Phone 15 Pro\/Max,Samsung Galaxy S24 S23,Pixel,Pad Mini<\/p>\n","protected":false},"featured_media":232,"comment_status":"open","ping_status":"closed","template":"","meta":[],"product_cat":[15],"product_tag":[],"class_list":{"0":"post-233","1":"product","2":"type-product","3":"status-publish","4":"has-post-thumbnail","6":"product_cat-sin-categorizar","7":"nodate","8":"item-wrap","10":"first","11":"instock","12":"shipping-taxable","13":"product-type-external"},"_links":{"self":[{"href":"https:\/\/lofimusic.com.es\/index.php\/wp-json\/wp\/v2\/product\/233","targetHints":{"allow":["GET"]}}],"collection":[{"href":"https:\/\/lofimusic.com.es\/index.php\/wp-json\/wp\/v2\/product"}],"about":[{"href":"https:\/\/lofimusic.com.es\/index.php\/wp-json\/wp\/v2\/types\/product"}],"replies":[{"embeddable":true,"href":"https:\/\/lofimusic.com.es\/index.php\/wp-json\/wp\/v2\/comments?post=233"}],"wp:featuredmedia":[{"embeddable":true,"href":"https:\/\/lofimusic.com.es\/index.php\/wp-json\/wp\/v2\/media\/232"}],"wp:attachment":[{"href":"https:\/\/lofimusic.com.es\/index.php\/wp-json\/wp\/v2\/media?parent=233"}],"wp:term":[{"taxonomy":"product_cat","embeddable":true,"href":"https:\/\/lofimusic.com.es\/index.php\/wp-json\/wp\/v2\/product_cat?post=233"},{"taxonomy":"product_tag","embeddable":true,"href":"https:\/\/lofimusic.com.es\/index.php\/wp-json\/wp\/v2\/product_tag?post=233"}],"curies":[{"name":"wp","href":"https:\/\/api.w.org\/{rel}","templated":true}]}}