{"id":229,"date":"2024-09-13T17:09:05","date_gmt":"2024-09-13T17:09:05","guid":{"rendered":"https:\/\/lofimusic.com.es\/index.php\/producto\/b0d2nhg6rx_fr\/"},"modified":"2024-09-13T17:09:05","modified_gmt":"2024-09-13T17:09:05","slug":"b0d2nhg6rx_fr","status":"publish","type":"product","link":"https:\/\/lofimusic.com.es\/index.php\/producto\/b0d2nhg6rx_fr\/","title":{"rendered":"B0D2NHG6RX_FR"},"content":{"rendered":"<p>&#8211; Positionnement GPS ultra-pr\u00e9cis :Utilisant la technologie de positionnement GPS la plus r\u00e9cente et la puissante puce U-BLOX, ce produit offre une capacit\u00e9 de signal amplifi\u00e9e exceptionnelle, garantissant un positionnement stable et pr\u00e9cis. Il est dot\u00e9 de fonctionnalit\u00e9s de compensation de signal et d&#8217;antiparasitage, adapt\u00e9es \u00e0 divers environnements.<br \/>\n&#8211; Reconnaissance de sc\u00e8ne intelligente AI et protection multiple :La technologie unique de reconnaissance de sc\u00e8ne AI \u00e9limine les d\u00e9clenchements et alertes erron\u00e9s, offrant un contr\u00f4le de p\u00e9rim\u00e8tre plus fiable. Les fonctions de protection multiple pr\u00e9viennent les blessures accidentelles, permettant \u00e0 votre chien de rester en s\u00e9curit\u00e9 dans la zone d\u00e9finie.<br \/>\n&#8211; Fonctionnalit\u00e9s d&#8217;avertissement et modes multiples :Ce produit propose des avertissements sonores, des vibrations et des chocs statiques, avec deux modes automatiques (vibration ou choc) au choix. Il assure que votre chien re\u00e7oive des avertissements efficaces lorsqu&#8217;il d\u00e9passe la zone d\u00e9finie. Les \u00e9lectrodes en titane sp\u00e9cialement con\u00e7ues conviennent aux chiens \u00e0 peau sensible, offrant un contact plus doux.<br \/>\n&#8211; Couverture de grande surface et conception \u00e9tanche :Con\u00e7u pour les grands espaces ext\u00e9rieurs tels que les fermes, les grandes cours et les plages, il couvre un rayon r\u00e9glable de 30 \u00e0 1000 m\u00e8tres, ne convenant pas aux petites cours ou aux espaces int\u00e9rieurs. La pr\u00e9cision GPS peut varier de 1 \u00e0 2 m\u00e8tres, et peut diminuer dans les zones dens\u00e9ment bois\u00e9es. Le niveau d&#8217;\u00e9tanch\u00e9it\u00e9 IPX7 permet une utilisation sous la pluie et lors de baignades, assurant une performance fiable par tous les temps.<br \/>\n&#8211; Facilit\u00e9 d&#8217;utilisation et haute efficacit\u00e9 \u00e9nerg\u00e9tique :Pas besoin d&#8217;\u00e9metteur, de fil de d\u00e9limitation, de carte SIM ou d&#8217;abonnement, simplifiant ainsi l&#8217;utilisation. La m\u00e9moire automatique du point central \u00e9vite les r\u00e9initialisations fr\u00e9quentes. Plusieurs dispositifs peuvent \u00eatre utilis\u00e9s sans interf\u00e9rences mutuelles. L&#8217;\u00e9cran LED permet des r\u00e9glages rapides. La batterie rechargeable de 1000 mAh offre 3 \u00e0 5 jours d&#8217;autonomie, avec des modes d&#8217;\u00e9conomie d&#8217;\u00e9nergie assurant une faible consommation.<\/p>\n","protected":false},"excerpt":{"rendered":"<p>publicit\u00e9<br \/>\nCollier GPS pour Chien Ext\u00e9rieur, Collier Anti Fugue Chien sans Fil, IPX7 \u00c9tanche Cloture \u00c9lectrique pour Chien avec Nouvelle Puce GPS Intelligente, Cl\u00f4ture \u00c9lectrique Anti-Fugue Rayon Jusqu&#8217;\u00e0 1000m<\/p>\n","protected":false},"featured_media":228,"comment_status":"open","ping_status":"closed","template":"","meta":[],"product_cat":[15],"product_tag":[],"class_list":{"0":"post-229","1":"product","2":"type-product","3":"status-publish","4":"has-post-thumbnail","6":"product_cat-sin-categorizar","7":"nodate","8":"item-wrap","10":"first","11":"instock","12":"shipping-taxable","13":"product-type-external"},"_links":{"self":[{"href":"https:\/\/lofimusic.com.es\/index.php\/wp-json\/wp\/v2\/product\/229","targetHints":{"allow":["GET"]}}],"collection":[{"href":"https:\/\/lofimusic.com.es\/index.php\/wp-json\/wp\/v2\/product"}],"about":[{"href":"https:\/\/lofimusic.com.es\/index.php\/wp-json\/wp\/v2\/types\/product"}],"replies":[{"embeddable":true,"href":"https:\/\/lofimusic.com.es\/index.php\/wp-json\/wp\/v2\/comments?post=229"}],"wp:featuredmedia":[{"embeddable":true,"href":"https:\/\/lofimusic.com.es\/index.php\/wp-json\/wp\/v2\/media\/228"}],"wp:attachment":[{"href":"https:\/\/lofimusic.com.es\/index.php\/wp-json\/wp\/v2\/media?parent=229"}],"wp:term":[{"taxonomy":"product_cat","embeddable":true,"href":"https:\/\/lofimusic.com.es\/index.php\/wp-json\/wp\/v2\/product_cat?post=229"},{"taxonomy":"product_tag","embeddable":true,"href":"https:\/\/lofimusic.com.es\/index.php\/wp-json\/wp\/v2\/product_tag?post=229"}],"curies":[{"name":"wp","href":"https:\/\/api.w.org\/{rel}","templated":true}]}}