{"id":227,"date":"2024-09-13T17:09:04","date_gmt":"2024-09-13T17:09:04","guid":{"rendered":"https:\/\/lofimusic.com.es\/index.php\/producto\/b0d8y7bgcs_it\/"},"modified":"2024-09-13T17:09:04","modified_gmt":"2024-09-13T17:09:04","slug":"b0d8y7bgcs_it","status":"publish","type":"product","link":"https:\/\/lofimusic.com.es\/index.php\/producto\/b0d8y7bgcs_it\/","title":{"rendered":"B0D8Y7BGCS_IT"},"content":{"rendered":"<p>&#8211; \ud83c\udf1f\u30102024 LULTIMA TECNOLOGIA A DOPPIO CHIP\u3011: Questa Ultrasuoni per topi utilizza i doppi chip ultrasonici ed elettromagnetici che lavorano contemporaneamente per disorientare l&#8217;udito e il sistema nervoso dei parassiti per allontanarli rapidamente e con forza. Pu\u00f2 allontanare la maggior parte dei tipi<br \/>\n&#8211; \ud83d\udce6\u3010AMPIA AREA DI COPERTURA E FACILIT\u00c0 DI UTILIZZO\u3011: Il controllo dei parassiti ad ultrasuoni \u00e8 efficace per un&#8217;area fino a 100m quadrati. Basta collegare il repeller e accendere l&#8217;alimentazione.Ampia area di utilizzo, usa questo repellente per i parassiti nella tua casa, magazzino, ufficio, giardino, hotel, ristorante, bar ecc. E dimentica i parassiti.<br \/>\n&#8211; \ud83c\udf40\u3010FACILE DA USARE\u3011: Basta collegare il antizanzare ultrasuoni dei parassiti alla presa a 30-150 cm di distanza dal pavimento e assicurarsi che non ci siano barriere come tende o armadietti che coprono davanti al repellente. La maggior parte dei clienti pu\u00f2 vedere i risultati entro 3-4 settimane! Allora possiamo dire addio a parassiti e topi.<br \/>\n&#8211; \ud83d\udc68\u200d\ud83d\udc69\u200d\ud83d\udc67\u3010100% SICURO ED EFFICACE\u3011: Il prodotto \u00e8 Impercettibile all&#8217;orecchio umano e all&#8217;udito dei nostri animali domestici. Non usa agenti chimici, \u00e8 inodore e non \u00e8 tossico. Il nostro dispositivo caccia via gli insetti ed i roditori creandogli un ambiente sfavorevole. Per infestazioni pi\u00f9 consistenti i risultati potrebbero richiedere svariate settimane.<br \/>\n&#8211; \ud83d\udcaf\u3010SODDISFATTO O RIMBORSATO\u3011: Se non vedi miglioramenti in 4 settimane verrai rimborsato al 100%. Di media ci possono volere dalle 4 alle 5 settimane per vedere risultati (dipende dalla consistenza dall&#8217;infestazione).<\/p>\n","protected":false},"excerpt":{"rendered":"<p>pubblicit\u00e0<br \/>\nAntizanzare Ultrasuoni,Repellente ad Ultrasuoni Elettromagnetico Efficace,2024 Repellente per Zanzare,Topi,Formiche,Mosche, Ragni,Scarafaggi-100% Professionale ed Efficace (Pacchetto di 4)<\/p>\n","protected":false},"featured_media":226,"comment_status":"open","ping_status":"closed","template":"","meta":[],"product_cat":[15],"product_tag":[],"class_list":{"0":"post-227","1":"product","2":"type-product","3":"status-publish","4":"has-post-thumbnail","6":"product_cat-sin-categorizar","7":"nodate","8":"item-wrap","10":"first","11":"instock","12":"shipping-taxable","13":"product-type-external"},"_links":{"self":[{"href":"https:\/\/lofimusic.com.es\/index.php\/wp-json\/wp\/v2\/product\/227","targetHints":{"allow":["GET"]}}],"collection":[{"href":"https:\/\/lofimusic.com.es\/index.php\/wp-json\/wp\/v2\/product"}],"about":[{"href":"https:\/\/lofimusic.com.es\/index.php\/wp-json\/wp\/v2\/types\/product"}],"replies":[{"embeddable":true,"href":"https:\/\/lofimusic.com.es\/index.php\/wp-json\/wp\/v2\/comments?post=227"}],"wp:featuredmedia":[{"embeddable":true,"href":"https:\/\/lofimusic.com.es\/index.php\/wp-json\/wp\/v2\/media\/226"}],"wp:attachment":[{"href":"https:\/\/lofimusic.com.es\/index.php\/wp-json\/wp\/v2\/media?parent=227"}],"wp:term":[{"taxonomy":"product_cat","embeddable":true,"href":"https:\/\/lofimusic.com.es\/index.php\/wp-json\/wp\/v2\/product_cat?post=227"},{"taxonomy":"product_tag","embeddable":true,"href":"https:\/\/lofimusic.com.es\/index.php\/wp-json\/wp\/v2\/product_tag?post=227"}],"curies":[{"name":"wp","href":"https:\/\/api.w.org\/{rel}","templated":true}]}}