{"id":225,"date":"2024-09-13T17:06:04","date_gmt":"2024-09-13T17:06:04","guid":{"rendered":"https:\/\/lofimusic.com.es\/index.php\/producto\/b0d5chhd2d_it\/"},"modified":"2024-09-13T17:06:04","modified_gmt":"2024-09-13T17:06:04","slug":"b0d5chhd2d_it","status":"publish","type":"product","link":"https:\/\/lofimusic.com.es\/index.php\/producto\/b0d5chhd2d_it\/","title":{"rendered":"B0D5CHHD2D_IT"},"content":{"rendered":"<p>&#8211; \u3010COPERTURA SENSIBILE E RISPARMIO ENERGETICO\u3011Il repellente per insetti \u00e8 efficace per un&#8217;area fino a 1300 piedi quadrati. La migliore efficienza si ottiene in case e appartamenti, uffici, garage, soffitte, scantinati, magazzini, serre e giardini. Tuttavia, poich\u00e9 l&#8217;effetto ultrasonico sar\u00e0 indebolito da pareti e oggetti solidi, suggeriamo di utilizzare almeno 1 dispositivo per ogni stanza. Rispetto al costoso servizio di controllo dei parassiti.<br \/>\n&#8211; \u3010FACILE DA USARE\u3011Il repellente per insetti elettronico \u00e8 un dispositivo plug and play, finch\u00e9 funziona, l&#8217;indicatore luminoso della luce della respirazione sar\u00e0 acceso. Per ottenere un risultato migliore, collegare i repellenti per topo a una distanza di 10-30 pollici da terra, ma \u00e8 possibile determinare la durata dell&#8217;installazione in base al tipo di parassiti.<br \/>\n&#8211; \u3010FACILE DA INSTALLARE\u3011Il basta collegare verticalmente il Repeller ad ultrasuoni alla presa di corrente. Si consiglia di installare il repellente ad ultrasuoni a 80-100 cm da terra per parassiti come le zanzare o a 20-30 cm da terra per roditori come i topi.<br \/>\n&#8211; \u3010SICURO ED UMANO\u3011Il repellente \u00e8 sicuro e non richiede manutenzione. Il prodotto adotta una forma fisica per respingere topi e parassiti da casa tua invece di ucciderli. Non tossico e senza radiazioni, totalmente sicuro per la tua famiglia e i tuoi animali domestici. Lascia che la pericolosa trappola per topi, il veleno per topi e lo spray per le zanzare fuoriescano dalla casa.<br \/>\n&#8211; \u3010TECNOLOGIA SMART CHIP\u3011Il Questo antizanzare ultrasuoni utilizza due chip ultrasonici ed elettromagnetici che funzionano simultaneamente per disorientare l&#8217;udito e il sistema nervoso dei parassiti per allontanarli rapidamente e con forza Pu\u00f2 respingere la maggior parte dei tipi di parassiti volanti e striscianti come topi, zanzare, scarafaggi, insetti, ratti, ragni, roditori, mosche, formiche, cimici dei letti, pulci, moscerini della frutta, ecc.<\/p>\n","protected":false},"excerpt":{"rendered":"<p>pubblicit\u00e0<br \/>\nJarper Antizanzare Ultrasuoni 4 Pack, Antizanzare Repellente, Repellente ad Ultrasuoni, Repellente Interno Anti Zanzare, Topi, formiche, Insetti, Ratti, Scarafaggi, Mosche<\/p>\n","protected":false},"featured_media":224,"comment_status":"open","ping_status":"closed","template":"","meta":[],"product_cat":[15],"product_tag":[],"class_list":{"0":"post-225","1":"product","2":"type-product","3":"status-publish","4":"has-post-thumbnail","6":"product_cat-sin-categorizar","7":"nodate","8":"item-wrap","10":"first","11":"instock","12":"shipping-taxable","13":"product-type-external"},"_links":{"self":[{"href":"https:\/\/lofimusic.com.es\/index.php\/wp-json\/wp\/v2\/product\/225","targetHints":{"allow":["GET"]}}],"collection":[{"href":"https:\/\/lofimusic.com.es\/index.php\/wp-json\/wp\/v2\/product"}],"about":[{"href":"https:\/\/lofimusic.com.es\/index.php\/wp-json\/wp\/v2\/types\/product"}],"replies":[{"embeddable":true,"href":"https:\/\/lofimusic.com.es\/index.php\/wp-json\/wp\/v2\/comments?post=225"}],"wp:featuredmedia":[{"embeddable":true,"href":"https:\/\/lofimusic.com.es\/index.php\/wp-json\/wp\/v2\/media\/224"}],"wp:attachment":[{"href":"https:\/\/lofimusic.com.es\/index.php\/wp-json\/wp\/v2\/media?parent=225"}],"wp:term":[{"taxonomy":"product_cat","embeddable":true,"href":"https:\/\/lofimusic.com.es\/index.php\/wp-json\/wp\/v2\/product_cat?post=225"},{"taxonomy":"product_tag","embeddable":true,"href":"https:\/\/lofimusic.com.es\/index.php\/wp-json\/wp\/v2\/product_tag?post=225"}],"curies":[{"name":"wp","href":"https:\/\/api.w.org\/{rel}","templated":true}]}}