{"id":221,"date":"2024-09-13T17:04:04","date_gmt":"2024-09-13T17:04:04","guid":{"rendered":"https:\/\/lofimusic.com.es\/index.php\/producto\/b0csd1z935_de\/"},"modified":"2024-09-13T17:04:04","modified_gmt":"2024-09-13T17:04:04","slug":"b0csd1z935_de","status":"publish","type":"product","link":"https:\/\/lofimusic.com.es\/index.php\/producto\/b0csd1z935_de\/","title":{"rendered":"B0CSD1Z935_DE"},"content":{"rendered":"<p>&#8211; \u30104,5W Effizientes Glasscheibe\u3011Neue 4,5W Solarbrunnen wird durch Sonnenenergie betrieben, Sehr energiesparend, wodurch der Energieverbrauch effektiv gesenkt wird und stabilerer Leistung. Und dieser neue Typ von Glassolarmodulen ist nicht nur effizienter, sondern die Module neigen auch nicht zum Wei\u00dfwerden und Altern, was die Lebensdauer der Solarbrunnenpumpe verl\u00e4ngert.<br \/>\n&#8211; \u30104 DIY Spray D\u00fcsen\u3011Der Solar-Vogeltr\u00e4nkebrunnen ist mit 4 verschiedenen Arten von Spr\u00fchd\u00fcsen ausgestattet, die Sie nach Belieben kombinieren und kombinieren k\u00f6nnen, um verschiedene Wasserflusseffekte zu erzielen. Und die H\u00f6he des Wasserstrahls variiert je nach Bedarf Helligkeit der Sonne. Ihre Terrasse wird durch den st\u00e4ndigen Wasserfluss voller Energie und Sch\u00f6nheit sein.<br \/>\n&#8211; \u3010Zwei Installationsmethoden\u3011 Der Solarpanel-Brunnen verf\u00fcgt \u00fcber ein innovatives Design mit einer verstellbaren Halterung, mit der der Winkel des Solarpanels frei an \u00c4nderungen des Sonnenstands im Laufe des Tages angepasst werden kann. Und die Solarbrunnen-Wasserpumpe ist mit 3M-Kabeln ausgestattet, die problemlos an mehreren Orten installiert werden k\u00f6nnen, um Heimwerkerbed\u00fcrfnissen bei verschiedenen Gelegenheiten gerecht zu werden und personalisierte Wasserspiele zu schaffen!<br \/>\n&#8211; \u3010Mehrfachanwendung\u3011Diese Solarpumpe ist perfekt f\u00fcr Vogelbad, Aquarium, kleinen Teich, Pool, Garten, Wasserzirkulation f\u00fcr Sauerstoff. Sie k\u00f6nnen die Solar-Wasserpumpe allein verwenden oder einen Solar-Springbrunnen zum Selbermachen bauen. Bringen Sie eine andere Art von Wasser Spa\u00df!<br \/>\n&#8211; \u3010Erfordert Aufmerksamkeit\u3011 Wechseln Sie das Wasser h\u00e4ufig, um das Wasser sauber zu halten und zu verhindern, dass Schmutz die Pumpe behindert. Halten Sie die Oberfl\u00e4che des Solarmoduls st\u00e4ndig sauber. Eine regelm\u00e4\u00dfige Reinigung der Wasserpumpe verl\u00e4ngert nicht nur die Lebensdauer des kleinen Solarbrunnens, sondern sorgt auch langfristig f\u00fcr einen reibungslosen Betrieb.<\/p>\n","protected":false},"excerpt":{"rendered":"<p>Werbung<br \/>\nAISITIN 4,5W Solar Springbrunnen f\u00fcr Au\u00dfen, Glas Solarbrunnen f\u00fcr Draussen, Solar Teichpumpe mit 3M Kabel, Solar Wasserpumpe mit 4 Effekte, Solar Font\u00e4ne Pumpe f\u00fcr Garten,Vogelbad,DIY Wasserspiele<\/p>\n","protected":false},"featured_media":220,"comment_status":"open","ping_status":"closed","template":"","meta":[],"product_cat":[15],"product_tag":[],"class_list":{"0":"post-221","1":"product","2":"type-product","3":"status-publish","4":"has-post-thumbnail","6":"product_cat-sin-categorizar","7":"nodate","8":"item-wrap","10":"first","11":"instock","12":"shipping-taxable","13":"product-type-external"},"_links":{"self":[{"href":"https:\/\/lofimusic.com.es\/index.php\/wp-json\/wp\/v2\/product\/221","targetHints":{"allow":["GET"]}}],"collection":[{"href":"https:\/\/lofimusic.com.es\/index.php\/wp-json\/wp\/v2\/product"}],"about":[{"href":"https:\/\/lofimusic.com.es\/index.php\/wp-json\/wp\/v2\/types\/product"}],"replies":[{"embeddable":true,"href":"https:\/\/lofimusic.com.es\/index.php\/wp-json\/wp\/v2\/comments?post=221"}],"wp:featuredmedia":[{"embeddable":true,"href":"https:\/\/lofimusic.com.es\/index.php\/wp-json\/wp\/v2\/media\/220"}],"wp:attachment":[{"href":"https:\/\/lofimusic.com.es\/index.php\/wp-json\/wp\/v2\/media?parent=221"}],"wp:term":[{"taxonomy":"product_cat","embeddable":true,"href":"https:\/\/lofimusic.com.es\/index.php\/wp-json\/wp\/v2\/product_cat?post=221"},{"taxonomy":"product_tag","embeddable":true,"href":"https:\/\/lofimusic.com.es\/index.php\/wp-json\/wp\/v2\/product_tag?post=221"}],"curies":[{"name":"wp","href":"https:\/\/api.w.org\/{rel}","templated":true}]}}