{"id":219,"date":"2024-09-13T17:03:04","date_gmt":"2024-09-13T17:03:04","guid":{"rendered":"https:\/\/lofimusic.com.es\/index.php\/producto\/b0db1b6g42_it\/"},"modified":"2024-09-13T17:03:04","modified_gmt":"2024-09-13T17:03:04","slug":"b0db1b6g42_it","status":"publish","type":"product","link":"https:\/\/lofimusic.com.es\/index.php\/producto\/b0db1b6g42_it\/","title":{"rendered":"B0DB1B6G42_IT"},"content":{"rendered":"<p>&#8211; \u263cHOHE WIRKSAMKEIT: Unser Maulwurfschreck sendet Quarzschwingungen zwischen 400-1000 Hz im Intervall, damit der Gew\u00f6hnungseffekt minimiert und unerw\u00fcnschte Besucher dauerhaft vrtrieben werden. Dabei werden andere N\u00fctzlinge nicht beeintr\u00e4chtigt<br \/>\n&#8211; \ud83d\udcabVIELSEITIG EINSETZBAR: &#8211; Der Maulwurfschreck Solar kann bei jedem Wetter eingesetzt werden, ist IP66 wasserdicht und ist ideal f\u00fcr das Gem\u00fcsebeet, Rasen und Grundst\u00fccksabgrenzungen geeignet.<br \/>\n&#8211; \ud83d\udd12VIELSEITIG EINSETZBAR: Ob auf Feldern, \u00c4ckern oder im Garten \u2013 Bodentiere k\u00f6nnen in vielen Bereichen ein \u00c4rgernis darstellen sein. Unsere Tierabwehr-Ger\u00e4te k\u00f6nnen daher nahezu \u00fcberall eingesetzt und auch in harte, trockene B\u00f6den gesteckt werden<br \/>\n&#8211; \u26a1 \u3010Ricarica solare\u3011 Il nostro scaccia talpe ultrasuoni solare \u00e8 dotato di pannelli solari, non \u00e8 necessaria alcuna batteria aggiuntiva. Posizionalo semplicemente in una zona soleggiata e godrai di una protezione continua contro le talpe senza preoccuparti dell&#8217;elettricit\u00e0, del rispetto dell&#8217;ambiente e del risparmio energetico. (Suggerimenti: prima utilizzare, si prega di utilizzare due posti al sole per giorni per assicurarsi che funzioni in modo efficace.)<br \/>\n&#8211; \u263cAlta Qualit\u00e0: Il repellente per serpenti \u00e8 realizzato in materiale ABS di alta qualit\u00e0, quindi offre una sensazione costante quando si tiene e garantisce la massima durata e longevit\u00e0. Il repellente per parassiti ad ultrasuoni non utilizza sostanze chimiche nocive o velenose per respingere i roditori senza lesioni.<\/p>\n","protected":false},"excerpt":{"rendered":"<p>pubblicit\u00e0<br \/>\nHENESE Repellente Solare Scaccia Talpa,4 Pezzi Repellente Talpe Ultrasuoni, Dissuasore per talpe a ultrasuoni, per Giardino Cortile Fattor, Deterrente per arvicola, topo, talpa<\/p>\n","protected":false},"featured_media":218,"comment_status":"open","ping_status":"closed","template":"","meta":[],"product_cat":[15],"product_tag":[],"class_list":{"0":"post-219","1":"product","2":"type-product","3":"status-publish","4":"has-post-thumbnail","6":"product_cat-sin-categorizar","7":"nodate","8":"item-wrap","10":"first","11":"instock","12":"shipping-taxable","13":"product-type-external"},"_links":{"self":[{"href":"https:\/\/lofimusic.com.es\/index.php\/wp-json\/wp\/v2\/product\/219","targetHints":{"allow":["GET"]}}],"collection":[{"href":"https:\/\/lofimusic.com.es\/index.php\/wp-json\/wp\/v2\/product"}],"about":[{"href":"https:\/\/lofimusic.com.es\/index.php\/wp-json\/wp\/v2\/types\/product"}],"replies":[{"embeddable":true,"href":"https:\/\/lofimusic.com.es\/index.php\/wp-json\/wp\/v2\/comments?post=219"}],"wp:featuredmedia":[{"embeddable":true,"href":"https:\/\/lofimusic.com.es\/index.php\/wp-json\/wp\/v2\/media\/218"}],"wp:attachment":[{"href":"https:\/\/lofimusic.com.es\/index.php\/wp-json\/wp\/v2\/media?parent=219"}],"wp:term":[{"taxonomy":"product_cat","embeddable":true,"href":"https:\/\/lofimusic.com.es\/index.php\/wp-json\/wp\/v2\/product_cat?post=219"},{"taxonomy":"product_tag","embeddable":true,"href":"https:\/\/lofimusic.com.es\/index.php\/wp-json\/wp\/v2\/product_tag?post=219"}],"curies":[{"name":"wp","href":"https:\/\/api.w.org\/{rel}","templated":true}]}}