{"id":217,"date":"2024-09-13T17:01:04","date_gmt":"2024-09-13T17:01:04","guid":{"rendered":"https:\/\/lofimusic.com.es\/index.php\/producto\/b0cj2pvz6m_fr\/"},"modified":"2024-09-13T17:01:04","modified_gmt":"2024-09-13T17:01:04","slug":"b0cj2pvz6m_fr","status":"publish","type":"product","link":"https:\/\/lofimusic.com.es\/index.php\/producto\/b0cj2pvz6m_fr\/","title":{"rendered":"B0CJ2PVZ6M_FR"},"content":{"rendered":"<p>&#8211; 9 en 1 Sex Toys: Notre vibromasseurs feminin pr\u00e9sente un design ergonomique avec une courbure flexible pour une stimulation pr\u00e9cise du point G.Vibromasseur est fabriqu\u00e9 en silicone de haute qualit\u00e9,la peau,s\u00fbr,sain,et facile \u00e0 nettoyer.En tant que sextoy femme en seul,ce APP sextoy femme leur permettent de s&#8217;amuser pleinement.En tant que sextoyse couple plaisir,ce vibromasseurs feminin clitoridien peut rendre votre vie sexuelle plus amusante,prolonger le plaisir et am\u00e9liorer la vie sexuelle.<br \/>\n&#8211; 9 Modes de Vibration &amp; 2 Modes de Contr\u00f4le: Ce vibromasseur r\u00e9aliste pour femmes, dot\u00e9 de 9 modes de vibration, est \u00e9quip\u00e9 d&#8217;un moteur puissant et de haute qualit\u00e9 qui procure peut apporter plus de plaisir \u00e0 votre vie sexuelle. Il peut \u00eatre facilement utilis\u00e9 gr\u00e2ce \u00e0 l&#8217;interrupteur situ\u00e9 sur le vibrateur ou l&#8217;APP.Ce sex toyspour pour couple est facile \u00e0 manipuler,vous pouvez profiter d&#8217;une vie sexuelle agr\u00e9able quelle que soit la distance.<br \/>\n&#8211; APP Contr\u00f4le Stimulateur Clitoridien Vibrant: Ce oeuf vibrant femme sans fil se connecte \u00e0 l&#8217;application via Bluetooth et est compatible avec iOS et Android.L&#8217;APP offre 7 modoes de divertissement: mode classique, mode vid\u00e9o, mode musique, mode jeu, mode d\u00e9filement, mode secousse et mode interactif. La distance n&#8217;est plus un probl\u00e8me avec ce APP sextoyse couple plaisir. Ce vibrateur sex toys apportent un plaisir infini \u00e0 votre vie sexuelle.<br \/>\n&#8211; Chargeur USB Magn\u00e9tique &amp; \u00e9tanche IPX7: Ce vibrateur de point g pour femmes se recharge au moyen d&#8217;un chargeur USB magn\u00e9tique. Chargement:1,5h, utilisation:1h. Ce gode femme sex est facile et rapide \u00e0 charger, l\u00e9ger et portable, pour que vous puissiez vous amuser n&#8217;importe o\u00f9, n&#8217;importe quand.\uff08Notes: Ne pas utiliser pendant la charge.). \u00c9tanch\u00e9it\u00e9 IPX7: Vous pouvez utiliser cette vibration dans l&#8217;eau,mais il est d\u00e9conseill\u00e9 de le laisser dans l&#8217;eau pendant une longue p\u00e9riode.<br \/>\n&#8211; Emballage Discret &amp; Service Apr\u00e8s-vente Convivial: Le paquet comprend:Le paquet comprend: 1*vibromasseurs;1*c\u00e2ble de chargement USB;1*manuel de l&#8217;utilisateur.Nos sextoyse femme sex sont livr\u00e9s dans un emballage priv\u00e9, vous n&#8217;avez donc pas \u00e0 vous soucier de votre vie priv\u00e9e.Ce sex toys sont le meilleur cadeau pour vous ou vos amis ! Ainsi, nous prot\u00e9geons et respectons la vie priv\u00e9e de chaque client.Si vous avez des questions sur notre vibromasseur, n&#8217;h\u00e9sitez pas \u00e0 nous contacter \u00e0 tout moment.<\/p>\n","protected":false},"excerpt":{"rendered":"<p>publicit\u00e9<br \/>\nVibromasseurs Feminin \u00e0 Distance APP 9 Modes Sex Toy\u0301s Femme Clitoridien Couple Oeuf Vibrant Femme Sans Fil Vibromasseur Gode Vibro-masseur va et Vient Sextoy Femme Stimulateur Clitoridien(Red)<\/p>\n","protected":false},"featured_media":216,"comment_status":"open","ping_status":"closed","template":"","meta":[],"product_cat":[15],"product_tag":[],"class_list":{"0":"post-217","1":"product","2":"type-product","3":"status-publish","4":"has-post-thumbnail","6":"product_cat-sin-categorizar","7":"nodate","8":"item-wrap","10":"first","11":"instock","12":"shipping-taxable","13":"product-type-external"},"_links":{"self":[{"href":"https:\/\/lofimusic.com.es\/index.php\/wp-json\/wp\/v2\/product\/217","targetHints":{"allow":["GET"]}}],"collection":[{"href":"https:\/\/lofimusic.com.es\/index.php\/wp-json\/wp\/v2\/product"}],"about":[{"href":"https:\/\/lofimusic.com.es\/index.php\/wp-json\/wp\/v2\/types\/product"}],"replies":[{"embeddable":true,"href":"https:\/\/lofimusic.com.es\/index.php\/wp-json\/wp\/v2\/comments?post=217"}],"wp:featuredmedia":[{"embeddable":true,"href":"https:\/\/lofimusic.com.es\/index.php\/wp-json\/wp\/v2\/media\/216"}],"wp:attachment":[{"href":"https:\/\/lofimusic.com.es\/index.php\/wp-json\/wp\/v2\/media?parent=217"}],"wp:term":[{"taxonomy":"product_cat","embeddable":true,"href":"https:\/\/lofimusic.com.es\/index.php\/wp-json\/wp\/v2\/product_cat?post=217"},{"taxonomy":"product_tag","embeddable":true,"href":"https:\/\/lofimusic.com.es\/index.php\/wp-json\/wp\/v2\/product_tag?post=217"}],"curies":[{"name":"wp","href":"https:\/\/api.w.org\/{rel}","templated":true}]}}