{"id":215,"date":"2024-09-13T17:00:16","date_gmt":"2024-09-13T17:00:16","guid":{"rendered":"https:\/\/lofimusic.com.es\/index.php\/producto\/b0d3plnrlw_it\/"},"modified":"2024-09-13T17:00:16","modified_gmt":"2024-09-13T17:00:16","slug":"b0d3plnrlw_it","status":"publish","type":"product","link":"https:\/\/lofimusic.com.es\/index.php\/producto\/b0d3plnrlw_it\/","title":{"rendered":"B0D3PLNRLW_IT"},"content":{"rendered":"<p>&#8211; \u3010REPELLENTE PER ANIMALI\u3011Questo dissuasore che oltre a tenerSi lontano i gatti, e come repellente per allontanare i Piccioni dal balcone.I volatili vengono allontanati ed in questo modo la Sua propriet\u00e0 resta pulita! ultrasuono + lampeggiamento forte + allarme sonoro. questo repellente che non crea danni ne all\u2019ambiente che agli animali ma semplicemente li infastidisce per cui vanno via. Attenzione: Spostalo di tanto in tanto in modo che non si abitui alla sua presenza.<br \/>\n&#8211; \u3010\ud83d\udd0b\u2795\u2600DOPPIA ALIMENTAZIONE\u3011 L&#8217;energia solare \u00e8 pratica e richiede e la ricarica tramite USB \u00e8 un metodo di ricarica di backup. Quando il dissuasore per gatti \u00e8 in funzione, la modalit\u00e0 lampada a fiamma si accende automaticamente di notte e si spegne automaticamente durante il giorno, consentendo di allontanare cervi e altri animali selvatici.<br \/>\n&#8211; \u3010IP54 Impermeabile e Facile da Installare\u3011Questo repellente per gatti \u00e8 IP54 impermeabile. \u00c8 in grado di resistere alla normale pioggia. Nota: se ci sono temporali o \u00e8 brutto tempo, si consiglia di portarlo al chiuso. Pu\u00f2 essere installato ovunque in casa, giardino o patio, giardini, cortili, passi carrai, campi, prati, bordi, garage, fattorie e tutte le aree esterne.<br \/>\n&#8211; \u3010PIR intelligente e ad Attivazione Automatica\u3011Il sensore PIR integrato rileva una presenza nella zona anteriore entro un raggio di 110\u00b0 fino a 8m. Il ultrasuoni repellente per animali si attiva automaticamente ed emette ultrasuoni se gli animali entrano nella sua area di rilevamento. Efficace per cacciare la maggior parte degli animali, come gatti, cani, ratti, conigli, scoiattoli, procioni, martore e volpi, ecc.<br \/>\n&#8211; \u3010FACILE DA USARE\u3011Il dissuasore ultrasuoni \u00e8 compatto e ben costruito, facile da utilizzare \u00e8 impermeabile quindi si pu\u00f2 lasciare in qualsiasi posto, l&#8217;installazione \u00e8 stata rapida e priva di complicazioni.. La prolunga del gambo permette di dare la giusta regolazione per direzionarlo. l&#8217;aspetto esterno \u00e8 molto semplice e carino e si mimetizza bene nei Giardini.<\/p>\n","protected":false},"excerpt":{"rendered":"<p>pubblicit\u00e0<br \/>\nHONGXIAN Ultrasonico Solare Alimentato Animale Deterrente per Giardino Piccioni,Repellente Gatti Ultrasuoni ad Energia Solare,Potente Luce LED,per Giardino Piccioni, Uccelli, Cani, Gatti, Topi\uff0cVolpi<\/p>\n","protected":false},"featured_media":214,"comment_status":"open","ping_status":"closed","template":"","meta":[],"product_cat":[15],"product_tag":[],"class_list":{"0":"post-215","1":"product","2":"type-product","3":"status-publish","4":"has-post-thumbnail","6":"product_cat-sin-categorizar","7":"nodate","8":"item-wrap","10":"first","11":"instock","12":"shipping-taxable","13":"product-type-external"},"_links":{"self":[{"href":"https:\/\/lofimusic.com.es\/index.php\/wp-json\/wp\/v2\/product\/215","targetHints":{"allow":["GET"]}}],"collection":[{"href":"https:\/\/lofimusic.com.es\/index.php\/wp-json\/wp\/v2\/product"}],"about":[{"href":"https:\/\/lofimusic.com.es\/index.php\/wp-json\/wp\/v2\/types\/product"}],"replies":[{"embeddable":true,"href":"https:\/\/lofimusic.com.es\/index.php\/wp-json\/wp\/v2\/comments?post=215"}],"wp:featuredmedia":[{"embeddable":true,"href":"https:\/\/lofimusic.com.es\/index.php\/wp-json\/wp\/v2\/media\/214"}],"wp:attachment":[{"href":"https:\/\/lofimusic.com.es\/index.php\/wp-json\/wp\/v2\/media?parent=215"}],"wp:term":[{"taxonomy":"product_cat","embeddable":true,"href":"https:\/\/lofimusic.com.es\/index.php\/wp-json\/wp\/v2\/product_cat?post=215"},{"taxonomy":"product_tag","embeddable":true,"href":"https:\/\/lofimusic.com.es\/index.php\/wp-json\/wp\/v2\/product_tag?post=215"}],"curies":[{"name":"wp","href":"https:\/\/api.w.org\/{rel}","templated":true}]}}