{"id":213,"date":"2024-09-13T16:59:04","date_gmt":"2024-09-13T16:59:04","guid":{"rendered":"https:\/\/lofimusic.com.es\/index.php\/producto\/b0cyp5pvqr_de\/"},"modified":"2024-09-13T16:59:04","modified_gmt":"2024-09-13T16:59:04","slug":"b0cyp5pvqr_de","status":"publish","type":"product","link":"https:\/\/lofimusic.com.es\/index.php\/producto\/b0cyp5pvqr_de\/","title":{"rendered":"B0CYP5PVQR_DE"},"content":{"rendered":"<p>&#8211; \u3010Vogeltr\u00e4nke Set\u3011AMZtime 3 stufige Vogelf\u00fctterer f\u00fcr drau\u00dfen mit 3,5W Solar Springbrunnen, Kombi-Set f\u00fcr Vogeltr\u00e4nke, einfach zu montieren und zu reinigen. Sie k\u00f6nnen es als komplettes Vogelbad-Set verwenden, Sie k\u00f6nnen es auch in die Vogelbadschale als zus\u00e4tzliche Dekoration setzen. Ideale Terrassendekoration zum Anlocken von V\u00f6geln.<br \/>\n&#8211; \u3010Umweltvertr\u00e4gliche Energie\u3011Hocheffiziente 3.5W Solarbrunnen, beginnen schnell in sonnigen Tagen zu arbeiten, keine Notwendigkeit, die elektrische Leistung zu verbinden. Sehr freundlich f\u00fcr die Umwelt, auch Sicherheit f\u00fcr die V\u00f6gel und andere Tiere.<br \/>\n&#8211; \u3010DIY SolarBrunnen\u3011Das 3.5W Solarpanel kann aus dem Bausatz entfernt werden, es kann f\u00fcr viele Arten von DIY verwendet werden, um Spa\u00df in Ihren Garten zu bringen. Kann in einen Vogelbadbrunnen und Fischtankwasserzirkulationswerkzeuge gemacht werden. Helfen Sie V\u00f6geln und Fischen, ein lebendiges \u00d6kosystem zu erhalten.<br \/>\n&#8211; \u3010N\u00fctzlich f\u00fcr drau\u00dfen\u3011Dieses Vogelbad-Set ist nicht nur f\u00fcr Vogelbad, sondern auch f\u00fcr die Verwendung als Vogelfutterspender, Sie k\u00f6nnen die verschiedenen Teller mit Vogelfutter und Wasser f\u00fcllen, es ist eine gro\u00dfe Erg\u00e4nzung f\u00fcr den Au\u00dfenbereich, besonders f\u00fcr die Winterzeit.<br \/>\n&#8211; \u3010Hinweise\u3011Unsere Wasserpumpe ist mit Filterkasten kombiniert, es kann besser den Schmutz, Staub, Bl\u00e4tter blockieren, um seine Lebensdauer zu verl\u00e4ngern. Bitte \u00fcberpr\u00fcfen Sie es und reinigen Sie es rechtzeitig, damit es richtig funktioniert.<\/p>\n","protected":false},"excerpt":{"rendered":"<p>Werbung<br \/>\nAMZtime DIY Solarbrunnen f\u00fcr Draussen,Vogeltr\u00e4nke Sets mit Neue 3,5W Solarbrunnen f\u00fcr Den Au\u00dfenbereich, Abnehmbare 3 Etagen Vogelfutterstelle mit Solar Wasserpumpe\uff0cf\u00fcr Vogelfutterstelle, Garten<\/p>\n","protected":false},"featured_media":212,"comment_status":"open","ping_status":"closed","template":"","meta":[],"product_cat":[15],"product_tag":[],"class_list":{"0":"post-213","1":"product","2":"type-product","3":"status-publish","4":"has-post-thumbnail","6":"product_cat-sin-categorizar","7":"nodate","8":"item-wrap","10":"first","11":"instock","12":"shipping-taxable","13":"product-type-external"},"_links":{"self":[{"href":"https:\/\/lofimusic.com.es\/index.php\/wp-json\/wp\/v2\/product\/213","targetHints":{"allow":["GET"]}}],"collection":[{"href":"https:\/\/lofimusic.com.es\/index.php\/wp-json\/wp\/v2\/product"}],"about":[{"href":"https:\/\/lofimusic.com.es\/index.php\/wp-json\/wp\/v2\/types\/product"}],"replies":[{"embeddable":true,"href":"https:\/\/lofimusic.com.es\/index.php\/wp-json\/wp\/v2\/comments?post=213"}],"wp:featuredmedia":[{"embeddable":true,"href":"https:\/\/lofimusic.com.es\/index.php\/wp-json\/wp\/v2\/media\/212"}],"wp:attachment":[{"href":"https:\/\/lofimusic.com.es\/index.php\/wp-json\/wp\/v2\/media?parent=213"}],"wp:term":[{"taxonomy":"product_cat","embeddable":true,"href":"https:\/\/lofimusic.com.es\/index.php\/wp-json\/wp\/v2\/product_cat?post=213"},{"taxonomy":"product_tag","embeddable":true,"href":"https:\/\/lofimusic.com.es\/index.php\/wp-json\/wp\/v2\/product_tag?post=213"}],"curies":[{"name":"wp","href":"https:\/\/api.w.org\/{rel}","templated":true}]}}