{"id":211,"date":"2024-09-13T16:57:05","date_gmt":"2024-09-13T16:57:05","guid":{"rendered":"https:\/\/lofimusic.com.es\/index.php\/producto\/b09j2zrd55_fr\/"},"modified":"2024-09-13T16:57:05","modified_gmt":"2024-09-13T16:57:05","slug":"b09j2zrd55_fr","status":"publish","type":"product","link":"https:\/\/lofimusic.com.es\/index.php\/producto\/b09j2zrd55_fr\/","title":{"rendered":"B09J2ZRD55_FR"},"content":{"rendered":"<p>&#8211; FLORE VAGINALE \u00c9QUILIBR\u00c9E PROBION : Compl\u00e9ment alimentaire naturel \u00e0 base de probiotiques et de pr\u00e9biotiques Lactobacillus, contribuant \u00e0 favoriser le bien-\u00eatre de la flore bact\u00e9rienne vaginale et \u00e0 r\u00e9tablir son \u00e9quilibre originel<br \/>\n&#8211; FORMULE : A base de probiotiques et de pr\u00e9biotiques pour l&#8217;\u00e9quilibre de la flore bact\u00e9rienne vaginale. Le Lactobacillus Crispatus adh\u00e8re \u00e0 l&#8217;\u00e9pith\u00e9lium vaginal et combat les bact\u00e9ries nuisibles<br \/>\n&#8211; ACTION : Balance Vaginal Flora agit en r\u00e9tablissant le Ph physiologique de la muqueuse vaginale, en \u00e9vitant la prolif\u00e9ration de bact\u00e9ries qui pourraient affecter sa fonction protectrice naturelle<br \/>\n&#8211; AVANTAGES : Notre suppl\u00e9ment prot\u00e8ge des bact\u00e9ries qui causent des infections telles que la vaginite, la vulvovaginite ou les infections urinaires r\u00e9currentes, et aide \u00e0 soulager les sympt\u00f4mes tels que les br\u00fblures et les irritations<br \/>\n&#8211; MODE D&#8217;EMPLOI : Prendre 1 ou 2 g\u00e9lules par jour \u00e0 distance des repas. En cas de malaise, prendre 4 capsules par jour en dehors des repas pendant les 7 premiers jours, puis 1 ou 2 capsules par jour<\/p>\n","protected":false},"excerpt":{"rendered":"<p>publicit\u00e9<br \/>\nPROBION | Probiotique Flore Intime | \u00c9quilibre De La Vaginale | Suppl\u00e9ment Alimentaire| Aide \u00c0 Promouvoir Le Bien-\u00catre De La Flore Bact\u00e9rienne Vaginale | 30 Capsules<\/p>\n","protected":false},"featured_media":210,"comment_status":"open","ping_status":"closed","template":"","meta":[],"product_cat":[15],"product_tag":[],"class_list":{"0":"post-211","1":"product","2":"type-product","3":"status-publish","4":"has-post-thumbnail","6":"product_cat-sin-categorizar","7":"nodate","8":"item-wrap","10":"first","11":"instock","12":"shipping-taxable","13":"product-type-external"},"_links":{"self":[{"href":"https:\/\/lofimusic.com.es\/index.php\/wp-json\/wp\/v2\/product\/211","targetHints":{"allow":["GET"]}}],"collection":[{"href":"https:\/\/lofimusic.com.es\/index.php\/wp-json\/wp\/v2\/product"}],"about":[{"href":"https:\/\/lofimusic.com.es\/index.php\/wp-json\/wp\/v2\/types\/product"}],"replies":[{"embeddable":true,"href":"https:\/\/lofimusic.com.es\/index.php\/wp-json\/wp\/v2\/comments?post=211"}],"wp:featuredmedia":[{"embeddable":true,"href":"https:\/\/lofimusic.com.es\/index.php\/wp-json\/wp\/v2\/media\/210"}],"wp:attachment":[{"href":"https:\/\/lofimusic.com.es\/index.php\/wp-json\/wp\/v2\/media?parent=211"}],"wp:term":[{"taxonomy":"product_cat","embeddable":true,"href":"https:\/\/lofimusic.com.es\/index.php\/wp-json\/wp\/v2\/product_cat?post=211"},{"taxonomy":"product_tag","embeddable":true,"href":"https:\/\/lofimusic.com.es\/index.php\/wp-json\/wp\/v2\/product_tag?post=211"}],"curies":[{"name":"wp","href":"https:\/\/api.w.org\/{rel}","templated":true}]}}