{"id":209,"date":"2024-09-13T16:57:04","date_gmt":"2024-09-13T16:57:04","guid":{"rendered":"https:\/\/lofimusic.com.es\/index.php\/producto\/b0d2tgxsn1_it\/"},"modified":"2024-09-13T16:57:04","modified_gmt":"2024-09-13T16:57:04","slug":"b0d2tgxsn1_it","status":"publish","type":"product","link":"https:\/\/lofimusic.com.es\/index.php\/producto\/b0d2tgxsn1_it\/","title":{"rendered":"B0D2TGXSN1_IT"},"content":{"rendered":"<p>&#8211; \u3010Collare Anti abbaio per Cani di Piccola Taglia\u3011Piccolo e leggero, perfetto per i cani di piccola taglia, peso del collare anti abbaio: 49 g con dimensioni del collo da 20 a 54 cm, non solo per cani di piccola taglia, ma anche per cani di media taglia.<br \/>\n&#8211; \u3010Collare Anti abbaio per Cani con 3 Modalit\u00e0 di Addestramento\u3011Il collare anti abbaio \u00e8 dotato di 3 modalit\u00e0 operative per soddisfare le vostre specifiche esigenze di addestramento anti abbaio, garantendo la facilit\u00e0 d&#8217;uso. Modalit\u00e0 Beep &amp; Vibrazione: adatta ai cani sensibili. Modalit\u00e0 Beep co Vibrazione: altamente efficace per i cani pi\u00f9 ostinati. Si prega di dare al vostro amico peloso un po&#8217; di tempo per abituarsi al prodotto, che all&#8217;inizio potrebbe essere spaventoso per loro.<br \/>\n&#8211; \u3010Intelligente Collare Abbaiano per Cani\u3011Grazie agli avanzati sensori fisici di vibrazione, il collare per abbaiare previene efficacemente le attivazioni involontarie, evitando inutili punizioni al cane. Inoltre, il collare abbaia \u00e8 dotato di una modalit\u00e0 di protezione intelligente che attiva automaticamente un periodo di protezione di 60 secondi dopo 7 stimolazioni consecutive, evitando di causare danni eccessivi al cane.<br \/>\n&#8211; \u3010Collare Antiabbaio di Piccola Taglia Ricaricabile e Impermeabile\u3011 Il collare per cani di piccola taglia \u00e8 ricaricabile con il tipo C, funzionamento semplice e carica stabile, carica completa in 2 ore e funziona per circa 15 giorni. Collare di abbaio per cani di media taglia con design impermeabile IP67, si pu\u00f2 godere di tempo di formazione con il vostro cane ovunque.<br \/>\n&#8211; \u3010Collare Antiabbaio per Cani con 7 livelli di Regolazione della Sensibilit\u00e0\u3011 Per i diversi scenari di utilizzo e le abitudini dei cani, abbiamo progettato una gamma di regolazione della sensibilit\u00e0 a 7 livelli. Quando l&#8217;ambiente esterno \u00e8 rumoroso, consigliamo ai proprietari di animali di utilizzare il livello basso, mentre quando l&#8217;ambiente esterno \u00e8 pi\u00f9 tranquillo, \u00e8 possibile impostare la sensibilit\u00e0 appropriata in base al suono dell&#8217;abbaio del cane.<\/p>\n","protected":false},"excerpt":{"rendered":"<p>pubblicit\u00e0<br \/>\nPcEoTllar Collare Antiabbaio per Cani, Collare Vibrante per Stop all&#8217;abbaiare, Ricaricabile Collare Elettrico per Cani di Piccola Media Grande Taglia, Suono\/Vibrazione\/Suono+Vibrazione, Nero<\/p>\n","protected":false},"featured_media":208,"comment_status":"open","ping_status":"closed","template":"","meta":[],"product_cat":[15],"product_tag":[],"class_list":{"0":"post-209","1":"product","2":"type-product","3":"status-publish","4":"has-post-thumbnail","6":"product_cat-sin-categorizar","7":"nodate","8":"item-wrap","10":"first","11":"instock","12":"shipping-taxable","13":"product-type-external"},"_links":{"self":[{"href":"https:\/\/lofimusic.com.es\/index.php\/wp-json\/wp\/v2\/product\/209","targetHints":{"allow":["GET"]}}],"collection":[{"href":"https:\/\/lofimusic.com.es\/index.php\/wp-json\/wp\/v2\/product"}],"about":[{"href":"https:\/\/lofimusic.com.es\/index.php\/wp-json\/wp\/v2\/types\/product"}],"replies":[{"embeddable":true,"href":"https:\/\/lofimusic.com.es\/index.php\/wp-json\/wp\/v2\/comments?post=209"}],"wp:featuredmedia":[{"embeddable":true,"href":"https:\/\/lofimusic.com.es\/index.php\/wp-json\/wp\/v2\/media\/208"}],"wp:attachment":[{"href":"https:\/\/lofimusic.com.es\/index.php\/wp-json\/wp\/v2\/media?parent=209"}],"wp:term":[{"taxonomy":"product_cat","embeddable":true,"href":"https:\/\/lofimusic.com.es\/index.php\/wp-json\/wp\/v2\/product_cat?post=209"},{"taxonomy":"product_tag","embeddable":true,"href":"https:\/\/lofimusic.com.es\/index.php\/wp-json\/wp\/v2\/product_tag?post=209"}],"curies":[{"name":"wp","href":"https:\/\/api.w.org\/{rel}","templated":true}]}}