{"id":203,"date":"2024-09-13T16:53:04","date_gmt":"2024-09-13T16:53:04","guid":{"rendered":"https:\/\/lofimusic.com.es\/index.php\/producto\/b0d4ly5hqg_fr\/"},"modified":"2024-09-13T16:53:04","modified_gmt":"2024-09-13T16:53:04","slug":"b0d4ly5hqg_fr","status":"publish","type":"product","link":"https:\/\/lofimusic.com.es\/index.php\/producto\/b0d4ly5hqg_fr\/","title":{"rendered":"B0D4LY5HQG_FR"},"content":{"rendered":"<p>&#8211; \u3010 Technologie \u00e0 double puce 2024\u3011: cette ultrason pour souris utilise les doubles puces ultrasoniques et \u00e9lectromagn\u00e9tiques qui travaillent en m\u00eame temps pour d\u00e9sorienter l&#8217;audition et le syst\u00e8me nerveux des parasites pour les \u00e9loigner rapidement et avec force. Il peut \u00e9loigner la plupart des types de parasites volants et rampants tels que les souris, les moustiques, les araign\u00e9es, les punaises de lit, les cafards, les puces, les fourmis, les moucherons de fruits, etc.<br \/>\n&#8211; \u3010 Facile \u00e0 utiliser \u3011: il suffit de brancher le anti-moustiques \u00e0 ultrasons des parasites \u00e0 la prise \u00e0 30 \u2013 150 cm du sol et assurez-vous qu&#8217;il n&#8217;y a pas de barri\u00e8res comme les rideaux ou les armoires qui couvrent devant le r\u00e9pulsif. La plupart des clients peuvent voir les r\u00e9sultats dans les 3-4 semaines. Alors nous pouvons dire adieu aux parasites et aux souris.<br \/>\n&#8211; \u3010Large zone de couverture et facilit\u00e9 d&#8217;utilisation\u3011 : le contr\u00f4le des parasites \u00e0 ultrasons est efficace pour une zone jusqu&#8217;\u00e0 100 m carr\u00e9s. Il suffit de brancher le r\u00e9pulsif et d&#8217;allumer l&#8217;alimentation. Large zone d&#8217;utilisation, utilisez ce r\u00e9pulsif pour les parasites dans votre maison, entrep\u00f4t, bureau, jardin, h\u00f4tel, restaurant, bar, etc. Et oubliez les parasites.<br \/>\n&#8211; \u3010Satisfait ou rembours\u00e9 \u3011 : le r\u00e9pulsif \u00e0 ultrasons est dot\u00e9 d&#8217;une garantie \u00e0 vie. Si vous ne voyez pas d&#8217;am\u00e9liorations en 4 semaines, vous serez rembours\u00e9 \u00e0 100%. En moyenne, il peut prendre 4 \u00e0 5 semaines pour voir les r\u00e9sultats (d\u00e9pend de la texture de l&#8217;infestation).<br \/>\n&#8211; \u3010100% s\u00fbr et efficace \u3011 : le produit est imperceptible \u00e0 l&#8217;oreille humaine et \u00e0 l&#8217;audition de nos animaux domestiques. N&#8217;utilise pas de produits chimiques, il est inodore et non toxique. Notre appareil chasse les insectes et les rongeurs en lui cr\u00e9ant un environnement d\u00e9favorable. Pour des infestations plus importantes, les r\u00e9sultats peuvent prendre plusieurs semaines.<\/p>\n","protected":false},"excerpt":{"rendered":"<p>publicit\u00e9<br \/>\nR\u00e9pulsif Ultrason moustiques, R\u00e9pulsif Ultrasons Anti Rongeur,Ultrason Souris Et Rats,Loirs &#8211; Alternative Efficace aux Pi\u00e8ges \u00e0 Souris ou au Raticide,Repulsif Moustique (4 Paquets)<\/p>\n","protected":false},"featured_media":202,"comment_status":"open","ping_status":"closed","template":"","meta":[],"product_cat":[15],"product_tag":[],"class_list":{"0":"post-203","1":"product","2":"type-product","3":"status-publish","4":"has-post-thumbnail","6":"product_cat-sin-categorizar","7":"nodate","8":"item-wrap","10":"first","11":"instock","12":"shipping-taxable","13":"product-type-external"},"_links":{"self":[{"href":"https:\/\/lofimusic.com.es\/index.php\/wp-json\/wp\/v2\/product\/203","targetHints":{"allow":["GET"]}}],"collection":[{"href":"https:\/\/lofimusic.com.es\/index.php\/wp-json\/wp\/v2\/product"}],"about":[{"href":"https:\/\/lofimusic.com.es\/index.php\/wp-json\/wp\/v2\/types\/product"}],"replies":[{"embeddable":true,"href":"https:\/\/lofimusic.com.es\/index.php\/wp-json\/wp\/v2\/comments?post=203"}],"wp:featuredmedia":[{"embeddable":true,"href":"https:\/\/lofimusic.com.es\/index.php\/wp-json\/wp\/v2\/media\/202"}],"wp:attachment":[{"href":"https:\/\/lofimusic.com.es\/index.php\/wp-json\/wp\/v2\/media?parent=203"}],"wp:term":[{"taxonomy":"product_cat","embeddable":true,"href":"https:\/\/lofimusic.com.es\/index.php\/wp-json\/wp\/v2\/product_cat?post=203"},{"taxonomy":"product_tag","embeddable":true,"href":"https:\/\/lofimusic.com.es\/index.php\/wp-json\/wp\/v2\/product_tag?post=203"}],"curies":[{"name":"wp","href":"https:\/\/api.w.org\/{rel}","templated":true}]}}