{"id":201,"date":"2024-09-13T16:51:04","date_gmt":"2024-09-13T16:51:04","guid":{"rendered":"https:\/\/lofimusic.com.es\/index.php\/producto\/b0d7pzbwzg_it\/"},"modified":"2024-09-13T16:51:04","modified_gmt":"2024-09-13T16:51:04","slug":"b0d7pzbwzg_it","status":"publish","type":"product","link":"https:\/\/lofimusic.com.es\/index.php\/producto\/b0d7pzbwzg_it\/","title":{"rendered":"B0D7PZBWZG_IT"},"content":{"rendered":"<p>&#8211; \u2605\ud83d\udc2d Sicurezza \u2605 Adottando la tecnologia pi\u00f9 recente, questo repellente per topi emette diverse frequenze di onda ultrasonica per irritare il sistema nervoso di insetti e ratti, facendoli sentire a disagio e fuggire via gradualmente. Cambiamenti intermittenti nella frequenza degli ultrasuoni impedisce loro di sviluppare immunit\u00e0 e adattabilit\u00e0. Utilizzare ultrasuoni per guidare roditori, efficaci e non tossici, non poser\u00e0 una minaccia per la salute<br \/>\n&#8211; \u2605\ud83d\udc2d Buona qualit\u00e0 \u2605 La buona qualit\u00e0 \u00e8 inseparabile dai materiali migliori: la scocca principale \u00e8 fatta di materiale ABS ignifugo, che ha una forte resistenza alle alte temperature e durata garantita.<br \/>\n&#8211; \u2605\ud83d\udc2d Evita l&#8217;attacco di auto \u2605 Piccoli animali e roditori possono masticare attraverso i fili, ponendo un pericolo per la sicurezza per gli automobilisti. Evita che gli animali fastidiosi danneggino le parti dell&#8217;auto e facciano del male a se stessi o agli altri.<br \/>\n&#8211; \u2605\ud83d\udc2d Guardiano di lunga durata 24 ore su 24 \u2605 La tecnologia ultrasonica allontana silenziosamente i topi, facile da trasportare e una piccola batteria \u00e8 sufficiente. Pu\u00f2 caricare con adattatore USB, installare batterie, collegare l&#8217;alimentazione del veicolo (conveniente e tre scelte)<br \/>\n&#8211; \u2605\ud83d\udc2d Efficace dispositivo domestico\u2605: Poich\u00e9 ratti, topi, martore, scoiattoli, scoiattoli e altri roditori distruttivi spesso riparano in un angolo nascosto e danneggiano la vostra propriet\u00e0. Questo repeller per roditori per motori auto pu\u00f2 disturbare il sistema nervoso centrale dei roditori con le luci a ultrasuoni ad alta frequenza che cambiano e LED stroboscopiche<\/p>\n","protected":false},"excerpt":{"rendered":"<p>pubblicit\u00e0<br \/>\nRepellente per Topi,Repellente per roditori a conversione di frequenza ultrasonica Intelligente,Repellente portatile per roditori a ultrasuoni,Adatto per Topi,donnola gialla,Raccoon, Roditori<\/p>\n","protected":false},"featured_media":200,"comment_status":"open","ping_status":"closed","template":"","meta":[],"product_cat":[15],"product_tag":[],"class_list":{"0":"post-201","1":"product","2":"type-product","3":"status-publish","4":"has-post-thumbnail","6":"product_cat-sin-categorizar","7":"nodate","8":"item-wrap","10":"first","11":"instock","12":"shipping-taxable","13":"product-type-external"},"_links":{"self":[{"href":"https:\/\/lofimusic.com.es\/index.php\/wp-json\/wp\/v2\/product\/201","targetHints":{"allow":["GET"]}}],"collection":[{"href":"https:\/\/lofimusic.com.es\/index.php\/wp-json\/wp\/v2\/product"}],"about":[{"href":"https:\/\/lofimusic.com.es\/index.php\/wp-json\/wp\/v2\/types\/product"}],"replies":[{"embeddable":true,"href":"https:\/\/lofimusic.com.es\/index.php\/wp-json\/wp\/v2\/comments?post=201"}],"wp:featuredmedia":[{"embeddable":true,"href":"https:\/\/lofimusic.com.es\/index.php\/wp-json\/wp\/v2\/media\/200"}],"wp:attachment":[{"href":"https:\/\/lofimusic.com.es\/index.php\/wp-json\/wp\/v2\/media?parent=201"}],"wp:term":[{"taxonomy":"product_cat","embeddable":true,"href":"https:\/\/lofimusic.com.es\/index.php\/wp-json\/wp\/v2\/product_cat?post=201"},{"taxonomy":"product_tag","embeddable":true,"href":"https:\/\/lofimusic.com.es\/index.php\/wp-json\/wp\/v2\/product_tag?post=201"}],"curies":[{"name":"wp","href":"https:\/\/api.w.org\/{rel}","templated":true}]}}