{"id":199,"date":"2024-09-13T16:49:05","date_gmt":"2024-09-13T16:49:05","guid":{"rendered":"https:\/\/lofimusic.com.es\/index.php\/producto\/b0cwlp4yjj_de\/"},"modified":"2024-09-13T16:49:05","modified_gmt":"2024-09-13T16:49:05","slug":"b0cwlp4yjj_de","status":"publish","type":"product","link":"https:\/\/lofimusic.com.es\/index.php\/producto\/b0cwlp4yjj_de\/","title":{"rendered":"B0CWLP4YJJ_DE"},"content":{"rendered":"<p>&#8211; Set mit 3 Sichtschutz Schutzfolie f\u00fcr iPhone 14, iPhone 13, 13 Pro (6,1 Zoll). H\u00e4rtegrad 9H, Kratzfestigkeit, Gleichgewicht zwischen Privatsph\u00e4re und Augenschutz<br \/>\n&#8211; Bietet einen zus\u00e4tzlichen Schutz der Privatsph\u00e4re: Der erweiterte Blickschutzfilter blockiert die Betrachtung aus jedem Winkel von mehr als 35\u00b0, sodass der Bildschirminhalt Ihres iPhone 14, iPhone 13, 13 Pro (6,1 Zoll) nur f\u00fcr Ihre Augen sichtbar ist<br \/>\n&#8211; Die Blickschutzfolie Anti-Sp\u00e4hen kann die Privatsph\u00e4re der Daten auf dem Bildschirm sch\u00fctzen. Reduziert den Betrachtungswinkel, um neugierige Blicke zu verhindern. H\u00e4lt vertrauliche Informationen au\u00dferhalb der Sichtweite Dritter.<br \/>\n&#8211; Oleophob: Eine Beschichtung, die Fingerabdr\u00fccke und andere Verunreinigungen verhindert und das Glas sehr leicht zu reinigen macht.<br \/>\n&#8211; Ideale Anti-Bruch-L\u00f6sung: Extrem hohe H\u00e4rte, sch\u00fctzt den Telefonbildschirm vor St\u00f6\u00dfen und versehentlichen Besch\u00e4digungen. Staubfrei, frei von Fingerabdr\u00fccken, One-Push-Button, einfache Installation, blasenfrei.<\/p>\n","protected":false},"excerpt":{"rendered":"<p>Werbung<br \/>\nNEW&#8217;C 3 St\u00fcck, Sichtschutz Panzer Schutz Glas f\u00fcr iPhone 14, 13, 13 Pro (6,1 Zoll), Ausgewogener 35-Grad-schutzwinkel mit Augenschutz, Ultra-Haltbare 9H H\u00e4rte, Blasenfrei<\/p>\n","protected":false},"featured_media":198,"comment_status":"open","ping_status":"closed","template":"","meta":[],"product_cat":[15],"product_tag":[],"class_list":{"0":"post-199","1":"product","2":"type-product","3":"status-publish","4":"has-post-thumbnail","6":"product_cat-sin-categorizar","7":"nodate","8":"item-wrap","10":"first","11":"instock","12":"shipping-taxable","13":"product-type-external"},"_links":{"self":[{"href":"https:\/\/lofimusic.com.es\/index.php\/wp-json\/wp\/v2\/product\/199","targetHints":{"allow":["GET"]}}],"collection":[{"href":"https:\/\/lofimusic.com.es\/index.php\/wp-json\/wp\/v2\/product"}],"about":[{"href":"https:\/\/lofimusic.com.es\/index.php\/wp-json\/wp\/v2\/types\/product"}],"replies":[{"embeddable":true,"href":"https:\/\/lofimusic.com.es\/index.php\/wp-json\/wp\/v2\/comments?post=199"}],"wp:featuredmedia":[{"embeddable":true,"href":"https:\/\/lofimusic.com.es\/index.php\/wp-json\/wp\/v2\/media\/198"}],"wp:attachment":[{"href":"https:\/\/lofimusic.com.es\/index.php\/wp-json\/wp\/v2\/media?parent=199"}],"wp:term":[{"taxonomy":"product_cat","embeddable":true,"href":"https:\/\/lofimusic.com.es\/index.php\/wp-json\/wp\/v2\/product_cat?post=199"},{"taxonomy":"product_tag","embeddable":true,"href":"https:\/\/lofimusic.com.es\/index.php\/wp-json\/wp\/v2\/product_tag?post=199"}],"curies":[{"name":"wp","href":"https:\/\/api.w.org\/{rel}","templated":true}]}}