{"id":197,"date":"2024-09-13T16:49:04","date_gmt":"2024-09-13T16:49:04","guid":{"rendered":"https:\/\/lofimusic.com.es\/index.php\/producto\/b0cskbbclp_fr\/"},"modified":"2024-09-13T16:49:04","modified_gmt":"2024-09-13T16:49:04","slug":"b0cskbbclp_fr","status":"publish","type":"product","link":"https:\/\/lofimusic.com.es\/index.php\/producto\/b0cskbbclp_fr\/","title":{"rendered":"B0CSKBBCLP_FR"},"content":{"rendered":"<p>&#8211; \u2728 \u3010Haute qualit\u00e9\u3011 Le salon cr\u00e8me cosm\u00e9tique en Las brun avec le couvercle est en verre de haute qualit\u00e9, est sans BPA, durable et r\u00e9utilisable. Est tourn\u00e9 arbitrairement de 360 \u200b\u200bdegr\u00e9s.<br \/>\n&#8211; \u2728 \u3010Package\u3011 L&#8217;ensemble se compose de 6 liens teint\u00e9s marron. Chaque canne \u00e0 cr\u00e8me pour le remplissage est soigneusement emball\u00e9e dans un joli emballage protecteur. Le verre de pommades a un bouchon \u00e0 vis et une couverture int\u00e9rieure blanche et une petite cuill\u00e8re, optimale comme des doses vides pour se remplir de cr\u00e8mes, de onguents, d&#8217;huiles essentielles et bien plus encore!<br \/>\n&#8211; \u2728 \u3010Protection UV\u3011 Las bruns avec les couvercles Gardez la consistance de vos produits cosm\u00e9tiques et vous prot\u00e9gez des dommages par la lumi\u00e8re directe du soleil ou la chaleur. Les bo\u00eetes salb en verre sont id\u00e9ales pour votre armoire \u00e0 pharmacie ou le rebord de la fen\u00eatre dans la salle de bain. Le verre teint\u00e9 prot\u00e8ge les parfums ou les cr\u00e8mes, etc. de la d\u00e9coloration. Les lieux de verre sont \u00e9galement id\u00e9aux comme r\u00e9cipient de voyage pour le remplissage ou comme accessoires d&#8217;huile essentiel!<br \/>\n&#8211; \u2728 \u3010Conception pratique\u3011 Lumi\u00e8re cr\u00e8me et compacte, commode \u00e0 utiliser et \u00e0 transporter. L&#8217;ouverture large facilite l&#8217;insertion ou l&#8217;\u00e9limination des produits et est donc un excellent choix pour les cosm\u00e9tiques, les lotions, les cr\u00e8mes, les soins personnels et les produits capillaires. Facile \u00e0 d\u00e9monter et \u00e0 remplir \u00e0 nouveau. Nous offrons une garantie \u00e0 100% sur notre petit r\u00e9cipient de cr\u00e8me Braunglas Crucible. Si vous avez des probl\u00e8mes avec notre produit, faites-le nous savoir!<br \/>\n&#8211; \u2728 \u3010Application de largeur\u3011 Convient pour do -it -ylselfers. Ces verres d\u00e9coratifs sont parfaits pour le beurre corporel, les pelures, les cr\u00e8mes, les lotions, les masques capillaires, les sels de baignade, les produits de r\u00e9novation et plus encore. Les grandes verres vides sont id\u00e9ales pour stocker les cosm\u00e9tiques, les produits de beaut\u00e9, les herbes, les \u00e9pices dans la cuisine et la salle de bain id\u00e9ales pour un usage professionnel ou personnel.<\/p>\n","protected":false},"excerpt":{"rendered":"<p>publicit\u00e9<br \/>\nYQBFTC 50g\/50ml Pots Verre Ambre, 6PCS Contenants Cosm\u00e9tiques,r\u00e9cipients vides rechargeables pour Cr\u00e8me, \u00c9chantillons, Poudre, Baume \u00e0 L\u00e8vres<\/p>\n","protected":false},"featured_media":196,"comment_status":"open","ping_status":"closed","template":"","meta":[],"product_cat":[15],"product_tag":[],"class_list":{"0":"post-197","1":"product","2":"type-product","3":"status-publish","4":"has-post-thumbnail","6":"product_cat-sin-categorizar","7":"nodate","8":"item-wrap","10":"first","11":"instock","12":"shipping-taxable","13":"product-type-external"},"_links":{"self":[{"href":"https:\/\/lofimusic.com.es\/index.php\/wp-json\/wp\/v2\/product\/197","targetHints":{"allow":["GET"]}}],"collection":[{"href":"https:\/\/lofimusic.com.es\/index.php\/wp-json\/wp\/v2\/product"}],"about":[{"href":"https:\/\/lofimusic.com.es\/index.php\/wp-json\/wp\/v2\/types\/product"}],"replies":[{"embeddable":true,"href":"https:\/\/lofimusic.com.es\/index.php\/wp-json\/wp\/v2\/comments?post=197"}],"wp:featuredmedia":[{"embeddable":true,"href":"https:\/\/lofimusic.com.es\/index.php\/wp-json\/wp\/v2\/media\/196"}],"wp:attachment":[{"href":"https:\/\/lofimusic.com.es\/index.php\/wp-json\/wp\/v2\/media?parent=197"}],"wp:term":[{"taxonomy":"product_cat","embeddable":true,"href":"https:\/\/lofimusic.com.es\/index.php\/wp-json\/wp\/v2\/product_cat?post=197"},{"taxonomy":"product_tag","embeddable":true,"href":"https:\/\/lofimusic.com.es\/index.php\/wp-json\/wp\/v2\/product_tag?post=197"}],"curies":[{"name":"wp","href":"https:\/\/api.w.org\/{rel}","templated":true}]}}