{"id":193,"date":"2024-09-13T16:45:05","date_gmt":"2024-09-13T16:45:05","guid":{"rendered":"https:\/\/lofimusic.com.es\/index.php\/producto\/b0d7prkthx_it\/"},"modified":"2024-09-13T16:45:05","modified_gmt":"2024-09-13T16:45:05","slug":"b0d7prkthx_it","status":"publish","type":"product","link":"https:\/\/lofimusic.com.es\/index.php\/producto\/b0d7prkthx_it\/","title":{"rendered":"B0D7PRKTHX_IT"},"content":{"rendered":"<p>&#8211; [Materiale] &#8211; La cover \u00e8 realizzata in TPU, un materiale simile al silicone, morbido e resistente, che offre una piacevole sensazione tattile.<br \/>\n&#8211; [Posizione precisa dei fori] &#8211; Abbiamo ritagliato dei fori per tutti i pulsanti utili, come la fotocamera, il jack per le cuffie, la ricarica, l&#8217;altoparlante, lo sblocco delle impronte digitali e il microfono. In questo modo non \u00e8 necessario rimuovere la cover per utilizzare tutte le funzioni del telefono.<br \/>\n&#8211; [Vetro Temperato Pellicola Protettiva] &#8211; La pellicola protettiva per Xiaomi Redmi 13 4G \u00e8 realizzata con un adesivo di alta qualit\u00e0, in grado di assorbire automaticamente e adattarsi facilmente allo schermo, rendendone molto semplice l&#8217;installazione. La superficie della pellicola protettiva \u00e8 inoltre trattata con un rivestimento al plasma oleofobico, che \u00e8 molto liscio e impedisce efficacemente a sudore e grasso di lasciare impronte digitali.<br \/>\n&#8211; [Cover ultra trasparente] &#8211; Il cover \u00e8 realizzato in materiale trasparente HD di alta qualit\u00e0, che ripristina la bellezza originale del telefono. \u00c8 inoltre antiossidante e resistente a graffi e cadute e offre una presa confortevole.<br \/>\n&#8211; [Supporto professionale] &#8211; Questa cover e pellicola protettiva per Xiaomi Redmi 13 4G pu\u00f2 essere utilizzata per almeno 3 o 4 mesi. Se \u00e8 rotto durante questo periodo, potete contattarci in qualsiasi momento, rimborseremo il vostro pagamento. Se avete domande sull&#8217;articolo o sul nostro negozio, non esitate a contattarci, vi forniremo il miglior servizio.<\/p>\n","protected":false},"excerpt":{"rendered":"<p>pubblicit\u00e0<br \/>\nCover Compatibile con Xiaomi Redmi 13 4G \/ Poco M6 (4G), con 3 Pezzi Vetro Temperato Pellicola Protettiva + 1 Cordone, Morbido TPU, Antigraffio e Antiurto Custodia (Nero)<\/p>\n","protected":false},"featured_media":191,"comment_status":"open","ping_status":"closed","template":"","meta":[],"product_cat":[15],"product_tag":[],"class_list":{"0":"post-193","1":"product","2":"type-product","3":"status-publish","4":"has-post-thumbnail","6":"product_cat-sin-categorizar","7":"nodate","8":"item-wrap","10":"first","11":"instock","12":"shipping-taxable","13":"product-type-external"},"_links":{"self":[{"href":"https:\/\/lofimusic.com.es\/index.php\/wp-json\/wp\/v2\/product\/193","targetHints":{"allow":["GET"]}}],"collection":[{"href":"https:\/\/lofimusic.com.es\/index.php\/wp-json\/wp\/v2\/product"}],"about":[{"href":"https:\/\/lofimusic.com.es\/index.php\/wp-json\/wp\/v2\/types\/product"}],"replies":[{"embeddable":true,"href":"https:\/\/lofimusic.com.es\/index.php\/wp-json\/wp\/v2\/comments?post=193"}],"wp:featuredmedia":[{"embeddable":true,"href":"https:\/\/lofimusic.com.es\/index.php\/wp-json\/wp\/v2\/media\/191"}],"wp:attachment":[{"href":"https:\/\/lofimusic.com.es\/index.php\/wp-json\/wp\/v2\/media?parent=193"}],"wp:term":[{"taxonomy":"product_cat","embeddable":true,"href":"https:\/\/lofimusic.com.es\/index.php\/wp-json\/wp\/v2\/product_cat?post=193"},{"taxonomy":"product_tag","embeddable":true,"href":"https:\/\/lofimusic.com.es\/index.php\/wp-json\/wp\/v2\/product_tag?post=193"}],"curies":[{"name":"wp","href":"https:\/\/api.w.org\/{rel}","templated":true}]}}